{"id":159,"date":"2026-01-18T19:19:07","date_gmt":"2026-01-18T19:19:07","guid":{"rendered":"https:\/\/familylawnb.ca\/?page_id=159"},"modified":"2026-03-30T23:13:24","modified_gmt":"2026-03-30T23:13:24","slug":"linteret-superieur-de-enfant","status":"publish","type":"page","link":"https:\/\/familylawnb.ca\/fr\/info-legale\/responsabilites-parentales-apres-une-separation\/linteret-superieur-de-enfant\/","title":{"rendered":"L&rsquo;int\u00e9r\u00eat sup\u00e9rieur de l&rsquo;enfant"},"content":{"rendered":"<p><div class=\"fusion-fullwidth fullwidth-box fusion-builder-row-1 fusion-flex-container has-pattern-background has-mask-background nonhundred-percent-fullwidth non-hundred-percent-height-scrolling\" style=\"--awb-border-radius-top-left:0px;--awb-border-radius-top-right:0px;--awb-border-radius-bottom-right:0px;--awb-border-radius-bottom-left:0px;--awb-flex-wrap:wrap;\" ><div class=\"fusion-builder-row fusion-row fusion-flex-align-items-flex-start fusion-flex-content-wrap\" style=\"max-width:1729.52px;margin-left: calc(-4% \/ 2 );margin-right: calc(-4% \/ 2 );\"><div class=\"fusion-layout-column fusion_builder_column fusion-builder-column-0 fusion_builder_column_1_1 1_1 fusion-flex-column\" style=\"--awb-bg-size:cover;--awb-width-large:100%;--awb-margin-top-large:0px;--awb-spacing-right-large:1.92%;--awb-margin-bottom-large:20px;--awb-spacing-left-large:1.92%;--awb-width-medium:100%;--awb-order-medium:0;--awb-spacing-right-medium:1.92%;--awb-spacing-left-medium:1.92%;--awb-width-small:100%;--awb-order-small:0;--awb-spacing-right-small:1.92%;--awb-spacing-left-small:1.92%;\"><div class=\"fusion-column-wrapper fusion-column-has-shadow fusion-flex-justify-content-flex-start fusion-content-layout-column\"><div class=\"fusion-title title fusion-title-1 fusion-sep-none fusion-title-text fusion-title-size-one\"><h1 class=\"fusion-title-heading title-heading-left\" style=\"margin:0;\">L&rsquo;int\u00e9r\u00eat sup\u00e9rieur de l&rsquo;enfant<\/h1><\/div><\/div><\/div><\/div><\/div><div class=\"fusion-fullwidth fullwidth-box fusion-builder-row-2 fusion-flex-container has-pattern-background has-mask-background nonhundred-percent-fullwidth non-hundred-percent-height-scrolling\" style=\"--awb-border-radius-top-left:0px;--awb-border-radius-top-right:0px;--awb-border-radius-bottom-right:0px;--awb-border-radius-bottom-left:0px;--awb-flex-wrap:wrap;\" ><div class=\"fusion-builder-row fusion-row fusion-flex-align-items-flex-start fusion-flex-content-wrap\" style=\"max-width:1729.52px;margin-left: calc(-4% \/ 2 );margin-right: calc(-4% \/ 2 );\"><div class=\"fusion-layout-column fusion_builder_column fusion-builder-column-1 fusion_builder_column_1_1 1_1 fusion-flex-column\" style=\"--awb-bg-size:cover;--awb-width-large:100%;--awb-margin-top-large:0px;--awb-spacing-right-large:1.92%;--awb-margin-bottom-large:20px;--awb-spacing-left-large:1.92%;--awb-width-medium:100%;--awb-order-medium:0;--awb-spacing-right-medium:1.92%;--awb-spacing-left-medium:1.92%;--awb-width-small:100%;--awb-order-small:0;--awb-spacing-right-small:1.92%;--awb-spacing-left-small:1.92%;\"><div class=\"fusion-column-wrapper fusion-column-has-shadow fusion-flex-justify-content-flex-start fusion-content-layout-column\"><div class=\"fusion-text fusion-text-1\"><p>\u00ab\u00a0L\u2019int\u00e9r\u00eat sup\u00e9rieur de l\u2019enfant\u00a0\u00bb est un r\u00e8gle l\u00e9gale qui explique comment les adultes doivent prendre les d\u00e9cisions en mati\u00e8re de droit familiale concernant les enfants.<\/p>\n<p>Lorsque la cour prend une d\u00e9cision importante concernant un enfant, comme une ordonnance parentale ou une ordonnance de contact, sa premi\u00e8re et seule priorit\u00e9 doit \u00eatre l\u2019int\u00e9r\u00eat sup\u00e9rieur de l\u2019enfant. \u00a0Les parents doivent aussi donner priorit\u00e9 \u00e0 l\u2019int\u00e9r\u00eat de l\u2019enfant lorsu\u2019ils \u00e9tablissent des accords parentaux et prennent d\u2019autres d\u00e9cisions concernant l\u2019enfant. L\u2019objectif est d\u2019assurer que les parents, les tuteurs, et la cour prennent les d\u00e9cisions qui favorisent la s\u00e9curit\u00e9, le bonheur, et le d\u00e9veloppement sain de l&rsquo;enfant.<\/p>\n<p>La loi \u00e9num\u00e8re des facteurs permettant de d\u00e9terminer ce qui est dans l&rsquo;int\u00e9r\u00eat sup\u00e9rieur de l&rsquo;enfant. La <a href=\"https:\/\/lois.gnb.ca\/fr\/document\/lc\/2020,%20c.23\"><em>Loi sur le droit de la famille<\/em><\/a> du Nouveau-Brunswick comporte une liste des facteurs permettant d\u2019identifier l\u2019int\u00e9r\u00eat sup\u00e9rieur de l\u2019enfant \u00e0 l\u2019article 50 et la <a href=\"https:\/\/laws-lois.justice.gc.ca\/fra\/lois\/d-3.4\/page-3.html#h-168819\"><em>Loi sur le divorce<\/em><\/a> du Canada \u00e9num\u00e8re ces facteurs \u00e0 l\u2019article 16.<\/p>\n<\/div><\/div><\/div><div class=\"fusion-layout-column fusion_builder_column fusion-builder-column-2 fusion_builder_column_1_1 1_1 fusion-flex-column\" style=\"--awb-bg-size:cover;--awb-width-large:100%;--awb-margin-top-large:0px;--awb-spacing-right-large:1.92%;--awb-margin-bottom-large:20px;--awb-spacing-left-large:1.92%;--awb-width-medium:100%;--awb-order-medium:0;--awb-spacing-right-medium:1.92%;--awb-spacing-left-medium:1.92%;--awb-width-small:100%;--awb-order-small:0;--awb-spacing-right-small:1.92%;--awb-spacing-left-small:1.92%;\"><div class=\"fusion-column-wrapper fusion-column-has-shadow fusion-flex-justify-content-flex-start fusion-content-layout-column\"><div class=\"accordian fusion-accordian\" style=\"--awb-border-size:1px;--awb-icon-size:36px;--awb-content-font-size:20px;--awb-icon-alignment:right;--awb-hover-color:var(--awb-color2);--awb-border-color:var(--awb-color2);--awb-background-color:var(--awb-color1);--awb-divider-color:var(--awb-color2);--awb-divider-hover-color:var(--awb-color2);--awb-icon-color:var(--awb-color2);--awb-title-color:var(--awb-color8);--awb-content-color:var(--awb-color8);--awb-icon-box-color:var(--awb-color8);--awb-toggle-hover-accent-color:var(--awb-color2);--awb-title-font-family:&quot;Montserrat&quot;;--awb-title-font-weight:700;--awb-title-font-style:normal;--awb-title-font-size:26px;--awb-content-font-family:&quot;Open Sans&quot;;--awb-content-font-style:normal;--awb-content-font-weight:400;\"><div class=\"panel-group fusion-toggle-icon-right fusion-toggle-icon-boxed\" id=\"accordion-159-1\"><div class=\"fusion-panel panel-default panel-462d0cfc13f55b059 fusion-toggle-has-divider\" style=\"--awb-title-color:var(--awb-color8);\"><div class=\"panel-heading\"><h4 class=\"panel-title toggle\" id=\"toggle_462d0cfc13f55b059\"><a aria-expanded=\"false\" aria-controls=\"462d0cfc13f55b059\" role=\"button\" data-toggle=\"collapse\" data-target=\"#462d0cfc13f55b059\" href=\"#462d0cfc13f55b059\"><span class=\"fusion-toggle-icon-wrapper\" aria-hidden=\"true\"><i class=\"fa-fusion-box active-icon awb-icon-minus\" aria-hidden=\"true\"><\/i><i class=\"fa-fusion-box inactive-icon awb-icon-plus\" aria-hidden=\"true\"><\/i><\/span><span class=\"fusion-toggle-heading\">Principaux facteurs \u00e0 consid\u00e9rer<\/span><\/a><\/h4><\/div><div id=\"462d0cfc13f55b059\" class=\"panel-collapse collapse \" aria-labelledby=\"toggle_462d0cfc13f55b059\"><div class=\"panel-body toggle-content fusion-clearfix\">\n<p>Les facteurs \u00e9num\u00e9r\u00e9s dans la <a href=\"https:\/\/lois.gnb.ca\/fr\/document\/lc\/2020,%20c.23\"><em>Loi sur le droit de la famille<\/em><\/a> du Nouveau-Brunswick et la <a href=\"https:\/\/laws-lois.justice.gc.ca\/fra\/lois\/d-3.4\/page-3.html#h-168819\"><em>Loi sur le divorce<\/em><\/a> du Canada sont tr\u00e8s similaires. L\u2019importance de ces facteurs peut varier d\u2019un enfant a l\u2019autre et selon les circonstances. Aucun de ces facteurs n&rsquo;est toujours plus important que les autres. Il s&rsquo;agit toujours de d\u00e9terminer l&rsquo;int\u00e9r\u00eat sup\u00e9rieur de l&rsquo;enfant concern\u00e9, compte tenu de sa situation et de son contexte.<\/p>\n<p>Les tribunaux, les parents et les autres adultes qui prennent des d\u00e9cisions concernant un enfant doivent prendre en compte tous ces facteurs afin de d\u00e9terminer son int\u00e9r\u00eat sup\u00e9rieur\u00a0:<\/p>\n<ul>\n<li><strong>Culture et origines :<\/strong>\n<ul>\n<li>Respecter la culture, la langue, et les croyances religieuses de l&rsquo;enfant. Par exemple, si l&rsquo;enfant est d&rsquo;une Premi\u00e8re nation, il pourrait \u00eatre important de garder son h\u00e9ritage culturel.<\/li>\n<\/ul>\n<\/li>\n<li><strong>Besoins de l&rsquo;enfant :<\/strong>\n<ul>\n<li>Prioriser les besoins de l&rsquo;enfant, en particulier la stabilit\u00e9 selon son \u00e2ge et son d\u00e9veloppement.<\/li>\n<\/ul>\n<\/li>\n<li><strong>Relations familiales :<\/strong>\n<ul>\n<li>Cultiver les relations de l&rsquo;enfant avec ses parents, fr\u00e8res et s\u0153urs, grands-parents, et autres personnes importantes.<\/li>\n<\/ul>\n<\/li>\n<li><strong>Relations avec les deux parents<\/strong>\n<ul>\n<li>Encourager chaque parent \u00e0 promouvoir une relation positive entre l&rsquo;enfant et l&rsquo;autre parent, m\u00eame apr\u00e8s la s\u00e9paration.<\/li>\n<\/ul>\n<\/li>\n<li><strong>Les soins pass\u00e9s de l&rsquo;enfant. <\/strong>\n<ul>\n<li>Consid\u00e9rer qui a pris soin de l\u2019enfant par le pass\u00e9, et qui pris soin de l\u2019enfant a ce moment. Quel impact les dispositions pass\u00e9es ont-elles eu sur l&rsquo;enfant\u00a0?<\/li>\n<\/ul>\n<\/li>\n<li><strong>Les soins futurs de l&rsquo;enfant.<\/strong>\n<ul>\n<li>\u00c9valuer les plans propos\u00e9s pour les soins de l\u2019enfant. Qui propose ces plans? Est-ce que ces plans semblent appropries et r\u00e9alistes? Privil\u00e9gient-ils les besoins de l\u2019enfant?<\/li>\n<\/ul>\n<\/li>\n<li><strong>Opinion de l&rsquo;enfant :<\/strong>\n<ul>\n<li>La Cour peut prendre en consid\u00e9rations des preuves qui d\u00e9montrent les pr\u00e9f\u00e9rences de l\u2019enfant. Elle tiendra \u00e9galement compte de son \u00e2ge et de sa maturit\u00e9. Il est important de noter que la Cour ne demandera jamais \u00e0 l\u2019enfant de t\u00e9moigner directement lors d\u2019une audience.<\/li>\n<\/ul>\n<\/li>\n<li><strong>Capacit\u00e9 des adultes soignantes<\/strong>\n<ul>\n<li>Consid\u00e9rer les circonstances des adultes qui veulent du temps parental, responsabilit\u00e9 d\u00e9cisionnelle, ou contact avec l\u2019enfant. Il est important de r\u00e9fl\u00e9chir \u00e0 leur capacit\u00e9 at \u00e0 leur volont\u00e9 de r\u00e9pondre aux besoins de l\u2019enfant et de lui prodiguer les soins appropri\u00e9s.<\/li>\n<\/ul>\n<\/li>\n<li><strong>Coop\u00e9ration<\/strong>\n<ul>\n<li>Examiner si les parents les soignants sont dispos\u00e9s \u00e0 coop\u00e9rer et communiquer entre eux, et comment cela pourrait influencer le choix d\u2019arrangements parentaux appropri\u00e9s. Par exemple, une ordonnance pr\u00e9voyant du temps parental partag\u00e9 entre les deux parents peut n\u00e9cessiter davantage de communication et de coop\u00e9ration qu\u2019une ordonnance pr\u00e9voyant que l\u2019enfant r\u00e9side principalement chez l\u2019un des deux.<\/li>\n<\/ul>\n<\/li>\n<li><strong>La violence familiale<\/strong>\n<ul>\n<li>En cas de violence familiale, examinez son impact sur le sentiment de s\u00e9curit\u00e9 et le bien-\u00eatre de l\u2019enfant.<\/li>\n<li>Identifiez les personnes s\u2019occupant de l\u2019enfant qui ont commis des violences familiales. Compte tenu de ces ant\u00e9c\u00e9dents, \u00e9valuez leur capacit\u00e9 et leur volont\u00e9 \u00e0 r\u00e9pondre aux besoins de l\u2019enfant.<\/li>\n<li>D\u00e9terminez s\u2019il serait appropri\u00e9 d\u2019obliger les personnes s\u2019occupant de l\u2019enfant \u00e0 coop\u00e9rer et \u00e0 communiquer \u00e0 son sujet, compte tenu de leurs ant\u00e9c\u00e9dents de violence familiale.<\/li>\n<\/ul>\n<\/li>\n<li><strong>Autres proc\u00e9dures judiciaires<\/strong>\n<ul>\n<li>Prendre en compte toute autre proc\u00e9dure judiciaire ou ordonnance de la cour pertinente pour le bien-\u00eatre de l\u2019enfant.<\/li>\n<\/ul>\n<\/li>\n<\/ul>\n<\/div><\/div><\/div><div class=\"fusion-panel panel-default panel-1b8bce755f360e9a1 fusion-toggle-has-divider\" style=\"--awb-title-color:var(--awb-color8);\"><div class=\"panel-heading\"><h4 class=\"panel-title toggle\" id=\"toggle_1b8bce755f360e9a1\"><a aria-expanded=\"false\" aria-controls=\"1b8bce755f360e9a1\" role=\"button\" data-toggle=\"collapse\" data-target=\"#1b8bce755f360e9a1\" href=\"#1b8bce755f360e9a1\"><span class=\"fusion-toggle-icon-wrapper\" aria-hidden=\"true\"><i class=\"fa-fusion-box active-icon awb-icon-minus\" aria-hidden=\"true\"><\/i><i class=\"fa-fusion-box inactive-icon awb-icon-plus\" aria-hidden=\"true\"><\/i><\/span><span class=\"fusion-toggle-heading\">Lorsque les parents ne s\u2019entendent pas<\/span><\/a><\/h4><\/div><div id=\"1b8bce755f360e9a1\" class=\"panel-collapse collapse \" aria-labelledby=\"toggle_1b8bce755f360e9a1\"><div class=\"panel-body toggle-content fusion-clearfix\">\n<p>Parfois, les parents ne s\u2019entendent pas concernant l\u2019int\u00e9r\u00eat sup\u00e9rieur de leurs enfants. Lorsque les parents partagent la responsabilit\u00e9 d\u00e9cisionnelle, aucun entre eux n\u2019a le dernier mot.<\/p>\n<p>Si vous et l\u2019autre parent de votre enfant n\u2019\u00eates pas d\u2019accord sur ce qui est dans l\u2019int\u00e9r\u00eat sup\u00e9rieur de votre enfant, vous pouvez tenter de trouver un accord en en discutant ensemble.\u00a0\u00a0 Vous pouvez aussi \u00e9galement faire engager un professionnel, comme un m\u00e9diateur familial, pour vous aider a trouver des solutions.<\/p>\n<p>Si cette approche ne fonctionne pas, vous pouvez consulter un avocat pour obtenir des conseils. Les avocats peuvent vous informer sur les dispositions l\u00e9gales applicables \u00e0 votre cas. Ils peuvent \u00e9galement vous aider dans la m\u00e9diation, la communication et la r\u00e9daction d\u2019accords parentales. Vous trouverez plus d\u2019information \u00e0 ce sujet dans notre section intitul\u00e9e \u00ab\u00a0<a href=\"https:\/\/familylawnb.ca\/fr\/obtenir-de-laide\/\">Obtenir de l\u2019aide juridique<\/a>\u00a0\u00bb.<\/p>\n<p>Si vous ne parvenez pas \u00e0 un accord, vous ou l\u2019autre parent pouvez pr\u00e9senter une demande \u00e0 la cour pour obtenir une ordonnance. Vous pouvez le faire avec ou sans l\u2019aide d\u2019un avocat. Si vous d\u00e9cidez de pr\u00e9senter une demande au tribunal sans avocat, SPEIJ NB propose un <a href=\"https:\/\/pomis.legalinfonb.ca\/publication-files\/2026_Applying_for_a_Parenting_Order_FR.pdf\" target=\"_blank\" rel=\"noopener\">guide pour vous aider \u00e0 comprendre le processus<\/a>.<\/p>\n<\/div><\/div><\/div><\/div><\/div><\/div><\/div><\/div><\/div><\/p>\n","protected":false},"excerpt":{"rendered":"","protected":false},"author":1,"featured_media":0,"parent":197,"menu_order":0,"comment_status":"closed","ping_status":"closed","template":"","meta":{"footnotes":""},"class_list":["post-159","page","type-page","status-publish","hentry"],"_links":{"self":[{"href":"https:\/\/familylawnb.ca\/fr\/wp-json\/wp\/v2\/pages\/159","targetHints":{"allow":["GET"]}}],"collection":[{"href":"https:\/\/familylawnb.ca\/fr\/wp-json\/wp\/v2\/pages"}],"about":[{"href":"https:\/\/familylawnb.ca\/fr\/wp-json\/wp\/v2\/types\/page"}],"author":[{"embeddable":true,"href":"https:\/\/familylawnb.ca\/fr\/wp-json\/wp\/v2\/users\/1"}],"replies":[{"embeddable":true,"href":"https:\/\/familylawnb.ca\/fr\/wp-json\/wp\/v2\/comments?post=159"}],"version-history":[{"count":4,"href":"https:\/\/familylawnb.ca\/fr\/wp-json\/wp\/v2\/pages\/159\/revisions"}],"predecessor-version":[{"id":822,"href":"https:\/\/familylawnb.ca\/fr\/wp-json\/wp\/v2\/pages\/159\/revisions\/822"}],"up":[{"embeddable":true,"href":"https:\/\/familylawnb.ca\/fr\/wp-json\/wp\/v2\/pages\/197"}],"wp:attachment":[{"href":"https:\/\/familylawnb.ca\/fr\/wp-json\/wp\/v2\/media?parent=159"}],"curies":[{"name":"wp","href":"https:\/\/api.w.org\/{rel}","templated":true}]}}