{"id":171,"date":"2026-01-18T20:41:39","date_gmt":"2026-01-18T20:41:39","guid":{"rendered":"https:\/\/familylawnb.ca\/?page_id=171"},"modified":"2026-04-22T19:45:31","modified_gmt":"2026-04-22T19:45:31","slug":"la-responsabilite-decisionnelle-et-le-temps-parental","status":"publish","type":"page","link":"https:\/\/familylawnb.ca\/fr\/info-legale\/responsabilites-parentales-apres-une-separation\/la-responsabilite-decisionnelle-et-le-temps-parental\/","title":{"rendered":"La responsabilit\u00e9 d\u00e9cisionnelle et le temps parental"},"content":{"rendered":"<p><div class=\"fusion-fullwidth fullwidth-box fusion-builder-row-1 fusion-flex-container has-pattern-background has-mask-background nonhundred-percent-fullwidth non-hundred-percent-height-scrolling\" style=\"--awb-border-radius-top-left:0px;--awb-border-radius-top-right:0px;--awb-border-radius-bottom-right:0px;--awb-border-radius-bottom-left:0px;--awb-flex-wrap:wrap;\" ><div class=\"fusion-builder-row fusion-row fusion-flex-align-items-flex-start fusion-flex-content-wrap\" style=\"max-width:1729.52px;margin-left: calc(-4% \/ 2 );margin-right: calc(-4% \/ 2 );\"><div class=\"fusion-layout-column fusion_builder_column fusion-builder-column-0 fusion_builder_column_1_1 1_1 fusion-flex-column\" style=\"--awb-bg-size:cover;--awb-width-large:100%;--awb-margin-top-large:0px;--awb-spacing-right-large:1.92%;--awb-margin-bottom-large:20px;--awb-spacing-left-large:1.92%;--awb-width-medium:100%;--awb-order-medium:0;--awb-spacing-right-medium:1.92%;--awb-spacing-left-medium:1.92%;--awb-width-small:100%;--awb-order-small:0;--awb-spacing-right-small:1.92%;--awb-spacing-left-small:1.92%;\"><div class=\"fusion-column-wrapper fusion-column-has-shadow fusion-flex-justify-content-flex-start fusion-content-layout-column\"><div class=\"fusion-title title fusion-title-1 fusion-sep-none fusion-title-text fusion-title-size-one\"><h1 class=\"fusion-title-heading title-heading-left\" style=\"margin:0;\">La responsabilit\u00e9 d\u00e9cisionnelle et le temps parental<\/h1><\/div><\/div><\/div><\/div><\/div><div class=\"fusion-fullwidth fullwidth-box fusion-builder-row-2 fusion-flex-container has-pattern-background has-mask-background nonhundred-percent-fullwidth non-hundred-percent-height-scrolling\" style=\"--awb-border-radius-top-left:0px;--awb-border-radius-top-right:0px;--awb-border-radius-bottom-right:0px;--awb-border-radius-bottom-left:0px;--awb-flex-wrap:wrap;\" ><div class=\"fusion-builder-row fusion-row fusion-flex-align-items-flex-start fusion-flex-content-wrap\" style=\"max-width:1729.52px;margin-left: calc(-4% \/ 2 );margin-right: calc(-4% \/ 2 );\"><div class=\"fusion-layout-column fusion_builder_column fusion-builder-column-1 fusion_builder_column_1_1 1_1 fusion-flex-column\" style=\"--awb-bg-size:cover;--awb-width-large:100%;--awb-margin-top-large:0px;--awb-spacing-right-large:1.92%;--awb-margin-bottom-large:20px;--awb-spacing-left-large:1.92%;--awb-width-medium:100%;--awb-order-medium:0;--awb-spacing-right-medium:1.92%;--awb-spacing-left-medium:1.92%;--awb-width-small:100%;--awb-order-small:0;--awb-spacing-right-small:1.92%;--awb-spacing-left-small:1.92%;\"><div class=\"fusion-column-wrapper fusion-column-has-shadow fusion-flex-justify-content-flex-start fusion-content-layout-column\"><div class=\"fusion-text fusion-text-1\"><p>Lorsque vous vous s\u00e9parez ou vous divorcez ayant des enfants, vous devez aussi d\u00e9cider la mani\u00e8re dont vous continuerez \u00e0 s\u2019occuper de voss enfants. Deux concepts cl\u00e9s encadrent ces arrangements : <strong>la responsabilit\u00e9 d\u00e9cisionnelle<\/strong> et <strong>le temps parental<\/strong>.<\/p>\n<p>La <a href=\"https:\/\/lois.gnb.ca\/fr\/document\/lc\/2020,%20c.23\"><em>Loi sur le droit de la famille<\/em><\/a> dit que lorsque vous s\u00e9parez de l\u2019autre parent de vos enfants, vous deux aurez la responsabilit\u00e9 d\u00e9cisionnelle conjointe et le temps parental partag\u00e9. Vous pouvez toutefois s\u2019entendre sur un autre arrangement avec une entente \u00e9crite valide. Si vous deux sont d\u2019accord, vous n\u2019avez pas besoin d\u2019aller \u00e0 la Cour. Si vous ne parvenez pas \u00e0 un accord, l\u2019un ou l\u2019autre entre vous peut faire une demande \u00e0 la cour et demander une ordonnance.<\/p>\n<\/div><\/div><\/div><div class=\"fusion-layout-column fusion_builder_column fusion-builder-column-2 fusion_builder_column_1_1 1_1 fusion-flex-column\" style=\"--awb-bg-size:cover;--awb-width-large:100%;--awb-margin-top-large:0px;--awb-spacing-right-large:1.92%;--awb-margin-bottom-large:20px;--awb-spacing-left-large:1.92%;--awb-width-medium:100%;--awb-order-medium:0;--awb-spacing-right-medium:1.92%;--awb-spacing-left-medium:1.92%;--awb-width-small:100%;--awb-order-small:0;--awb-spacing-right-small:1.92%;--awb-spacing-left-small:1.92%;\"><div class=\"fusion-column-wrapper fusion-column-has-shadow fusion-flex-justify-content-flex-start fusion-content-layout-column\"><div class=\"accordian fusion-accordian\" style=\"--awb-border-size:1px;--awb-icon-size:36px;--awb-content-font-size:20px;--awb-icon-alignment:right;--awb-hover-color:var(--awb-color2);--awb-border-color:var(--awb-color2);--awb-background-color:var(--awb-color1);--awb-divider-color:var(--awb-color2);--awb-divider-hover-color:var(--awb-color2);--awb-icon-color:var(--awb-color2);--awb-title-color:var(--awb-color8);--awb-content-color:var(--awb-color8);--awb-icon-box-color:var(--awb-color8);--awb-toggle-hover-accent-color:var(--awb-color2);--awb-title-font-family:&quot;Montserrat&quot;;--awb-title-font-weight:700;--awb-title-font-style:normal;--awb-title-font-size:26px;--awb-content-font-family:&quot;Open Sans&quot;;--awb-content-font-style:normal;--awb-content-font-weight:400;\"><div class=\"panel-group fusion-toggle-icon-right fusion-toggle-icon-boxed\" id=\"accordion-171-1\"><div class=\"fusion-panel panel-default panel-031fe08ecc21c1bd0 fusion-toggle-has-divider\" style=\"--awb-title-color:var(--awb-color8);\"><div class=\"panel-heading\"><h4 class=\"panel-title toggle\" id=\"toggle_031fe08ecc21c1bd0\"><a aria-expanded=\"false\" aria-controls=\"031fe08ecc21c1bd0\" role=\"button\" data-toggle=\"collapse\" data-target=\"#031fe08ecc21c1bd0\" href=\"#031fe08ecc21c1bd0\"><span class=\"fusion-toggle-icon-wrapper\" aria-hidden=\"true\"><i class=\"fa-fusion-box active-icon awb-icon-minus\" aria-hidden=\"true\"><\/i><i class=\"fa-fusion-box inactive-icon awb-icon-plus\" aria-hidden=\"true\"><\/i><\/span><span class=\"fusion-toggle-heading\">La responsabilit\u00e9 d\u00e9cisionnelle <\/span><\/a><\/h4><\/div><div id=\"031fe08ecc21c1bd0\" class=\"panel-collapse collapse \" aria-labelledby=\"toggle_031fe08ecc21c1bd0\"><div class=\"panel-body toggle-content fusion-clearfix\">\n<p>La responsabilit\u00e9 d\u00e9cisionnelle signifie prendre des d\u00e9cisions importantes concernant le bien-\u00eatre d\u2019un enfant. Elle peut \u00eatre attribu\u00e9e \u00e0 un seul parent ou partag\u00e9e entre les deux.<\/p>\n<p>Notez\u00a0: Selon la <em>Loi sur le droit de la famille <\/em>du Nouveau-Brunswick, les parents ont la responsabilit\u00e9 d\u00e9cisionnelle conjointe. Certaines exceptions existent, comme quand les parents ont une ordonnance de la cour ou une entente parentale.<\/p>\n<p>La responsabilit\u00e9 d\u00e9cisionnelle inclut les d\u00e9cisions concernant:<\/p>\n<ul>\n<li><strong>La sant\u00e9<\/strong>\n<ul>\n<li>Choix des traitements m\u00e9dicaux<\/li>\n<li>Vaccinations<\/li>\n<li>Soins sp\u00e9cialis\u00e9s<\/li>\n<\/ul>\n<\/li>\n<li><strong>\u00c9ducation<\/strong>\n<ul>\n<li>Choix de l&rsquo;\u00e9cole<\/li>\n<li>Soutien scolaire<\/li>\n<li>Orientation acad\u00e9mique<\/li>\n<\/ul>\n<\/li>\n<li><strong>Langue, culture, religion et spiritualit\u00e9<\/strong>\n<ul>\n<li>Pratiques religieuses<\/li>\n<li>Apprentissage linguistique<\/li>\n<\/ul>\n<\/li>\n<li><strong>Activit\u00e9s parascolaires majeures<\/strong>\n<ul>\n<li>Sports<\/li>\n<li>Arts<\/li>\n<\/ul>\n<\/li>\n<\/ul>\n<p>Voyages \u00e9ducatifs<\/p>\n<\/div><\/div><\/div><div class=\"fusion-panel panel-default panel-3ae59dbe91119bc3c fusion-toggle-has-divider\" style=\"--awb-title-color:var(--awb-color8);\"><div class=\"panel-heading\"><h4 class=\"panel-title toggle\" id=\"toggle_3ae59dbe91119bc3c\"><a aria-expanded=\"false\" aria-controls=\"3ae59dbe91119bc3c\" role=\"button\" data-toggle=\"collapse\" data-target=\"#3ae59dbe91119bc3c\" href=\"#3ae59dbe91119bc3c\"><span class=\"fusion-toggle-icon-wrapper\" aria-hidden=\"true\"><i class=\"fa-fusion-box active-icon awb-icon-minus\" aria-hidden=\"true\"><\/i><i class=\"fa-fusion-box inactive-icon awb-icon-plus\" aria-hidden=\"true\"><\/i><\/span><span class=\"fusion-toggle-heading\">Types de responsabilit\u00e9 d\u00e9cisionnelle<\/span><\/a><\/h4><\/div><div id=\"3ae59dbe91119bc3c\" class=\"panel-collapse collapse \" aria-labelledby=\"toggle_3ae59dbe91119bc3c\"><div class=\"panel-body toggle-content fusion-clearfix\">\n<p>Apr\u00e8s la s\u00e9paration, les parents peuvent avoir recours \u00e0 diff\u00e9rents types de responsabilit\u00e9s d\u00e9cisionnelles.<\/p>\n<p>Voici les diff\u00e9rents modes de responsabilit\u00e9 d\u00e9cisionnelle et comment ils fonctionnent\u00a0:<\/p>\n<ul>\n<li><strong>Responsabilit\u00e9 d\u00e9cisionnelle conjointe<\/strong> : Les parents doivent se consulter et prendre les d\u00e9cisions ensemble. Cette option fonctionne le mieux quand les parents peuvent communiquer et collaborer de mani\u00e8re efficace.<\/li>\n<li><strong>Responsabilit\u00e9 d\u00e9cisionnelle partag\u00e9e par domaine<\/strong> : Chaque parent prend des d\u00e9cisions dans des domaines distincts. Par exemple, un parent prend les d\u00e9cisions pour les soins m\u00e9dicaux d\u2019un enfant et l\u2019autre parent prend les d\u00e9cisions pour son \u00e9ducation.<\/li>\n<\/ul>\n<ul>\n<li><strong>Responsabilit\u00e9 d\u00e9cisionnelle exclusive<\/strong> : Un seul parent prend les d\u00e9cisions importantes.<\/li>\n<\/ul>\n<p>Notez bien\u00a0: <a href=\"https:\/\/familylawnb.ca\/fr\/info-legale\/linteret-superieur-de-enfant\/\">L\u2019int\u00e9r\u00eat sup\u00e9rieur de l\u2019enfant<\/a> doit toujours \u00eatre la consid\u00e9ration principale en d\u00e9cidant le type de responsabilit\u00e9 d\u00e9cisionnelle. L\u2019objectif principal est de garantir un environnement s\u00e9curisant et stable pour l\u2019enfant.<\/p>\n<\/div><\/div><\/div><div class=\"fusion-panel panel-default panel-8e915bfca2014fe57 fusion-toggle-has-divider\" style=\"--awb-title-color:var(--awb-color8);\"><div class=\"panel-heading\"><h4 class=\"panel-title toggle\" id=\"toggle_8e915bfca2014fe57\"><a aria-expanded=\"false\" aria-controls=\"8e915bfca2014fe57\" role=\"button\" data-toggle=\"collapse\" data-target=\"#8e915bfca2014fe57\" href=\"#8e915bfca2014fe57\"><span class=\"fusion-toggle-icon-wrapper\" aria-hidden=\"true\"><i class=\"fa-fusion-box active-icon awb-icon-minus\" aria-hidden=\"true\"><\/i><i class=\"fa-fusion-box inactive-icon awb-icon-plus\" aria-hidden=\"true\"><\/i><\/span><span class=\"fusion-toggle-heading\">Le temps parental <\/span><\/a><\/h4><\/div><div id=\"8e915bfca2014fe57\" class=\"panel-collapse collapse \" aria-labelledby=\"toggle_8e915bfca2014fe57\"><div class=\"panel-body toggle-content fusion-clearfix\">\n<p>Le temps parental correspond aux p\u00e9riodes lorsqu&rsquo;un parent a un enfant sous sa garde, que ce soit lorsqu\u2019il est physiquement avec lui ou non. Par exemple, votre temps parental inclut les p\u00e9riodes pendant l\u2019enfant est \u00e0 l&rsquo;\u00e9cole ou la garderie.<\/p>\n<p>Le temps parental peut \u00eatre organis\u00e9 de diff\u00e9rentes mani\u00e8res :<\/p>\n<ul>\n<li><strong>Temps parental partag\u00e9<\/strong> : L\u2019enfant passe au <strong>moins 40 %<\/strong> de son temps avec chaque parent.<\/li>\n<li><strong>Temps parental majoritaire\u00a0<\/strong>: L\u2019enfant passe <strong>plus de 60 %<\/strong> de son temps avec un seul parent. L\u2019autre parent a moins de 40% du temps parental.<\/li>\n<li><strong>Temps parental exclusif<\/strong> : Lorsqu\u2019il y a plusieurs enfants, chaque parent a la majorit\u00e9 du temps avec au moins un enfant. Par exemple, un enfant vit majoritairement avec un parent, et l\u2019autre enfant vit majoritairement avec l\u2019autre parent.<\/li>\n<li><strong>Temps parental supervis\u00e9<\/strong> : Lorsque le temp parentale est pass\u00e9 avec la pr\u00e9sence d\u2019une tierce personne. Par exemple, en raison de probl\u00e8mes de s\u00e9curit\u00e9 ou de violence familiale, le temps parentale d\u2019un parent peut se d\u00e9rouler uniquement en pr\u00e9sence d&rsquo;un autre membre de la famille ou d&rsquo;un travailleur social.<\/li>\n<\/ul>\n<p>Notez\u00a0: Selon la <a href=\"https:\/\/lois.gnb.ca\/fr\/document\/lc\/2020,%20c.23\" target=\"_blank\" rel=\"noopener\"><em>Loi sur le droit de la famille <\/em>du Nouveau-Brunswick<\/a>, quand les parents se s\u00e9parent, ils ont le temps parental partag\u00e9. Les parents peuvent toutefois s\u2019entendre sur un autre arrangement et le mettre dans une entente \u00e9crite, sans aller en Cour. Si les parents ne peuvent pas s\u2019entendre, l\u2019un ou l\u2019autre peut faire une demande \u00e0 la cour et demander une ordonnance.<\/p>\n<p><a href=\"https:\/\/familylawnb.ca\/fr\/info-legale\/linteret-superieur-de-enfant\/\">L\u2019int\u00e9r\u00eat sup\u00e9rieur de l\u2019enfant<\/a> doit toujours \u00eatre la consid\u00e9ration principale en d\u00e9cidant l\u2019arrangement de temps parental. Le partage du temps doit tenir compte des facteurs comme son \u00e2ge, de ses liens avec chaque parent et de sa routine. L\u2019objectif est d\u2019offrir un environnement stable qui est dans l\u2019int\u00e9r\u00eat sup\u00e9rieur de l\u2019enfant.<\/p>\n<\/div><\/div><\/div><div class=\"fusion-panel panel-default panel-f048331cd61877a3b fusion-toggle-has-divider\" style=\"--awb-title-color:var(--awb-color8);\"><div class=\"panel-heading\"><h4 class=\"panel-title toggle\" id=\"toggle_f048331cd61877a3b\"><a aria-expanded=\"false\" aria-controls=\"f048331cd61877a3b\" role=\"button\" data-toggle=\"collapse\" data-target=\"#f048331cd61877a3b\" href=\"#f048331cd61877a3b\"><span class=\"fusion-toggle-icon-wrapper\" aria-hidden=\"true\"><i class=\"fa-fusion-box active-icon awb-icon-minus\" aria-hidden=\"true\"><\/i><i class=\"fa-fusion-box inactive-icon awb-icon-plus\" aria-hidden=\"true\"><\/i><\/span><span class=\"fusion-toggle-heading\">Lorsque les parents ne s\u2019entendent pas<\/span><\/a><\/h4><\/div><div id=\"f048331cd61877a3b\" class=\"panel-collapse collapse \" aria-labelledby=\"toggle_f048331cd61877a3b\"><div class=\"panel-body toggle-content fusion-clearfix\">\n<p>Aucun des deux parents ne dispose l\u00e9galement d&rsquo;un \u00ab dernier mot \u00bb. Lorsque vous et l\u2019autre parent de vos enfants ne vous entendez pas sur la question des responsabilit\u00e9s d\u00e9cisionnelles ou du temps parental, vous pouvez demander l\u2019aide de la cour. L\u2019un ou l\u2019autre peut d\u00e9poser une demande \u00e0 la cour pour demander une ordonnance parentale. Le SPEIJ NB <a href=\"https:\/\/pomis.legalinfonb.ca\/publication-files\/2026_Applying_for_a_Parenting_Order_FR.pdf\" target=\"_blank\" rel=\"noopener\">offre des ressources pour vous aider<\/a> \u00e0 pr\u00e9senter une demande d\u2019ordonnance parentale sans avocat.<\/p>\n<p>La cour prendra une d\u00e9cision en fonction de <a href=\"https:\/\/familylawnb.ca\/fr\/info-legale\/linteret-superieur-de-enfant\/\">l\u2019int\u00e9r\u00eat sup\u00e9rieur de l\u2019enfant<\/a>.<\/p>\n<\/div><\/div><\/div><div class=\"fusion-panel panel-default panel-29e637549486509e4 fusion-toggle-has-divider\" style=\"--awb-title-color:var(--awb-color8);\"><div class=\"panel-heading\"><h4 class=\"panel-title toggle\" id=\"toggle_29e637549486509e4\"><a aria-expanded=\"false\" aria-controls=\"29e637549486509e4\" role=\"button\" data-toggle=\"collapse\" data-target=\"#29e637549486509e4\" href=\"#29e637549486509e4\"><span class=\"fusion-toggle-icon-wrapper\" aria-hidden=\"true\"><i class=\"fa-fusion-box active-icon awb-icon-minus\" aria-hidden=\"true\"><\/i><i class=\"fa-fusion-box inactive-icon awb-icon-plus\" aria-hidden=\"true\"><\/i><\/span><span class=\"fusion-toggle-heading\">Comment la cour d\u00e9cide<\/span><\/a><\/h4><\/div><div id=\"29e637549486509e4\" class=\"panel-collapse collapse \" aria-labelledby=\"toggle_29e637549486509e4\"><div class=\"panel-body toggle-content fusion-clearfix\">\n<p>L&rsquo;int\u00e9r\u00eat sup\u00e9rieur de l&rsquo;enfant est un principe que la Cour utilise pour prendre des d\u00e9cisions importantes concernant les enfants lors de situations familiales difficiles, comme les divorces ou les s\u00e9parations. L\u2019objectif est d\u2019assurer que toutes les d\u00e9cisions prises favorisent la s\u00e9curit\u00e9, le bonheur, et le d\u00e9veloppement sain de l&rsquo;enfant en prenant en compte diff\u00e9rents facteurs. Nous avons un page contenant <a href=\"https:\/\/familylawnb.ca\/fr\/info-legale\/linteret-superieur-de-enfant\/\">plus d\u2019informations su l\u2019int\u00e9r\u00eat sup\u00e9rieur de l\u2019enfant<\/a>.<\/p>\n<p>La cour se basera sur diff\u00e9rents crit\u00e8res afin de d\u00e9terminer l\u2019arrangement de responsabilit\u00e9 d\u00e9cisionnelle et de temps parental\u00a0:<\/p>\n<ul>\n<li><strong>L\u2019int\u00e9r\u00eat de l\u2019enfant<\/strong> : Toutes les d\u00e9cisions doivent \u00eatre prises en fonction du bien-\u00eatre de l\u2019enfant. C\u2019est la priorit\u00e9 principale pour toutes les d\u00e9cisions de droit familial concernant les enfants. Pour d\u00e9terminer ce qui est dans l\u2019int\u00e9r\u00eat sup\u00e9rieur de l\u2019enfant, la cour peut <a href=\"https:\/\/familylawnb.ca\/fr\/info-legale\/linteret-superieur-de-enfant\/\">prendre en compte de nombreux facteurs<\/a>.<\/li>\n<li><strong>Flexibilit\u00e9<\/strong> : la cour peut ajuster les arrangements selon l\u2019horaire des parents et les besoins de l\u2019enfant.<\/li>\n<li><strong>Stabilit\u00e9<\/strong> : La cour vise \u00e0 maintenir une routine stable pour l\u2019enfant. C\u2019est consid\u00e9r\u00e9 b\u00e9n\u00e9fique, surtout apr\u00e8s une s\u00e9paration.<\/li>\n<li><strong>Participation active des parents\u00a0<\/strong>: La cour demande si les parents fournissent un soutien actif dans la vie de l&rsquo;enfant pour assurer son bien-\u00eatre et son d\u00e9veloppement.<\/li>\n<li><strong>Coordination parentale\u00a0<\/strong>: La Cour \u00e9valuera si les parents sont capables de communiquer de mani\u00e8re efficace. Leur niveau coop\u00e9ration pourrait guider la Cour lorsqu\u2019elle identifie les besoins sp\u00e9cifiques de la situation. Une collaboration effective entre les parents contribue \u00e0 r\u00e9duire l\u2019exposition de l\u2019enfant aux conflits.<\/li>\n<li><strong>Neutralit\u00e9 et impartialit\u00e9\u00a0<\/strong>: Les d\u00e9cisions doivent \u00eatre prises de mani\u00e8re neutre en fonction de l\u2019int\u00e9r\u00eat sup\u00e9rieur de l\u2019enfant.<\/li>\n<li><strong>Les impacts \u00e0 long termes\u00a0<\/strong>: la cour peut \u00e9valuer les cons\u00e9quences \u00e0 long terme d\u2019un arrangement parental. Cela donne priorit\u00e9 a la r\u00e9silience et le d\u00e9veloppement positif de l\u2019enfant.<\/li>\n<\/ul>\n<p><strong>Les souhaits de l\u2019enfant\u00a0<\/strong>: <strong>\u00a0<\/strong>La cour peut tenir compte de la pr\u00e9f\u00e9rence de l\u2019enfant, mais ce ne sera pas le facteur d\u00e9cisif. La cour \u00e9vite de demander qu\u2019un enfant choisit entre ses parents.<\/p>\n<\/div><\/div><\/div><div class=\"fusion-panel panel-default panel-31e4cb1b3047983d1 fusion-toggle-has-divider\" style=\"--awb-title-color:var(--awb-color8);\"><div class=\"panel-heading\"><h4 class=\"panel-title toggle\" id=\"toggle_31e4cb1b3047983d1\"><a aria-expanded=\"false\" aria-controls=\"31e4cb1b3047983d1\" role=\"button\" data-toggle=\"collapse\" data-target=\"#31e4cb1b3047983d1\" href=\"#31e4cb1b3047983d1\"><span class=\"fusion-toggle-icon-wrapper\" aria-hidden=\"true\"><i class=\"fa-fusion-box active-icon awb-icon-minus\" aria-hidden=\"true\"><\/i><i class=\"fa-fusion-box inactive-icon awb-icon-plus\" aria-hidden=\"true\"><\/i><\/span><span class=\"fusion-toggle-heading\">Le choix de l\u2019enfant <\/span><\/a><\/h4><\/div><div id=\"31e4cb1b3047983d1\" class=\"panel-collapse collapse \" aria-labelledby=\"toggle_31e4cb1b3047983d1\"><div class=\"panel-body toggle-content fusion-clearfix\">\n<p>La cour peut tenir compte de la pr\u00e9f\u00e9rence de l\u2019enfant de vivre avec l\u2019un de ses parents. Il s&rsquo;agit d&rsquo;un des facteurs dont dispose le tribunal pour d\u00e9terminer ce qui est dans <a href=\"https:\/\/familylawnb.ca\/fr\/info-legale\/linteret-superieur-de-enfant\/\">l&rsquo;int\u00e9r\u00eat sup\u00e9rieur de l&rsquo;enfant<\/a>. Lorsqu&rsquo;il s&rsquo;agit d\u2019examiner les pr\u00e9f\u00e9rences de l&rsquo;enfant, la cour tiendra aussi compte de son \u00e2ge et de sa maturit\u00e9. Cependant, la cour \u00e9vite de mettre un enfant dans la situation difficile de devoir choisir entre ses parents.<\/p>\n<p>En g\u00e9n\u00e9ral, les enfants ne t\u00e9moignent pas devant le tribunal de la famille. Les d\u00e9cisions se basent plut\u00f4t sur les t\u00e9moignages et les preuves pr\u00e9sent\u00e9es par les parents et les autres t\u00e9moins adultes. Parfois, si le tribunal souhaite entendre \u00ab directement \u00bb les souhaits de l&rsquo;enfant, il peut ordonner une \u00e9valuation sur la voix de l&rsquo;enfant. Ce processus implique des rencontres entre l&rsquo;enfant et un professionnel qui discute avec l&rsquo;enfant et pr\u00e9pare un rapport pour le tribunal.<\/p>\n<\/div><\/div><\/div><div class=\"fusion-panel panel-default panel-4a7ab81a74f970cdd fusion-toggle-has-divider\" style=\"--awb-title-color:var(--awb-color8);\"><div class=\"panel-heading\"><h4 class=\"panel-title toggle\" id=\"toggle_4a7ab81a74f970cdd\"><a aria-expanded=\"false\" aria-controls=\"4a7ab81a74f970cdd\" role=\"button\" data-toggle=\"collapse\" data-target=\"#4a7ab81a74f970cdd\" href=\"#4a7ab81a74f970cdd\"><span class=\"fusion-toggle-icon-wrapper\" aria-hidden=\"true\"><i class=\"fa-fusion-box active-icon awb-icon-minus\" aria-hidden=\"true\"><\/i><i class=\"fa-fusion-box inactive-icon awb-icon-plus\" aria-hidden=\"true\"><\/i><\/span><span class=\"fusion-toggle-heading\">L\u2019ordonnance de contact <\/span><\/a><\/h4><\/div><div id=\"4a7ab81a74f970cdd\" class=\"panel-collapse collapse \" aria-labelledby=\"toggle_4a7ab81a74f970cdd\"><div class=\"panel-body toggle-content fusion-clearfix\">\n<p>Les personnes autres que les parents peuvent aussi demander \u00e0 la cour du temps avec l\u2019enfant. La cour peut rendre une ordonnance donnant a un tiers le droit de passer du temps avec un enfant. Un tiers peut inclure les grands-parents ou d\u2019autres membres de la famille, ou toute autre personne ayant un lien significatif avec l\u2019enfant.<\/p>\n<p>Le temps accord\u00e9 dans une ordonnance de contact n\u2019est pas consid\u00e9r\u00e9 comme du temps parental.<\/p>\n<p>La cour accorde cette ordonnance seulement si cela est dans l\u2019int\u00e9r\u00eat de l\u2019enfant.<\/p>\n<p>Pour plus d\u2019information sur les ordonnances de contact, veuillez consulter <a href=\"https:\/\/familylawnb.ca\/fr\/info-legale\/lordonnance-de-contact\/\">notre page sur ce sujet<\/a>.<\/p>\n<\/div><\/div><\/div><\/div><\/div><\/div><\/div><\/div><\/div><\/p>\n","protected":false},"excerpt":{"rendered":"","protected":false},"author":1,"featured_media":0,"parent":197,"menu_order":0,"comment_status":"closed","ping_status":"closed","template":"","meta":{"footnotes":""},"class_list":["post-171","page","type-page","status-publish","hentry"],"_links":{"self":[{"href":"https:\/\/familylawnb.ca\/fr\/wp-json\/wp\/v2\/pages\/171","targetHints":{"allow":["GET"]}}],"collection":[{"href":"https:\/\/familylawnb.ca\/fr\/wp-json\/wp\/v2\/pages"}],"about":[{"href":"https:\/\/familylawnb.ca\/fr\/wp-json\/wp\/v2\/types\/page"}],"author":[{"embeddable":true,"href":"https:\/\/familylawnb.ca\/fr\/wp-json\/wp\/v2\/users\/1"}],"replies":[{"embeddable":true,"href":"https:\/\/familylawnb.ca\/fr\/wp-json\/wp\/v2\/comments?post=171"}],"version-history":[{"count":5,"href":"https:\/\/familylawnb.ca\/fr\/wp-json\/wp\/v2\/pages\/171\/revisions"}],"predecessor-version":[{"id":1002,"href":"https:\/\/familylawnb.ca\/fr\/wp-json\/wp\/v2\/pages\/171\/revisions\/1002"}],"up":[{"embeddable":true,"href":"https:\/\/familylawnb.ca\/fr\/wp-json\/wp\/v2\/pages\/197"}],"wp:attachment":[{"href":"https:\/\/familylawnb.ca\/fr\/wp-json\/wp\/v2\/media?parent=171"}],"curies":[{"name":"wp","href":"https:\/\/api.w.org\/{rel}","templated":true}]}}