{"id":178,"date":"2025-08-07T21:49:59","date_gmt":"2025-08-07T21:49:59","guid":{"rendered":"https:\/\/familylawnb.ca\/?page_id=178"},"modified":"2026-02-20T14:15:24","modified_gmt":"2026-02-20T14:15:24","slug":"comparaitre-devant-le-tribunal","status":"publish","type":"page","link":"https:\/\/familylawnb.ca\/fr\/info-legale\/comparaitre-devant-le-tribunal\/","title":{"rendered":"Compara\u00eetre devant le tribunal"},"content":{"rendered":"<p><div class=\"fusion-fullwidth fullwidth-box fusion-builder-row-1 fusion-flex-container has-pattern-background has-mask-background nonhundred-percent-fullwidth non-hundred-percent-height-scrolling\" style=\"--awb-border-radius-top-left:0px;--awb-border-radius-top-right:0px;--awb-border-radius-bottom-right:0px;--awb-border-radius-bottom-left:0px;--awb-flex-wrap:wrap;\" ><div class=\"fusion-builder-row fusion-row fusion-flex-align-items-flex-start fusion-flex-content-wrap\" style=\"max-width:1729.52px;margin-left: calc(-4% \/ 2 );margin-right: calc(-4% \/ 2 );\"><div class=\"fusion-layout-column fusion_builder_column fusion-builder-column-0 fusion_builder_column_1_1 1_1 fusion-flex-column\" style=\"--awb-bg-size:cover;--awb-width-large:100%;--awb-margin-top-large:0px;--awb-spacing-right-large:1.92%;--awb-margin-bottom-large:20px;--awb-spacing-left-large:1.92%;--awb-width-medium:100%;--awb-order-medium:0;--awb-spacing-right-medium:1.92%;--awb-spacing-left-medium:1.92%;--awb-width-small:100%;--awb-order-small:0;--awb-spacing-right-small:1.92%;--awb-spacing-left-small:1.92%;\"><div class=\"fusion-column-wrapper fusion-column-has-shadow fusion-flex-justify-content-flex-start fusion-content-layout-column\"><div class=\"fusion-title title fusion-title-1 fusion-sep-none fusion-title-text fusion-title-size-one\"><h1 class=\"fusion-title-heading title-heading-left\" style=\"margin:0;\">Compara\u00eetre devant le tribunal<\/h1><\/div><\/div><\/div><\/div><\/div><div class=\"fusion-fullwidth fullwidth-box fusion-builder-row-2 fusion-flex-container has-pattern-background has-mask-background nonhundred-percent-fullwidth non-hundred-percent-height-scrolling\" style=\"--awb-border-radius-top-left:0px;--awb-border-radius-top-right:0px;--awb-border-radius-bottom-right:0px;--awb-border-radius-bottom-left:0px;--awb-flex-wrap:wrap;\" ><div class=\"fusion-builder-row fusion-row fusion-flex-align-items-flex-start fusion-flex-content-wrap\" style=\"max-width:1729.52px;margin-left: calc(-4% \/ 2 );margin-right: calc(-4% \/ 2 );\"><div class=\"fusion-layout-column fusion_builder_column fusion-builder-column-1 fusion_builder_column_1_1 1_1 fusion-flex-column\" style=\"--awb-bg-size:cover;--awb-width-large:100%;--awb-margin-top-large:0px;--awb-spacing-right-large:1.92%;--awb-margin-bottom-large:20px;--awb-spacing-left-large:1.92%;--awb-width-medium:100%;--awb-order-medium:0;--awb-spacing-right-medium:1.92%;--awb-spacing-left-medium:1.92%;--awb-width-small:100%;--awb-order-small:0;--awb-spacing-right-small:1.92%;--awb-spacing-left-small:1.92%;\"><div class=\"fusion-column-wrapper fusion-column-has-shadow fusion-flex-justify-content-flex-start fusion-content-layout-column\"><div class=\"accordian fusion-accordian\" style=\"--awb-border-size:1px;--awb-icon-size:36px;--awb-content-font-size:20px;--awb-icon-alignment:right;--awb-hover-color:var(--awb-color2);--awb-border-color:var(--awb-color2);--awb-background-color:var(--awb-color1);--awb-divider-color:var(--awb-color2);--awb-divider-hover-color:var(--awb-color2);--awb-icon-color:var(--awb-color2);--awb-title-color:var(--awb-color8);--awb-content-color:var(--awb-color8);--awb-icon-box-color:var(--awb-color8);--awb-toggle-hover-accent-color:var(--awb-color2);--awb-title-font-family:&quot;Montserrat&quot;;--awb-title-font-weight:700;--awb-title-font-style:normal;--awb-title-font-size:26px;--awb-content-font-family:&quot;Open Sans&quot;;--awb-content-font-style:normal;--awb-content-font-weight:400;\"><div class=\"panel-group fusion-toggle-icon-right fusion-toggle-icon-boxed\" id=\"accordion-178-1\"><div class=\"fusion-panel panel-default panel-86face03c84d4bc42 fusion-toggle-has-divider\" style=\"--awb-title-color:var(--awb-color8);\"><div class=\"panel-heading\"><h4 class=\"panel-title toggle\" id=\"toggle_86face03c84d4bc42\"><a aria-expanded=\"false\" aria-controls=\"86face03c84d4bc42\" role=\"button\" data-toggle=\"collapse\" data-target=\"#86face03c84d4bc42\" href=\"#86face03c84d4bc42\"><span class=\"fusion-toggle-icon-wrapper\" aria-hidden=\"true\"><i class=\"fa-fusion-box active-icon awb-icon-minus\" aria-hidden=\"true\"><\/i><i class=\"fa-fusion-box inactive-icon awb-icon-plus\" aria-hidden=\"true\"><\/i><\/span><span class=\"fusion-toggle-heading\">Formules<\/span><\/a><\/h4><\/div><div id=\"86face03c84d4bc42\" class=\"panel-collapse collapse \" aria-labelledby=\"toggle_86face03c84d4bc42\"><div class=\"panel-body toggle-content fusion-clearfix\">\n<p>Vous trouverez plus d\u2019informations au sujet des formules relatifs au droit de la famille <a href=\"https:\/\/familylawnb.ca\/fr\/info-legale\/formulaires-relatifs-au-droit-de-la-famille\/\">ici sur notre site web<\/a>.<\/p>\n<\/div><\/div><\/div><div class=\"fusion-panel panel-default panel-5a5e1134194ed1c6d fusion-toggle-has-divider\" style=\"--awb-title-color:var(--awb-color8);\"><div class=\"panel-heading\"><h4 class=\"panel-title toggle\" id=\"toggle_5a5e1134194ed1c6d\"><a aria-expanded=\"false\" aria-controls=\"5a5e1134194ed1c6d\" role=\"button\" data-toggle=\"collapse\" data-target=\"#5a5e1134194ed1c6d\" href=\"#5a5e1134194ed1c6d\"><span class=\"fusion-toggle-icon-wrapper\" aria-hidden=\"true\"><i class=\"fa-fusion-box active-icon awb-icon-minus\" aria-hidden=\"true\"><\/i><i class=\"fa-fusion-box inactive-icon awb-icon-plus\" aria-hidden=\"true\"><\/i><\/span><span class=\"fusion-toggle-heading\">Langues Officiels<\/span><\/a><\/h4><\/div><div id=\"5a5e1134194ed1c6d\" class=\"panel-collapse collapse \" aria-labelledby=\"toggle_5a5e1134194ed1c6d\"><div class=\"panel-body toggle-content fusion-clearfix\">\n<p><strong>Vous avez le droit de pr\u00e9senter votre cause en fran\u00e7ais ou en anglais. La<em>\u00a0<\/em><\/strong><a href=\"https:\/\/laws.gnb.ca\/en\/ShowPdf\/cs\/O-0.5.pdf\" target=\"_blank\" rel=\"noopener\"><strong><em>Loi sur les langues officielles<\/em><\/strong><\/a>\u00a0pr\u00e9voit que vous avez le droit d&#8217;employer la langue officielle de votre choix dans toutes les affaires dont sont saisis les tribunaux. La\u00a0<em>Loi<\/em>\u00a0pr\u00e9cise que vous ne devez pas \u00eatre d\u00e9favoris\u00e9 en raison du choix que vous faites.<\/p>\n<\/div><\/div><\/div><div class=\"fusion-panel panel-default panel-2b181b58314003acf fusion-toggle-has-divider\" style=\"--awb-title-color:var(--awb-color8);\"><div class=\"panel-heading\"><h4 class=\"panel-title toggle\" id=\"toggle_2b181b58314003acf\"><a aria-expanded=\"false\" aria-controls=\"2b181b58314003acf\" role=\"button\" data-toggle=\"collapse\" data-target=\"#2b181b58314003acf\" href=\"#2b181b58314003acf\"><span class=\"fusion-toggle-icon-wrapper\" aria-hidden=\"true\"><i class=\"fa-fusion-box active-icon awb-icon-minus\" aria-hidden=\"true\"><\/i><i class=\"fa-fusion-box inactive-icon awb-icon-plus\" aria-hidden=\"true\"><\/i><\/span><span class=\"fusion-toggle-heading\">Pr\u00e9sentation de votre cause devant le tribunal<\/span><\/a><\/h4><\/div><div id=\"2b181b58314003acf\" class=\"panel-collapse collapse \" aria-labelledby=\"toggle_2b181b58314003acf\"><div class=\"panel-body toggle-content fusion-clearfix\">\n<p>Vous aurez besoin de beaucoup de temps et d&rsquo;efforts pour pr\u00e9parer votre cause pour une audience. Normalement, vous devez fournir des preuves en soumettant des documents \u00e9crits, en posant des questions et en r\u00e9pondant \u00e0 des questions. Il est important de bien vous pr\u00e9parer. Pour prendre une d\u00e9cision, un juge doit se fonder uniquement sur les preuves que vous soumettez au tribunal.<\/p>\n<\/div><\/div><\/div><div class=\"fusion-panel panel-default panel-4024d6b65d58adb0f fusion-toggle-has-divider\" style=\"--awb-title-color:var(--awb-color8);\"><div class=\"panel-heading\"><h4 class=\"panel-title toggle\" id=\"toggle_4024d6b65d58adb0f\"><a aria-expanded=\"false\" aria-controls=\"4024d6b65d58adb0f\" role=\"button\" data-toggle=\"collapse\" data-target=\"#4024d6b65d58adb0f\" href=\"#4024d6b65d58adb0f\"><span class=\"fusion-toggle-icon-wrapper\" aria-hidden=\"true\"><i class=\"fa-fusion-box active-icon awb-icon-minus\" aria-hidden=\"true\"><\/i><i class=\"fa-fusion-box inactive-icon awb-icon-plus\" aria-hidden=\"true\"><\/i><\/span><span class=\"fusion-toggle-heading\">Pr\u00e9paration \u00e0 l'audience<\/span><\/a><\/h4><\/div><div id=\"4024d6b65d58adb0f\" class=\"panel-collapse collapse \" aria-labelledby=\"toggle_4024d6b65d58adb0f\"><div class=\"panel-body toggle-content fusion-clearfix\">\n<p>Voici quelques conseils sur la fa\u00e7on de vous pr\u00e9parer \u00e0 votre comparution devant le tribunal\u00a0:<\/p>\n<ul>\n<li>Dressez une liste des principaux points et enjeux de votre cause.<\/li>\n<\/ul>\n<ul>\n<li>Pr\u00e9parez une description d\u00e9taill\u00e9e de ce que le juge doit savoir, \u00e0 votre avis, et des faits sur lesquels cela s\u2019appuie.<\/li>\n<\/ul>\n<ul>\n<li>D\u00e9cidez de la fa\u00e7on dont vous allez pr\u00e9senter ces faits au tribunal.<\/li>\n<li>Apportez un stylo et du papier pour prendre des notes pendant l&rsquo;audience.<\/li>\n<\/ul>\n<ul>\n<li>Si vous avez l&rsquo;intention d&rsquo;\u00eatre le seul t\u00e9moin, vous devrez exposer les faits au juge. Serez pr\u00eat \u00e0 r\u00e9pondre aux questions pos\u00e9es par l&rsquo;autre partie ou par son avocat.<\/li>\n<\/ul>\n<ul>\n<li>D\u00e9cidez si vous voulez appeler des t\u00e9moins.<\/li>\n<li>D\u00e9cidez si vous allez fournir au juge des documents ou des preuves.<\/li>\n<\/ul>\n<ul>\n<li>Si vous appelez des t\u00e9moins, vous devez leur parler et les pr\u00e9parez \u00e0 l\u2019avance. Vous devez savoir ce que vous allez leur demander devant le tribunal. Vous ne pouvez pas instruire \u00e0 un t\u00e9moin ce qu\u2019il doit dire, mais avant de poser une question \u00e0 un t\u00e9moin devant le tribunal, vous devez savoir ce qu&rsquo;il va r\u00e9pondre. Sinon, vous risquez d&rsquo;obtenir une r\u00e9ponse qui ne vous aidera pas.<\/li>\n<\/ul>\n<ul>\n<li>Choisissez des t\u00e9moins qui ont une connaissance directe des faits que vous voulez soumettre au juge. Les preuves de seconde main sont appel\u00e9es des preuves par ou\u00ef-dire et elles ne sont pas autoris\u00e9es. Par exemple, si vous apportez une lettre que vous voulez utiliser comme preuve, vous devrez peut-\u00eatre faire venir comme t\u00e9moin la personne qui a \u00e9crit la lettre.<\/li>\n<li>Seul un t\u00e9moin expert peut donner des opinions ou dire ce qu\u2019il croit. Habituellement, le juge ne s&rsquo;int\u00e9resse qu&rsquo;aux faits.<\/li>\n<\/ul>\n<ul>\n<li>Vous devez vous assurer vous-m\u00eame que vos t\u00e9moins savent quand se pr\u00e9senter devant le tribunal. Si vous pensez qu&rsquo;ils ne se pr\u00e9senteront peut-\u00eatre pas, vous devrez faire des d\u00e9marches pour qu&rsquo;une\u00a0<em>Assignation \u00e0 t\u00e9moin<\/em>\u00a0(<a href=\"https:\/\/www2.gnb.ca\/content\/dam\/gnb\/Departments\/ag-pg\/PDF\/Forms\/FORM-55a.pdf?random=1762458386272\" target=\"_blank\" rel=\"noopener\">formule\u00a055A<\/a>). Vous devrez demander \u00e0 l&rsquo;administrateur du tribunal un copie sign\u00e9e de cette formule, et le signifier au t\u00e9moin avant l&rsquo;audience. Vous devrez aussi payer des frais pour que ce t\u00e9moin comparaisse.<\/li>\n<\/ul>\n<ul>\n<li>D\u00e9cidez dans quel ordre vous appellerez vos t\u00e9moins.<\/li>\n<\/ul>\n<ul>\n<li>Pr\u00e9parez des questions que vous voulez poser \u00e0 l&rsquo;autre partie et \u00e0 ses t\u00e9moins.<\/li>\n<\/ul>\n<ul>\n<li>Lorsque vous planifiez ce que vous allez dire, essayez de pr\u00e9voir les questions que l&rsquo;autre partie pourrait vous poser devant le tribunal et pr\u00e9parez vos r\u00e9ponses.<\/li>\n<\/ul>\n<ul>\n<li>Limitez-vous aux faits que vous avez pr\u00e9par\u00e9s pour pr\u00e9senter votre cause au tribunal.<\/li>\n<\/ul>\n<p>La pr\u00e9paration est la cl\u00e9 du succ\u00e8s lorsque vous vous repr\u00e9sentez vous-m\u00eame devant le tribunal.<\/p>\n<\/div><\/div><\/div><div class=\"fusion-panel panel-default panel-381207abcd271fa1f fusion-toggle-has-divider\" style=\"--awb-title-color:var(--awb-color8);\"><div class=\"panel-heading\"><h4 class=\"panel-title toggle\" id=\"toggle_381207abcd271fa1f\"><a aria-expanded=\"false\" aria-controls=\"381207abcd271fa1f\" role=\"button\" data-toggle=\"collapse\" data-target=\"#381207abcd271fa1f\" href=\"#381207abcd271fa1f\"><span class=\"fusion-toggle-icon-wrapper\" aria-hidden=\"true\"><i class=\"fa-fusion-box active-icon awb-icon-minus\" aria-hidden=\"true\"><\/i><i class=\"fa-fusion-box inactive-icon awb-icon-plus\" aria-hidden=\"true\"><\/i><\/span><span class=\"fusion-toggle-heading\">Le jour de l'audience<\/span><\/a><\/h4><\/div><div id=\"381207abcd271fa1f\" class=\"panel-collapse collapse \" aria-labelledby=\"toggle_381207abcd271fa1f\"><div class=\"panel-body toggle-content fusion-clearfix\">\n<p>Le jour de l&rsquo;audience ou du proc\u00e8s, vous aurez l&rsquo;occasion de pr\u00e9senter votre cause. Le juge sera assis \u00e0 l&rsquo;avant de la salle d&rsquo;audience, face \u00e0 la salle, habituellement sur une plate-forme sur\u00e9lev\u00e9e ou \u00ab\u00a0banc\u00a0\u00bb.<\/p>\n<p>Un sh\u00e9rif et un st\u00e9nographe judiciaire seront \u00e9galement assis \u00e0 l&rsquo;avant. Le st\u00e9nographe enregistre l\u2019audience.<\/p>\n<p>Les partis qui pr\u00e9sentent leur cause au juge s\u2019assoient aux tables, face aux juges. C&rsquo;est normalement l\u00e0 o\u00f9 s\u2019assoient les avocats des deux parties. Si vous vous repr\u00e9sentez vous-m\u00eame, c&rsquo;est l\u00e0 o\u00f9 vous devrez vous asseoir ou vous tenir debout, face au juge. Si vous n&rsquo;\u00eates pas certain de l&rsquo;endroit o\u00f9 vous asseoir, v\u00e9rifiez avec le sh\u00e9rif.<\/p>\n<p>Derri\u00e8re les tables se trouve la tribune du public. Si des personnes vous accompagnent pour vous donner un soutien moral, c&rsquo;est l\u00e0 o\u00f9 elles s\u2019assoiront.<\/p>\n<p>Lorsque l&rsquo;officiel de la cour dira votre nom, vous devrez vous lever. Le juge vous demandera si un avocat vous repr\u00e9sente. Apr\u00e8s avoir confirm\u00e9 que vous vous repr\u00e9sentez vous-m\u00eame, le juge vous demandera de vous rendre \u00e0 la barre des t\u00e9moins. Avant de fournir des preuves ou de t\u00e9moigner, un t\u00e9moin doit s&rsquo;engager sous serment, ou par affirmation solennelle, \u00e0 dire la v\u00e9rit\u00e9.<\/p>\n<p>Si vous avez entrepris la poursuite en cour, vous serez appel\u00e9 la <strong>partie demanderesse<\/strong> ou la <strong>partie requ\u00e9rante<\/strong>, selon le type de cause. Si vous r\u00e9pondez la poursuite, vous \u00eates appel\u00e9 <strong>l\u2019intim\u00e9<\/strong>.<\/p>\n<p>La partie demanderesse ou la partie requ\u00e9rante passe en premier. Si c&rsquo;est vous, vous pr\u00e9senterez votre cause en fournissant des preuves et en appelant des t\u00e9moins. Lorsque vous aurez fini d\u2019interroger vos t\u00e9moins, l\u2019intime pourra les contre-interroger.<\/p>\n<p>Ensuite, l\u2019intime peut pr\u00e9senter sa cause. Si c\u2019est cous, cous le fait en pr\u00e9sentant vos preuves et en interrogeant vos propres t\u00e9moins. La partie demanderesse peut ensuite contre-interroger vos t\u00e9moins.<\/p>\n<p>Un fois que les deux parties ont termin\u00e9 d\u2019interroger et de contre-interroger les t\u00e9moins, chacune d&rsquo;entre vous r\u00e9sumerez votre cause en pr\u00e9sentant au juge des conclusions finales.<\/p>\n<\/div><\/div><\/div><div class=\"fusion-panel panel-default panel-c7287fc46b55b79a0 fusion-toggle-has-divider\" style=\"--awb-title-color:var(--awb-color8);\"><div class=\"panel-heading\"><h4 class=\"panel-title toggle\" id=\"toggle_c7287fc46b55b79a0\"><a aria-expanded=\"false\" aria-controls=\"c7287fc46b55b79a0\" role=\"button\" data-toggle=\"collapse\" data-target=\"#c7287fc46b55b79a0\" href=\"#c7287fc46b55b79a0\"><span class=\"fusion-toggle-icon-wrapper\" aria-hidden=\"true\"><i class=\"fa-fusion-box active-icon awb-icon-minus\" aria-hidden=\"true\"><\/i><i class=\"fa-fusion-box inactive-icon awb-icon-plus\" aria-hidden=\"true\"><\/i><\/span><span class=\"fusion-toggle-heading\">Conseils pour l'audience<\/span><\/a><\/h4><\/div><div id=\"c7287fc46b55b79a0\" class=\"panel-collapse collapse \" aria-labelledby=\"toggle_c7287fc46b55b79a0\"><div class=\"panel-body toggle-content fusion-clearfix\">\n<ul>\n<li><strong>Relisez tous les documents<\/strong>\u00a0que vous ou l&rsquo;autre partie avez d\u00e9pos\u00e9s aupr\u00e8s du tribunal avant de vous rendre l\u00e0. Apportez-en une copie avec vous. Le juge et l\u2019autre partie (ou son avocat) auront leurs copies.<\/li>\n<\/ul>\n<ul>\n<li><strong>Portez des v\u00eatements propres et appropri\u00e9s. <\/strong>Il n\u2019y a pas de code vestimentaire au tribunal, mais vous devez \u00e9viter les jeans, les pantalons de surv\u00eatement, les t-shirts avec des logos inappropri\u00e9s et les chaussures ouvertes. Visez une \u00ab tenue professionnelle d\u00e9contract\u00e9e \u00bb.<\/li>\n<li><strong>Arrivez t\u00f4t.<\/strong> Arrivez au moins 15 minutes avant le d\u00e9but de l&rsquo;audience.<\/li>\n<\/ul>\n<ul>\n<li><strong>Demandez o\u00f9 vous devez vous asseoir<\/strong>. Lorsque vous arrivez au tribunal, demandez \u00e0 un officier du sh\u00e9rif dans quelle salle d&rsquo;audience vous devez vous pr\u00e9senter. Il vous indiquera \u00e0 quelle table vous asseoir.<\/li>\n<\/ul>\n<ul>\n<li><strong>Levez-vous<\/strong>\u00a0lorsque le juge entre dans la salle d&rsquo;audience. Restez debout jusqu&rsquo;\u00e0 ce que le juge s&rsquo;assoie. Levez-vous pour parler.<\/li>\n<\/ul>\n<ul>\n<li><strong>Parlez\u00a0clairement<\/strong> et suffisamment fort pour que le juge puisse vous entendre.<\/li>\n<\/ul>\n<ul>\n<li><strong>Faites preuve de respect<\/strong>\u00a0envers le juge. Lorsque le juge vous parle, adressez-vous toujours \u00e0 lui en disant M. le juge ou Mme la juge.<\/li>\n<\/ul>\n<ul>\n<li><strong>N&rsquo;interrompez pas<\/strong>\u00a0le juge ni toute autre personne qui parle. \u00c9vitez de soupirer bruyamment ou de soulever les \u00e9paules en signe d&rsquo;incr\u00e9dulit\u00e9. Si vous n&rsquo;\u00eates pas d&rsquo;accord avec une personne, prenez des notes. Vous pourrez revenir sur le sujet lorsque ce sera \u00e0 votre tour de parler.<\/li>\n<\/ul>\n<\/div><\/div><\/div><div class=\"fusion-panel panel-default panel-0a8a2d98dd46b6d11 fusion-toggle-has-divider\" style=\"--awb-title-color:var(--awb-color8);\"><div class=\"panel-heading\"><h4 class=\"panel-title toggle\" id=\"toggle_0a8a2d98dd46b6d11\"><a aria-expanded=\"false\" aria-controls=\"0a8a2d98dd46b6d11\" role=\"button\" data-toggle=\"collapse\" data-target=\"#0a8a2d98dd46b6d11\" href=\"#0a8a2d98dd46b6d11\"><span class=\"fusion-toggle-icon-wrapper\" aria-hidden=\"true\"><i class=\"fa-fusion-box active-icon awb-icon-minus\" aria-hidden=\"true\"><\/i><i class=\"fa-fusion-box inactive-icon awb-icon-plus\" aria-hidden=\"true\"><\/i><\/span><span class=\"fusion-toggle-heading\">Apr\u00e8s l'audience<\/span><\/a><\/h4><\/div><div id=\"0a8a2d98dd46b6d11\" class=\"panel-collapse collapse \" aria-labelledby=\"toggle_0a8a2d98dd46b6d11\"><div class=\"panel-body toggle-content fusion-clearfix\">\n<p>\u00c0 la fin de l&rsquo;audience, le juge peut rendre une d\u00e9cision. Cependant, il arrive qu&rsquo;un juge prenne le temps de r\u00e9fl\u00e9chir \u00e0 la cause. Si cela se produit, il rendra une d\u00e9cision \u00e9crite apr\u00e8s la fin de l&rsquo;audience. Le bureau de l&rsquo;administrateur du tribunal vous enverra une copie de l&rsquo;ordonnance du tribunal lorsque le juge aura rendu sa d\u00e9cision.<\/p>\n<\/div><\/div><\/div><\/div><\/div><\/div><\/div><\/div><\/div><\/p>\n","protected":false},"excerpt":{"rendered":"","protected":false},"author":1,"featured_media":0,"parent":162,"menu_order":0,"comment_status":"closed","ping_status":"closed","template":"","meta":{"footnotes":""},"class_list":["post-178","page","type-page","status-publish","hentry"],"_links":{"self":[{"href":"https:\/\/familylawnb.ca\/fr\/wp-json\/wp\/v2\/pages\/178","targetHints":{"allow":["GET"]}}],"collection":[{"href":"https:\/\/familylawnb.ca\/fr\/wp-json\/wp\/v2\/pages"}],"about":[{"href":"https:\/\/familylawnb.ca\/fr\/wp-json\/wp\/v2\/types\/page"}],"author":[{"embeddable":true,"href":"https:\/\/familylawnb.ca\/fr\/wp-json\/wp\/v2\/users\/1"}],"replies":[{"embeddable":true,"href":"https:\/\/familylawnb.ca\/fr\/wp-json\/wp\/v2\/comments?post=178"}],"version-history":[{"count":2,"href":"https:\/\/familylawnb.ca\/fr\/wp-json\/wp\/v2\/pages\/178\/revisions"}],"predecessor-version":[{"id":484,"href":"https:\/\/familylawnb.ca\/fr\/wp-json\/wp\/v2\/pages\/178\/revisions\/484"}],"up":[{"embeddable":true,"href":"https:\/\/familylawnb.ca\/fr\/wp-json\/wp\/v2\/pages\/162"}],"wp:attachment":[{"href":"https:\/\/familylawnb.ca\/fr\/wp-json\/wp\/v2\/media?parent=178"}],"curies":[{"name":"wp","href":"https:\/\/api.w.org\/{rel}","templated":true}]}}