{"id":197,"date":"2025-08-07T21:48:11","date_gmt":"2025-08-07T21:48:11","guid":{"rendered":"https:\/\/familylawnb.ca\/?page_id=197"},"modified":"2026-04-14T20:10:50","modified_gmt":"2026-04-14T20:10:50","slug":"responsabilites-parentales-apres-une-separation","status":"publish","type":"page","link":"https:\/\/familylawnb.ca\/fr\/info-legale\/responsabilites-parentales-apres-une-separation\/","title":{"rendered":"Responsabilit\u00e9s parentales apr\u00e8s une s\u00e9paration"},"content":{"rendered":"<p><div class=\"fusion-fullwidth fullwidth-box fusion-builder-row-1 fusion-flex-container has-pattern-background has-mask-background nonhundred-percent-fullwidth non-hundred-percent-height-scrolling\" style=\"--awb-border-radius-top-left:0px;--awb-border-radius-top-right:0px;--awb-border-radius-bottom-right:0px;--awb-border-radius-bottom-left:0px;--awb-flex-wrap:wrap;\" ><div class=\"fusion-builder-row fusion-row fusion-flex-align-items-flex-start fusion-flex-content-wrap\" style=\"max-width:1729.52px;margin-left: calc(-4% \/ 2 );margin-right: calc(-4% \/ 2 );\"><div class=\"fusion-layout-column fusion_builder_column fusion-builder-column-0 fusion_builder_column_1_1 1_1 fusion-flex-column\" style=\"--awb-bg-size:cover;--awb-width-large:100%;--awb-margin-top-large:0px;--awb-spacing-right-large:1.92%;--awb-margin-bottom-large:20px;--awb-spacing-left-large:1.92%;--awb-width-medium:100%;--awb-order-medium:0;--awb-spacing-right-medium:1.92%;--awb-spacing-left-medium:1.92%;--awb-width-small:100%;--awb-order-small:0;--awb-spacing-right-small:1.92%;--awb-spacing-left-small:1.92%;\"><div class=\"fusion-column-wrapper fusion-column-has-shadow fusion-flex-justify-content-flex-start fusion-content-layout-column\"><div class=\"fusion-title title fusion-title-1 fusion-sep-none fusion-title-text fusion-title-size-one\"><h1 class=\"fusion-title-heading title-heading-left\" style=\"margin:0;\">Responsabilit\u00e9s parentales apr\u00e8s une s\u00e9paration<\/h1><\/div><\/div><\/div><\/div><\/div><div class=\"fusion-fullwidth fullwidth-box fusion-builder-row-2 fusion-flex-container has-pattern-background has-mask-background nonhundred-percent-fullwidth non-hundred-percent-height-scrolling\" style=\"--awb-border-radius-top-left:0px;--awb-border-radius-top-right:0px;--awb-border-radius-bottom-right:0px;--awb-border-radius-bottom-left:0px;--awb-flex-wrap:wrap;\" ><div class=\"fusion-builder-row fusion-row fusion-flex-align-items-flex-start fusion-flex-content-wrap\" style=\"max-width:1729.52px;margin-left: calc(-4% \/ 2 );margin-right: calc(-4% \/ 2 );\"><div class=\"fusion-layout-column fusion_builder_column fusion-builder-column-1 fusion_builder_column_1_1 1_1 fusion-flex-column\" style=\"--awb-bg-size:cover;--awb-width-large:100%;--awb-margin-top-large:0px;--awb-spacing-right-large:1.92%;--awb-margin-bottom-large:20px;--awb-spacing-left-large:1.92%;--awb-width-medium:100%;--awb-order-medium:0;--awb-spacing-right-medium:1.92%;--awb-spacing-left-medium:1.92%;--awb-width-small:100%;--awb-order-small:0;--awb-spacing-right-small:1.92%;--awb-spacing-left-small:1.92%;\"><div class=\"fusion-column-wrapper fusion-column-has-shadow fusion-flex-justify-content-flex-start fusion-content-layout-column\"><div class=\"fusion-text fusion-text-1\"><p>Lors d\u2019une s\u00e9paration de l\u2019autre parent de vos enfants, vous devrez tous les deux prendre les d\u00e9cisions comme leur lieu de r\u00e9sidence, qui prendra les d\u00e9cisions importantes, et combien de temps les enfants passeront avec chaque parent.<\/p>\n<p>Ces arrangements peuvent parfois \u00eatre informels, selon un accord verbal or selon la routine qui s\u2019installe naturellement apr\u00e8s la s\u00e9paration.\u00a0 Vous pouvez \u00e9galement conclure un accord \u00e9crit plus formel, sign\u00e9 par vous deux.<\/p>\n<p>Si vous et l\u2019autre parent ne parvenez pas a un accord, l\u2019un de vous peut \u00e9galement d\u00e9poser une demande \u00e0 la cour pour une ordonnance parentale.<\/p>\n<\/div><\/div><\/div><div class=\"fusion-layout-column fusion_builder_column fusion-builder-column-2 fusion_builder_column_1_1 1_1 fusion-flex-column\" style=\"--awb-bg-size:cover;--awb-width-large:100%;--awb-margin-top-large:0px;--awb-spacing-right-large:1.92%;--awb-margin-bottom-large:20px;--awb-spacing-left-large:1.92%;--awb-width-medium:100%;--awb-order-medium:0;--awb-spacing-right-medium:1.92%;--awb-spacing-left-medium:1.92%;--awb-width-small:100%;--awb-order-small:0;--awb-spacing-right-small:1.92%;--awb-spacing-left-small:1.92%;\"><div class=\"fusion-column-wrapper fusion-column-has-shadow fusion-flex-justify-content-flex-start fusion-content-layout-column\"><div class=\"accordian fusion-accordian\" style=\"--awb-border-size:1px;--awb-icon-size:36px;--awb-content-font-size:20px;--awb-icon-alignment:right;--awb-hover-color:var(--awb-color2);--awb-border-color:var(--awb-color2);--awb-background-color:var(--awb-color1);--awb-divider-color:var(--awb-color2);--awb-divider-hover-color:var(--awb-color2);--awb-icon-color:var(--awb-color2);--awb-title-color:var(--awb-color8);--awb-content-color:var(--awb-color8);--awb-icon-box-color:var(--awb-color8);--awb-toggle-hover-accent-color:var(--awb-color2);--awb-title-font-family:&quot;Montserrat&quot;;--awb-title-font-weight:700;--awb-title-font-style:normal;--awb-title-font-size:26px;--awb-content-font-family:&quot;Open Sans&quot;;--awb-content-font-style:normal;--awb-content-font-weight:400;\"><div class=\"panel-group fusion-toggle-icon-right fusion-toggle-icon-boxed\" id=\"accordion-197-1\"><div class=\"fusion-panel panel-default panel-2c1f9c6c2a5bb805b fusion-toggle-has-divider\" style=\"--awb-title-color:var(--awb-color8);\" id=\"la-responsabilit\u00e9-d\u00e9cisionnelle\"><div class=\"panel-heading\"><h4 class=\"panel-title toggle\" id=\"toggle_2c1f9c6c2a5bb805b\"><a aria-expanded=\"false\" aria-controls=\"2c1f9c6c2a5bb805b\" role=\"button\" data-toggle=\"collapse\" data-target=\"#2c1f9c6c2a5bb805b\" href=\"#2c1f9c6c2a5bb805b\"><span class=\"fusion-toggle-icon-wrapper\" aria-hidden=\"true\"><i class=\"fa-fusion-box active-icon awb-icon-minus\" aria-hidden=\"true\"><\/i><i class=\"fa-fusion-box inactive-icon awb-icon-plus\" aria-hidden=\"true\"><\/i><\/span><span class=\"fusion-toggle-heading\">La responsabilit\u00e9 d\u00e9cisionnelle<\/span><\/a><\/h4><\/div><div id=\"2c1f9c6c2a5bb805b\" class=\"panel-collapse collapse \" aria-labelledby=\"toggle_2c1f9c6c2a5bb805b\"><div class=\"panel-body toggle-content fusion-clearfix\">\n<p>Voici quelques exemples de d\u00e9cisions que vous devez prendre en tant que parents\u00a0:<\/p>\n<ul>\n<li>L\u2019\u00e9cole que fr\u00e9quenteront vos enfants<\/li>\n<li>Quels soins m\u00e9dicaux qu\u2019ils recevront<\/li>\n<li>L\u2019\u00e9ducation culturelle ou religieuse qu\u2019ils recevront<\/li>\n<\/ul>\n<p>La responsabilit\u00e9 de prendre ces d\u00e9cisions importantes est appel\u00e9e \u00ab\u00a0la responsabilit\u00e9 d\u00e9cisionnelle.\u00a0\u00bb<\/p>\n<\/div><\/div><\/div><div class=\"fusion-panel panel-default panel-0e292ede0bfe26977 fusion-toggle-has-divider\" style=\"--awb-title-color:var(--awb-color8);\" id=\"le-temps-parental\"><div class=\"panel-heading\"><h4 class=\"panel-title toggle\" id=\"toggle_0e292ede0bfe26977\"><a aria-expanded=\"false\" aria-controls=\"0e292ede0bfe26977\" role=\"button\" data-toggle=\"collapse\" data-target=\"#0e292ede0bfe26977\" href=\"#0e292ede0bfe26977\"><span class=\"fusion-toggle-icon-wrapper\" aria-hidden=\"true\"><i class=\"fa-fusion-box active-icon awb-icon-minus\" aria-hidden=\"true\"><\/i><i class=\"fa-fusion-box inactive-icon awb-icon-plus\" aria-hidden=\"true\"><\/i><\/span><span class=\"fusion-toggle-heading\">Le temps parental<\/span><\/a><\/h4><\/div><div id=\"0e292ede0bfe26977\" class=\"panel-collapse collapse \" aria-labelledby=\"toggle_0e292ede0bfe26977\"><div class=\"panel-body toggle-content fusion-clearfix\">\n<p>Lorsque votre enfant est sous votre garde et votre surveillance, on l\u2019appelle le <strong>temps parental<\/strong>. Cela inclut les moments ou vous \u00eates responsable de votre enfant, mais qu\u2019il est \u00e0 l\u2019\u00e9cole, \u00e0 la garderie, ou \u00e0 une activit\u00e9 parascolaire.<\/p>\n<\/div><\/div><\/div><div class=\"fusion-panel panel-default panel-6539f19be7311f841 fusion-toggle-has-divider\" style=\"--awb-title-color:var(--awb-color8);\" id=\"l-entente-parental\"><div class=\"panel-heading\"><h4 class=\"panel-title toggle\" id=\"toggle_6539f19be7311f841\"><a aria-expanded=\"false\" aria-controls=\"6539f19be7311f841\" role=\"button\" data-toggle=\"collapse\" data-target=\"#6539f19be7311f841\" href=\"#6539f19be7311f841\"><span class=\"fusion-toggle-icon-wrapper\" aria-hidden=\"true\"><i class=\"fa-fusion-box active-icon awb-icon-minus\" aria-hidden=\"true\"><\/i><i class=\"fa-fusion-box inactive-icon awb-icon-plus\" aria-hidden=\"true\"><\/i><\/span><span class=\"fusion-toggle-heading\">L\u2019entente parental<\/span><\/a><\/h4><\/div><div id=\"6539f19be7311f841\" class=\"panel-collapse collapse \" aria-labelledby=\"toggle_6539f19be7311f841\"><div class=\"panel-body toggle-content fusion-clearfix\">\n<p>Vous et l\u2019autre parent de votre enfant pouvez r\u00e9diger vos accords concernant la responsabilit\u00e9 d\u00e9cisionnelle et le temps parental. Les deux parents devraient signer l\u2019accord, et un t\u00e9moin devrait \u00e9galement le signer. Il peut aussi \u00eatre utile de faire examiner cette entente par un avocat.<\/p>\n<\/div><\/div><\/div><div class=\"fusion-panel panel-default panel-72758bad919022cbe fusion-toggle-has-divider\" style=\"--awb-title-color:var(--awb-color8);\" id=\"l-int\u00e9r\u00eat-sup\u00e9rieur-de-l-enfant\"><div class=\"panel-heading\"><h4 class=\"panel-title toggle\" id=\"toggle_72758bad919022cbe\"><a aria-expanded=\"false\" aria-controls=\"72758bad919022cbe\" role=\"button\" data-toggle=\"collapse\" data-target=\"#72758bad919022cbe\" href=\"#72758bad919022cbe\"><span class=\"fusion-toggle-icon-wrapper\" aria-hidden=\"true\"><i class=\"fa-fusion-box active-icon awb-icon-minus\" aria-hidden=\"true\"><\/i><i class=\"fa-fusion-box inactive-icon awb-icon-plus\" aria-hidden=\"true\"><\/i><\/span><span class=\"fusion-toggle-heading\">L\u2019int\u00e9r\u00eat sup\u00e9rieur de l\u2019enfant<\/span><\/a><\/h4><\/div><div id=\"72758bad919022cbe\" class=\"panel-collapse collapse \" aria-labelledby=\"toggle_72758bad919022cbe\"><div class=\"panel-body toggle-content fusion-clearfix\">\n<p>L\u2019int\u00e9r\u00eat sup\u00e9rieur de l\u2019enfant doit toujours \u00eatre la priorit\u00e9 absolue lors de la prise de d\u00e9cisions concernant les arrangements parentaux. Pour \u00e9valuer leur int\u00e9r\u00eat sup\u00e9rieur, la Loi sur le droit de la famille et la Loi sur le divorce \u00e9num\u00e8rent toutes deux les facteurs que les cours peuvent prendre en consid\u00e9ration. Ces facteurs incluent\u00a0:<\/p>\n<ul>\n<li>Les besoins de l\u2019enfant et leur maturit\u00e9<\/li>\n<li>La volont\u00e9 des parents de communiquer<\/li>\n<li>La relation de l\u2019enfant avec les deux parents<\/li>\n<li>La relation de l\u2019enfant avec les autres adultes comme leurs fr\u00e8res et s\u0153urs et leurs grands-parents<\/li>\n<\/ul>\n<\/div><\/div><\/div><div class=\"fusion-panel panel-default panel-179ed2d5e2451e96e fusion-toggle-has-divider\" style=\"--awb-title-color:var(--awb-color8);\" id=\"r\u00e9soudre-un-conflit\"><div class=\"panel-heading\"><h4 class=\"panel-title toggle\" id=\"toggle_179ed2d5e2451e96e\"><a aria-expanded=\"false\" aria-controls=\"179ed2d5e2451e96e\" role=\"button\" data-toggle=\"collapse\" data-target=\"#179ed2d5e2451e96e\" href=\"#179ed2d5e2451e96e\"><span class=\"fusion-toggle-icon-wrapper\" aria-hidden=\"true\"><i class=\"fa-fusion-box active-icon awb-icon-minus\" aria-hidden=\"true\"><\/i><i class=\"fa-fusion-box inactive-icon awb-icon-plus\" aria-hidden=\"true\"><\/i><\/span><span class=\"fusion-toggle-heading\">R\u00e9soudre un conflit<\/span><\/a><\/h4><\/div><div id=\"179ed2d5e2451e96e\" class=\"panel-collapse collapse \" aria-labelledby=\"toggle_179ed2d5e2451e96e\"><div class=\"panel-body toggle-content fusion-clearfix\">\n<p>Lorsque vous et l\u2019autre parent de votre enfant ne parvenez pas \u00e0 vous entendre sur des d\u00e9cisions importantes concernant l\u2019enfant, comme l\u2019horaire de temps parental le plus adapt\u00e9 a son int\u00e9r\u00eat sup\u00e9rieur, cous pouvez essayer de r\u00e9soudre vos d\u00e9saccords en\u00a0:<\/p>\n<ul>\n<li>Discutant de vos pr\u00e9occupations et en essayant de parvenir \u00e0 un accord,<\/li>\n<li>Faisant appel \u00e0 un professionnel comme les services de m\u00e9diation, ou une avocate ou un avocat pour r\u00e9soudre le probl\u00e8me et parvenir \u00e0 un accord, ou<\/li>\n<li>D\u00e9posant une demande aupr\u00e8s du tribunal pour obtenir une ordonnance parentale.<\/li>\n<\/ul>\n<\/div><\/div><\/div><div class=\"fusion-panel panel-default panel-005cbeefb085bb132 fusion-toggle-has-divider\" style=\"--awb-title-color:var(--awb-color8);\" id=\"l-ordonnance-de-contact\"><div class=\"panel-heading\"><h4 class=\"panel-title toggle\" id=\"toggle_005cbeefb085bb132\"><a aria-expanded=\"false\" aria-controls=\"005cbeefb085bb132\" role=\"button\" data-toggle=\"collapse\" data-target=\"#005cbeefb085bb132\" href=\"#005cbeefb085bb132\"><span class=\"fusion-toggle-icon-wrapper\" aria-hidden=\"true\"><i class=\"fa-fusion-box active-icon awb-icon-minus\" aria-hidden=\"true\"><\/i><i class=\"fa-fusion-box inactive-icon awb-icon-plus\" aria-hidden=\"true\"><\/i><\/span><span class=\"fusion-toggle-heading\">L\u2019ordonnance de contact<\/span><\/a><\/h4><\/div><div id=\"005cbeefb085bb132\" class=\"panel-collapse collapse \" aria-labelledby=\"toggle_005cbeefb085bb132\"><div class=\"panel-body toggle-content fusion-clearfix\">\n<p>Les adultes qui ne sont pas les parents peuvent demander de temps aupr\u00e8s d&rsquo;un enfant s&rsquo;ils croient que cela est dans son int\u00e9r\u00eat sup\u00e9rieur. Si les parents refusent, ces adultes peuvent \u00e9galement faire une demande \u00e0 la cour pour obtenir une ordonnance de contact. Une ordonnance de contact autorise une personne \u00e0 passer du temps avec l&rsquo;enfant par le biais de visites, d&rsquo;appels t\u00e9l\u00e9phoniques, d&rsquo;appels vid\u00e9o ou d&rsquo;autres modalit\u00e9s jug\u00e9es appropri\u00e9es par la cour.<\/p>\n<p>Les personnes qui demandent le plus souvent une ordonnance de contact sont\u00a0:<\/p>\n<ul>\n<li>Les grands-parents<\/li>\n<li>Les fr\u00e8res et s\u0153urs adultes<\/li>\n<li>Les anciens beaux-parents<\/li>\n<li>Les tantes et les oncles<\/li>\n<\/ul>\n<\/div><\/div><\/div><div class=\"fusion-panel panel-default panel-ef905c3ed3037a29a fusion-toggle-has-divider\" style=\"--awb-title-color:var(--awb-color8);\" id=\"parentales-apr\u00e8s-s\u00e9paration-autres-ressources\"><div class=\"panel-heading\"><h4 class=\"panel-title toggle\" id=\"toggle_ef905c3ed3037a29a\"><a aria-expanded=\"false\" aria-controls=\"ef905c3ed3037a29a\" role=\"button\" data-toggle=\"collapse\" data-target=\"#ef905c3ed3037a29a\" href=\"#ef905c3ed3037a29a\"><span class=\"fusion-toggle-icon-wrapper\" aria-hidden=\"true\"><i class=\"fa-fusion-box active-icon awb-icon-minus\" aria-hidden=\"true\"><\/i><i class=\"fa-fusion-box inactive-icon awb-icon-plus\" aria-hidden=\"true\"><\/i><\/span><span class=\"fusion-toggle-heading\">Autres ressources<\/span><\/a><\/h4><\/div><div id=\"ef905c3ed3037a29a\" class=\"panel-collapse collapse \" aria-labelledby=\"toggle_ef905c3ed3037a29a\"><div class=\"panel-body toggle-content fusion-clearfix\">\n<p><a href=\"https:\/\/familylawnb.ca\/fr\/programmes\/programme-dinformation-des-parents\/\">Programme d\u2019information des parents<\/a><\/p>\n<p>Du gouvernement du Canada<\/p>\n<ul>\n<li><a href=\"https:\/\/justice.gc.ca\/fra\/pr-rp\/lf-fl\/famil\/livre-book\/index.html\" target=\"_blank\" rel=\"noopener\">Mes parents se s\u00e9parent ou divorcent : Qu&rsquo;est-ce que \u00e7a veut dire pour moi ?<\/a><\/li>\n<li><a href=\"https:\/\/www.canada.ca\/fr\/sante-publique\/services\/publications\/vie-saine\/parce-que-la-vie-continue-aider-enfants-adolescents-vivre-separation-divorce.html\" target=\"_blank\" rel=\"noopener\">Parce que la vie continue\u2026aider les enfants et les adolescents \u00e0 vivre la s\u00e9paration et le divorce<\/a><\/li>\n<li><a href=\"https:\/\/www.justice.gc.ca\/fra\/df-fl\/parent\/refasd-hcrdas.html\" target=\"_blank\" rel=\"noopener\">R\u00e9actions des enfants en fonction de l&rsquo;\u00e2ge et du stade de d\u00e9veloppement<\/a><\/li>\n<li><a href=\"https:\/\/canada.justice.gc.ca\/fra\/df-fl\/parent\/fdp-mp\/index.html\" target=\"_blank\" rel=\"noopener\">Faire des plans &#8211; Guide sur les arrangements parentaux apr\u00e8s la s\u00e9paration ou le divorce<\/a><\/li>\n<li><a href=\"https:\/\/canada.justice.gc.ca\/fra\/df-fl\/parent\/ecppp-ppt\/form\/form.html\" target=\"_blank\" rel=\"noopener\">L\u2019\u00e9chantillon de clauses pour un plan parental<\/a><\/li>\n<li><a href=\"https:\/\/www.justice.gc.ca\/fra\/df-fl\/parent\/lvppp-ppc\/index.html\" target=\"_blank\" rel=\"noopener\">Liste de v\u00e9rification pour les plans parentaux : Renseignements utiles pour partir du bon pied<\/a><\/li>\n<li><a href=\"https:\/\/www.justice.gc.ca\/fra\/df-fl\/fiches5-fact5.html\" target=\"_blank\" rel=\"noopener\">D\u00e9m\u00e9nager apr\u00e8s une s\u00e9paration ou un divorce?<\/a><\/li>\n<li><a href=\"https:\/\/www.justice.gc.ca\/fra\/df-fl\/fiches-fact.html\" target=\"_blank\" rel=\"noopener\">Arrangements parentaux apr\u00e8s une s\u00e9paration ou un divorce<\/a> (fiche d\u2019information)<\/li>\n<li><a href=\"https:\/\/canada.justice.gc.ca\/fra\/df-fl\/fipvpe-fscvp.html\" target=\"_blank\" rel=\"noopener\">Le point de vue et les pr\u00e9f\u00e9rences de l\u2019enfant<\/a> (fiche d\u2019information)<\/li>\n<li><a href=\"https:\/\/canada.justice.gc.ca\/fra\/df-fl\/fiopa-fsdpo.html\" target=\"_blank\" rel=\"noopener\">Obligations des parents et des autres personnes concern\u00e9es<\/a> (fiche d\u2019information)<\/li>\n<li><a href=\"https:\/\/www.justice.gc.ca\/fra\/df-fl\/firdf-fsfdr.html\" target=\"_blank\" rel=\"noopener\">R\u00e8glement des diff\u00e9rends familiaux : r\u00e9soudre les questions de droit de la famille hors cour<\/a> (fiche d\u2019information)<\/li>\n<\/ul>\n<\/div><\/div><\/div><\/div><\/div><\/div><\/div><\/div><\/div><\/p>\n","protected":false},"excerpt":{"rendered":"","protected":false},"author":1,"featured_media":0,"parent":162,"menu_order":0,"comment_status":"closed","ping_status":"closed","template":"","meta":{"footnotes":""},"class_list":["post-197","page","type-page","status-publish","hentry"],"_links":{"self":[{"href":"https:\/\/familylawnb.ca\/fr\/wp-json\/wp\/v2\/pages\/197","targetHints":{"allow":["GET"]}}],"collection":[{"href":"https:\/\/familylawnb.ca\/fr\/wp-json\/wp\/v2\/pages"}],"about":[{"href":"https:\/\/familylawnb.ca\/fr\/wp-json\/wp\/v2\/types\/page"}],"author":[{"embeddable":true,"href":"https:\/\/familylawnb.ca\/fr\/wp-json\/wp\/v2\/users\/1"}],"replies":[{"embeddable":true,"href":"https:\/\/familylawnb.ca\/fr\/wp-json\/wp\/v2\/comments?post=197"}],"version-history":[{"count":5,"href":"https:\/\/familylawnb.ca\/fr\/wp-json\/wp\/v2\/pages\/197\/revisions"}],"predecessor-version":[{"id":960,"href":"https:\/\/familylawnb.ca\/fr\/wp-json\/wp\/v2\/pages\/197\/revisions\/960"}],"up":[{"embeddable":true,"href":"https:\/\/familylawnb.ca\/fr\/wp-json\/wp\/v2\/pages\/162"}],"wp:attachment":[{"href":"https:\/\/familylawnb.ca\/fr\/wp-json\/wp\/v2\/media?parent=197"}],"curies":[{"name":"wp","href":"https:\/\/api.w.org\/{rel}","templated":true}]}}