{"id":229,"date":"2025-08-07T21:50:17","date_gmt":"2025-08-07T21:50:17","guid":{"rendered":"https:\/\/familylawnb.ca\/?page_id=229"},"modified":"2026-02-19T23:23:17","modified_gmt":"2026-02-19T23:23:17","slug":"formulaires","status":"publish","type":"page","link":"https:\/\/familylawnb.ca\/fr\/formulaires\/","title":{"rendered":"Formulaires"},"content":{"rendered":"<p><div class=\"fusion-fullwidth fullwidth-box fusion-builder-row-1 fusion-flex-container has-pattern-background has-mask-background nonhundred-percent-fullwidth non-hundred-percent-height-scrolling\" style=\"--awb-border-radius-top-left:0px;--awb-border-radius-top-right:0px;--awb-border-radius-bottom-right:0px;--awb-border-radius-bottom-left:0px;--awb-flex-wrap:wrap;\" ><div class=\"fusion-builder-row fusion-row fusion-flex-align-items-flex-start fusion-flex-content-wrap\" style=\"max-width:1729.52px;margin-left: calc(-4% \/ 2 );margin-right: calc(-4% \/ 2 );\"><div class=\"fusion-layout-column fusion_builder_column fusion-builder-column-0 fusion_builder_column_1_1 1_1 fusion-flex-column\" style=\"--awb-bg-size:cover;--awb-width-large:100%;--awb-margin-top-large:0px;--awb-spacing-right-large:1.92%;--awb-margin-bottom-large:20px;--awb-spacing-left-large:1.92%;--awb-width-medium:100%;--awb-order-medium:0;--awb-spacing-right-medium:1.92%;--awb-spacing-left-medium:1.92%;--awb-width-small:100%;--awb-order-small:0;--awb-spacing-right-small:1.92%;--awb-spacing-left-small:1.92%;\"><div class=\"fusion-column-wrapper fusion-column-has-shadow fusion-flex-justify-content-flex-start fusion-content-layout-column\"><div class=\"fusion-title title fusion-title-1 fusion-sep-none fusion-title-text fusion-title-size-one\"><h1 class=\"fusion-title-heading title-heading-left\" style=\"margin:0;\">Formulaires relatifs au droit de la famille<\/h1><\/div><\/div><\/div><\/div><\/div><div class=\"fusion-fullwidth fullwidth-box fusion-builder-row-2 fusion-flex-container has-pattern-background has-mask-background nonhundred-percent-fullwidth non-hundred-percent-height-scrolling\" style=\"--awb-border-radius-top-left:0px;--awb-border-radius-top-right:0px;--awb-border-radius-bottom-right:0px;--awb-border-radius-bottom-left:0px;--awb-flex-wrap:wrap;\" ><div class=\"fusion-builder-row fusion-row fusion-flex-align-items-flex-start fusion-flex-content-wrap\" style=\"max-width:1729.52px;margin-left: calc(-4% \/ 2 );margin-right: calc(-4% \/ 2 );\"><div class=\"fusion-layout-column fusion_builder_column fusion-builder-column-1 fusion_builder_column_1_1 1_1 fusion-flex-column\" style=\"--awb-bg-size:cover;--awb-width-large:100%;--awb-margin-top-large:0px;--awb-spacing-right-large:1.92%;--awb-margin-bottom-large:20px;--awb-spacing-left-large:1.92%;--awb-width-medium:100%;--awb-order-medium:0;--awb-spacing-right-medium:1.92%;--awb-spacing-left-medium:1.92%;--awb-width-small:100%;--awb-order-small:0;--awb-spacing-right-small:1.92%;--awb-spacing-left-small:1.92%;\"><div class=\"fusion-column-wrapper fusion-column-has-shadow fusion-flex-justify-content-flex-start fusion-content-layout-column\"><div class=\"fusion-text fusion-text-1\"><p>Utilisez le menu de navigation pour trouver les formulaires \u00a0correspondant au processus de demande qui s\u2019applique \u00e0 vous.<\/p>\n<p><strong>Directives pour remplir et imprimer les formules<\/strong><\/p>\n<ul>\n<li>Pour vous aider \u00e0 choisir et \u00e0 remplir les formulaires dont vous aurez besoin, v\u00e9rifiez si un des\u00a0<a href=\"https:\/\/familylawnb.ca\/fr\/info-legale\/comparaitre-devant-le-tribunal\/\">Guides pratiques<\/a>\u00a0affich\u00e9s sur ce site web s\u2019applique \u00e0 votre affaire de droit de la famille. Prenez le temps de bien lire l\u2019information. Vous pourrez ainsi mieux d\u00e9terminer les renseignements que vous devrez fournir.<\/li>\n<\/ul>\n<ul>\n<li>Si vous habitez dans le district judiciaire de Saint John (comt\u00e9s de Queens, Charlotte et Saint John) ou de Moncton (comt\u00e9s d\u2019Albert, de Westmorland et de Kent), vous pouvez contacter le Centre d\u2019information juridique sur le droit de la famille (CIJDF) au palais de justice correspondant :\n<ul>\n<li>CIJDF de Saint John : Palais de justice de Saint John (10, Peel Plaza), niveau 2; 506-658-2261<\/li>\n<li>CIJDF de Moncton : Palais de justice de Moncton (145, boulevard Assomption), premier niveau; 506-856-3131<\/li>\n<\/ul>\n<\/li>\n<\/ul>\n<ul>\n<li>Lorsque vous savez quels formulaires vous devez remplir, vous pouvez y acc\u00e9der\u00a0<a href=\"https:\/\/www2.gnb.ca\/content\/gnb\/fr\/ministeres\/securite-publique\/procureur_general\/content\/lois_et_reglements\/content\/regles_de_procedure\/formules.html\" target=\"_blank\" rel=\"noopener\">en ligne aupr\u00e8s du procureur g\u00e9n\u00e9ral du Nouveau-Brunswick<\/a>\u00a0ou en faire la demande au bureau local de Services Nouveau-Brunswick en pr\u00e9cisant le ou les formulaires par leur nom. Il est possible que l\u2019impression de ces formulaires entra\u00eene des frais minimes.<\/li>\n<\/ul>\n<ul>\n<li>Les \u00ab\u00a0<a href=\"https:\/\/www2.gnb.ca\/content\/gnb\/fr\/ministeres\/securite-publique\/procureur_general\/content\/lois_et_reglements\/content\/regles_de_procedure\/regles.html\" target=\"_blank\" rel=\"noopener\">R\u00e8gles de proc\u00e9dure<\/a>\u00a0\u00bb et dans \u00ab\u00a0<a href=\"https:\/\/www2.gnb.ca\/content\/gnb\/fr\/ministeres\/securite-publique\/procureur_general\/content\/lois_et_reglements\/content\/regles_de_procedure\/formules.html\" target=\"_blank\" rel=\"noopener\">Formulaires de justice<\/a>\u00a0\u00bb indiquent quels formulaires sont n\u00e9cessaires pour s\u2019adresser aux tribunaux dans une affaire de droit de la famille. Il est interdit de modifier les formulaires de justice. N\u2019essayez donc pas de couper des sections ou de changer quoi que ce soit aux formulaires. Si certaines parties d\u2019un formulaire ne vous concernent pas, vous pouvez les rayer.<\/li>\n<\/ul>\n<ul>\n<li>Les tribunaux exigent que certaines normes soient respect\u00e9es lorsque des formulaires sont pr\u00e9sent\u00e9s (d\u00e9pos\u00e9s). Imprimez les formulaires sur une seule face et avec des marges d\u2019environ 4 cm. La police de caract\u00e8res doit \u00eatre de 12 points. Vous trouverez des informations sur le format des documents de justice dans le document\u00a0<a href=\"https:\/\/laws.gnb.ca\/en\/ShowPdf\/cr\/Rule-4.pdf\" target=\"_blank\" rel=\"noopener\">R\u00e8gle 4<\/a>\u00a0des\u00a0<a href=\"https:\/\/www2.gnb.ca\/content\/gnb\/fr\/ministeres\/securite-publique\/procureur_general\/content\/lois_et_reglements\/content\/regles_de_procedure\/regles.html\" target=\"_blank\" rel=\"noopener\">R\u00e8gles de proc\u00e9dures du Nouveau-Brunswick<\/a>.<\/li>\n<li>Remplissez les formulaires dans une seule langue officielle. Si le formulaire que vous utilisez est bilingue, avec l&rsquo;anglais et le fran\u00e7ais de chaque c\u00f4t\u00e9, ne remplissez qu&rsquo;un seul c\u00f4t\u00e9.<\/li>\n<\/ul>\n<ul>\n<li>Si vous avez un formulaire est remplissable, vous pouvez le remplir directement \u00e0 l\u2019\u00e9cran, puis l\u2019imprimer et le d\u00e9poser.<\/li>\n<\/ul>\n<ul>\n<li>Vous pouvez aussi simplement l\u2019imprimer et le remplir \u00e0 la main. Utilisez un stylo, pas un crayon.<\/li>\n<\/ul>\n<ul>\n<li><strong>Il n\u2019est pas possible d\u2019envoyer ces formulaires par voie \u00e9lectronique<\/strong>. Vous devez d\u00e9poser les formulaires au tribunal et payer les frais en vigueur en personne ou par la poste.<\/li>\n<\/ul>\n<ul>\n<li>Si vous ne pouvez pas imprimer de formulaires, faites une liste de ceux dont vous pourriez avoir besoin et rendez-vous \u00e0 n\u2019importe quel bureau de Service Nouveau-Brunswick. On vous remettra des exemplaires de ces formulaires. Vous devrez simplement payer des frais de photocopie. Quelques formulaires de droit de la famille sont \u00e9galement disponibles directement aupr\u00e8s du tribunal, notamment les formulaires de requ\u00eate, de requ\u00eate conjointe et d\u2019\u00e9tat financier. Les formulaires de droit de la famille des districts judiciaires de Moncton et de Saint John sont disponibles aupr\u00e8s des CIJDF indiqu\u00e9s ci-dessus.<\/li>\n<\/ul>\n<\/div><\/div><\/div><\/div><\/div><\/p>\n","protected":false},"excerpt":{"rendered":"","protected":false},"author":1,"featured_media":0,"parent":0,"menu_order":0,"comment_status":"closed","ping_status":"closed","template":"","meta":{"footnotes":""},"class_list":["post-229","page","type-page","status-publish","hentry"],"_links":{"self":[{"href":"https:\/\/familylawnb.ca\/fr\/wp-json\/wp\/v2\/pages\/229","targetHints":{"allow":["GET"]}}],"collection":[{"href":"https:\/\/familylawnb.ca\/fr\/wp-json\/wp\/v2\/pages"}],"about":[{"href":"https:\/\/familylawnb.ca\/fr\/wp-json\/wp\/v2\/types\/page"}],"author":[{"embeddable":true,"href":"https:\/\/familylawnb.ca\/fr\/wp-json\/wp\/v2\/users\/1"}],"replies":[{"embeddable":true,"href":"https:\/\/familylawnb.ca\/fr\/wp-json\/wp\/v2\/comments?post=229"}],"version-history":[{"count":2,"href":"https:\/\/familylawnb.ca\/fr\/wp-json\/wp\/v2\/pages\/229\/revisions"}],"predecessor-version":[{"id":277,"href":"https:\/\/familylawnb.ca\/fr\/wp-json\/wp\/v2\/pages\/229\/revisions\/277"}],"wp:attachment":[{"href":"https:\/\/familylawnb.ca\/fr\/wp-json\/wp\/v2\/media?parent=229"}],"curies":[{"name":"wp","href":"https:\/\/api.w.org\/{rel}","templated":true}]}}