{"id":248,"date":"2025-08-07T21:46:45","date_gmt":"2025-08-07T21:46:45","guid":{"rendered":"https:\/\/familylawnb.ca\/?page_id=248"},"modified":"2026-03-30T02:54:45","modified_gmt":"2026-03-30T02:54:45","slug":"la-cohabitation","status":"publish","type":"page","link":"https:\/\/familylawnb.ca\/fr\/info-legale\/la-cohabitation\/","title":{"rendered":"La Cohabitation"},"content":{"rendered":"<p><div class=\"fusion-fullwidth fullwidth-box fusion-builder-row-1 fusion-flex-container has-pattern-background has-mask-background nonhundred-percent-fullwidth non-hundred-percent-height-scrolling\" style=\"--awb-border-radius-top-left:0px;--awb-border-radius-top-right:0px;--awb-border-radius-bottom-right:0px;--awb-border-radius-bottom-left:0px;--awb-flex-wrap:wrap;\" ><div class=\"fusion-builder-row fusion-row fusion-flex-align-items-flex-start fusion-flex-content-wrap\" style=\"max-width:1729.52px;margin-left: calc(-4% \/ 2 );margin-right: calc(-4% \/ 2 );\"><div class=\"fusion-layout-column fusion_builder_column fusion-builder-column-0 fusion_builder_column_1_1 1_1 fusion-flex-column\" style=\"--awb-bg-size:cover;--awb-width-large:100%;--awb-margin-top-large:0px;--awb-spacing-right-large:1.92%;--awb-margin-bottom-large:20px;--awb-spacing-left-large:1.92%;--awb-width-medium:100%;--awb-order-medium:0;--awb-spacing-right-medium:1.92%;--awb-spacing-left-medium:1.92%;--awb-width-small:100%;--awb-order-small:0;--awb-spacing-right-small:1.92%;--awb-spacing-left-small:1.92%;\"><div class=\"fusion-column-wrapper fusion-column-has-shadow fusion-flex-justify-content-flex-start fusion-content-layout-column\"><div class=\"fusion-title title fusion-title-1 fusion-sep-none fusion-title-text fusion-title-size-one\"><h1 class=\"fusion-title-heading title-heading-left\" style=\"margin:0;\">La Cohabitation<\/h1><\/div><\/div><\/div><\/div><\/div><div class=\"fusion-fullwidth fullwidth-box fusion-builder-row-2 fusion-flex-container has-pattern-background has-mask-background nonhundred-percent-fullwidth non-hundred-percent-height-scrolling\" style=\"--awb-border-radius-top-left:0px;--awb-border-radius-top-right:0px;--awb-border-radius-bottom-right:0px;--awb-border-radius-bottom-left:0px;--awb-flex-wrap:wrap;\" ><div class=\"fusion-builder-row fusion-row fusion-flex-align-items-flex-start fusion-flex-content-wrap\" style=\"max-width:1729.52px;margin-left: calc(-4% \/ 2 );margin-right: calc(-4% \/ 2 );\"><div class=\"fusion-layout-column fusion_builder_column fusion-builder-column-1 fusion_builder_column_1_1 1_1 fusion-flex-column\" style=\"--awb-bg-size:cover;--awb-width-large:100%;--awb-margin-top-large:0px;--awb-spacing-right-large:1.92%;--awb-margin-bottom-large:20px;--awb-spacing-left-large:1.92%;--awb-width-medium:100%;--awb-order-medium:0;--awb-spacing-right-medium:1.92%;--awb-spacing-left-medium:1.92%;--awb-width-small:100%;--awb-order-small:0;--awb-spacing-right-small:1.92%;--awb-spacing-left-small:1.92%;\"><div class=\"fusion-column-wrapper fusion-column-has-shadow fusion-flex-justify-content-flex-start fusion-content-layout-column\"><div class=\"fusion-text fusion-text-1\"><p>Lorsque vous emm\u00e9nagez avec un conjoint, plusieurs \u00e9l\u00e9ments sont \u00e0 prendre en compte. Cela inclut vos engagements respectifs pendant la vie commune, ainsi que vos responsabilit\u00e9s en cas de s\u00e9paration. Comprendre ces droits et obligations vous permettra de faire des choix \u00e9clair\u00e9s.<\/p>\n<\/div><div class=\"accordian fusion-accordian\" style=\"--awb-border-size:1px;--awb-icon-size:36px;--awb-content-font-size:20px;--awb-icon-alignment:right;--awb-hover-color:var(--awb-color2);--awb-border-color:var(--awb-color2);--awb-background-color:var(--awb-color1);--awb-divider-color:var(--awb-color2);--awb-divider-hover-color:var(--awb-color2);--awb-icon-color:var(--awb-color2);--awb-title-color:var(--awb-color8);--awb-content-color:var(--awb-color8);--awb-icon-box-color:var(--awb-color8);--awb-toggle-hover-accent-color:var(--awb-color2);--awb-title-font-family:&quot;Montserrat&quot;;--awb-title-font-weight:700;--awb-title-font-style:normal;--awb-title-font-size:26px;--awb-content-font-family:&quot;Open Sans&quot;;--awb-content-font-style:normal;--awb-content-font-weight:400;\"><div class=\"panel-group fusion-toggle-icon-right fusion-toggle-icon-boxed\" id=\"accordion-248-1\"><div class=\"fusion-panel panel-default panel-e9abc9fb904be4a87 fusion-toggle-has-divider\" style=\"--awb-title-color:var(--awb-color8);\"><div class=\"panel-heading\"><h4 class=\"panel-title toggle\" id=\"toggle_e9abc9fb904be4a87\"><a aria-expanded=\"false\" aria-controls=\"e9abc9fb904be4a87\" role=\"button\" data-toggle=\"collapse\" data-target=\"#e9abc9fb904be4a87\" href=\"#e9abc9fb904be4a87\"><span class=\"fusion-toggle-icon-wrapper\" aria-hidden=\"true\"><i class=\"fa-fusion-box active-icon awb-icon-minus\" aria-hidden=\"true\"><\/i><i class=\"fa-fusion-box inactive-icon awb-icon-plus\" aria-hidden=\"true\"><\/i><\/span><span class=\"fusion-toggle-heading\">Les Contrats domestiques<\/span><\/a><\/h4><\/div><div id=\"e9abc9fb904be4a87\" class=\"panel-collapse collapse \" aria-labelledby=\"toggle_e9abc9fb904be4a87\"><div class=\"panel-body toggle-content fusion-clearfix\">\n<p>Il existe des r\u00e8gles juridiques standard en mati\u00e8re de s\u00e9paration, notamment concernant la propri\u00e9t\u00e9 des biens. Vous et votre conjoint pouvez d\u00e9cider de signer un contrat de vie commune afin d&rsquo;adapter ces r\u00e8gles \u00e0 votre situation. Ce contrat formalise vos engagements respectifs. Il peut inclure des obligations pendant votre vie commune, lors de votre mariage, ainsi que des accords relatifs aux modalit\u00e9s d&rsquo;une \u00e9ventuelle s\u00e9paration.<\/p>\n<\/div><\/div><\/div><div class=\"fusion-panel panel-default panel-a962495d8fc7b2e26 fusion-toggle-has-divider\" style=\"--awb-title-color:var(--awb-color8);\"><div class=\"panel-heading\"><h4 class=\"panel-title toggle\" id=\"toggle_a962495d8fc7b2e26\"><a aria-expanded=\"false\" aria-controls=\"a962495d8fc7b2e26\" role=\"button\" data-toggle=\"collapse\" data-target=\"#a962495d8fc7b2e26\" href=\"#a962495d8fc7b2e26\"><span class=\"fusion-toggle-icon-wrapper\" aria-hidden=\"true\"><i class=\"fa-fusion-box active-icon awb-icon-minus\" aria-hidden=\"true\"><\/i><i class=\"fa-fusion-box inactive-icon awb-icon-plus\" aria-hidden=\"true\"><\/i><\/span><span class=\"fusion-toggle-heading\">Les unions de fait<\/span><\/a><\/h4><\/div><div id=\"a962495d8fc7b2e26\" class=\"panel-collapse collapse \" aria-labelledby=\"toggle_a962495d8fc7b2e26\"><div class=\"panel-body toggle-content fusion-clearfix\">\n<p>Il y a union de fait lorsque deux personnes vivent ensemble dans une relation intime sans \u00eatre mari\u00e9es.<\/p>\n<p><strong>Les couples mari\u00e9s ont des droits et des obligations l\u00e9gales l&rsquo;un envers l&rsquo;autre, notamment en ce qui concerne les <a href=\"https:\/\/familylawnb.ca\/fr\/info-legale\/separation-et-divorce-apercu\/les-biens-matrimoniaux\/\">biens matrimoniaux<\/a>. Certains de ces droits et obligations diff\u00e8rent selon que l&rsquo;on vit en union de fait ou non.<\/strong><\/p>\n<p>En r\u00e8gle g\u00e9n\u00e9rale, vous devez cohabiter pendant une certaine p\u00e9riode avant d\u2019\u00eatre consid\u00e9r\u00e9s comme vivant en union de fait.<\/p>\n<\/div><\/div><\/div><\/div><\/div><\/div><\/div><\/div><\/div><\/p>\n","protected":false},"excerpt":{"rendered":"","protected":false},"author":1,"featured_media":0,"parent":162,"menu_order":0,"comment_status":"closed","ping_status":"closed","template":"","meta":{"footnotes":""},"class_list":["post-248","page","type-page","status-publish","hentry"],"_links":{"self":[{"href":"https:\/\/familylawnb.ca\/fr\/wp-json\/wp\/v2\/pages\/248","targetHints":{"allow":["GET"]}}],"collection":[{"href":"https:\/\/familylawnb.ca\/fr\/wp-json\/wp\/v2\/pages"}],"about":[{"href":"https:\/\/familylawnb.ca\/fr\/wp-json\/wp\/v2\/types\/page"}],"author":[{"embeddable":true,"href":"https:\/\/familylawnb.ca\/fr\/wp-json\/wp\/v2\/users\/1"}],"replies":[{"embeddable":true,"href":"https:\/\/familylawnb.ca\/fr\/wp-json\/wp\/v2\/comments?post=248"}],"version-history":[{"count":5,"href":"https:\/\/familylawnb.ca\/fr\/wp-json\/wp\/v2\/pages\/248\/revisions"}],"predecessor-version":[{"id":804,"href":"https:\/\/familylawnb.ca\/fr\/wp-json\/wp\/v2\/pages\/248\/revisions\/804"}],"up":[{"embeddable":true,"href":"https:\/\/familylawnb.ca\/fr\/wp-json\/wp\/v2\/pages\/162"}],"wp:attachment":[{"href":"https:\/\/familylawnb.ca\/fr\/wp-json\/wp\/v2\/media?parent=248"}],"curies":[{"name":"wp","href":"https:\/\/api.w.org\/{rel}","templated":true}]}}