{"id":473,"date":"2025-08-14T17:32:05","date_gmt":"2025-08-14T17:32:05","guid":{"rendered":"https:\/\/familylawnb.ca\/?page_id=473"},"modified":"2026-04-15T11:15:41","modified_gmt":"2026-04-15T11:15:41","slug":"etre-parent","status":"publish","type":"page","link":"https:\/\/familylawnb.ca\/fr\/info-legale\/etre-parent\/","title":{"rendered":"\u00catre Parent"},"content":{"rendered":"<p><div class=\"fusion-fullwidth fullwidth-box fusion-builder-row-1 fusion-flex-container has-pattern-background has-mask-background nonhundred-percent-fullwidth non-hundred-percent-height-scrolling\" style=\"--awb-border-radius-top-left:0px;--awb-border-radius-top-right:0px;--awb-border-radius-bottom-right:0px;--awb-border-radius-bottom-left:0px;--awb-flex-wrap:wrap;\" ><div class=\"fusion-builder-row fusion-row fusion-flex-align-items-flex-start fusion-flex-content-wrap\" style=\"max-width:1729.52px;margin-left: calc(-4% \/ 2 );margin-right: calc(-4% \/ 2 );\"><div class=\"fusion-layout-column fusion_builder_column fusion-builder-column-0 fusion_builder_column_1_1 1_1 fusion-flex-column\" style=\"--awb-bg-size:cover;--awb-width-large:100%;--awb-margin-top-large:0px;--awb-spacing-right-large:1.92%;--awb-margin-bottom-large:20px;--awb-spacing-left-large:1.92%;--awb-width-medium:100%;--awb-order-medium:0;--awb-spacing-right-medium:1.92%;--awb-spacing-left-medium:1.92%;--awb-width-small:100%;--awb-order-small:0;--awb-spacing-right-small:1.92%;--awb-spacing-left-small:1.92%;\"><div class=\"fusion-column-wrapper fusion-column-has-shadow fusion-flex-justify-content-flex-start fusion-content-layout-column\"><div class=\"fusion-title title fusion-title-1 fusion-sep-none fusion-title-text fusion-title-size-one\"><h1 class=\"fusion-title-heading title-heading-left\" style=\"margin:0;\">\u00catre Parent<\/h1><\/div><\/div><\/div><\/div><\/div><div class=\"fusion-fullwidth fullwidth-box fusion-builder-row-2 fusion-flex-container has-pattern-background has-mask-background nonhundred-percent-fullwidth non-hundred-percent-height-scrolling\" style=\"--awb-border-radius-top-left:0px;--awb-border-radius-top-right:0px;--awb-border-radius-bottom-right:0px;--awb-border-radius-bottom-left:0px;--awb-flex-wrap:wrap;\" ><div class=\"fusion-builder-row fusion-row fusion-flex-align-items-flex-start fusion-flex-content-wrap\" style=\"max-width:1729.52px;margin-left: calc(-4% \/ 2 );margin-right: calc(-4% \/ 2 );\"><div class=\"fusion-layout-column fusion_builder_column fusion-builder-column-1 fusion_builder_column_1_1 1_1 fusion-flex-column\" style=\"--awb-bg-size:cover;--awb-width-large:100%;--awb-margin-top-large:0px;--awb-spacing-right-large:1.92%;--awb-margin-bottom-large:20px;--awb-spacing-left-large:1.92%;--awb-width-medium:100%;--awb-order-medium:0;--awb-spacing-right-medium:1.92%;--awb-spacing-left-medium:1.92%;--awb-width-small:100%;--awb-order-small:0;--awb-spacing-right-small:1.92%;--awb-spacing-left-small:1.92%;\"><div class=\"fusion-column-wrapper fusion-column-has-shadow fusion-flex-justify-content-flex-start fusion-content-layout-column\"><div class=\"fusion-text fusion-text-1\"><p>Il n\u2019est pas toujours facile de se renseigner sur ses droits quand on attend un enfant. Rechercher des renseignements juridiques peut s\u2019av\u00e9rer tr\u00e8s fastidieux et frustrant et vous ne savez peut-\u00eatre pas exactement par o\u00f9 commencer. Le pr\u00e9sent guide a pour objet d\u2019aider les futurs parents et ceux qui deviennent les parents pour la premi\u00e8re fois \u00e0 comprendre leurs droits et leurs responsabilit\u00e9s.<\/p>\n<p>Dans cette section, vous trouverez des informations sur :<\/p>\n<ul>\n<li><a href=\"https:\/\/familylawnb.ca\/fr\/info-legale\/etre-parent\/grossesse\/\">Vos droits pendant la grossesse<\/a><\/li>\n<li><a href=\"https:\/\/familylawnb.ca\/fr\/info-legale\/responsabilites-parentales-apres-une-separation\/changer-le-nom-de-famille-dun-enfant\/\">Les informations concernant le changement de nom de votre enfant<\/a><\/li>\n<li><a href=\"https:\/\/familylawnb.ca\/fr\/info-legale\/responsabilites-parentales-apres-une-separation\/voyager-avec-ses-enfants\/\">Les informations concernant les voyages avec des enfants<\/a><\/li>\n<\/ul>\n<\/div><\/div><\/div><\/div><\/div><\/p>\n","protected":false},"excerpt":{"rendered":"","protected":false},"author":1,"featured_media":0,"parent":162,"menu_order":0,"comment_status":"closed","ping_status":"closed","template":"","meta":{"footnotes":""},"class_list":["post-473","page","type-page","status-publish","hentry"],"_links":{"self":[{"href":"https:\/\/familylawnb.ca\/fr\/wp-json\/wp\/v2\/pages\/473","targetHints":{"allow":["GET"]}}],"collection":[{"href":"https:\/\/familylawnb.ca\/fr\/wp-json\/wp\/v2\/pages"}],"about":[{"href":"https:\/\/familylawnb.ca\/fr\/wp-json\/wp\/v2\/types\/page"}],"author":[{"embeddable":true,"href":"https:\/\/familylawnb.ca\/fr\/wp-json\/wp\/v2\/users\/1"}],"replies":[{"embeddable":true,"href":"https:\/\/familylawnb.ca\/fr\/wp-json\/wp\/v2\/comments?post=473"}],"version-history":[{"count":4,"href":"https:\/\/familylawnb.ca\/fr\/wp-json\/wp\/v2\/pages\/473\/revisions"}],"predecessor-version":[{"id":972,"href":"https:\/\/familylawnb.ca\/fr\/wp-json\/wp\/v2\/pages\/473\/revisions\/972"}],"up":[{"embeddable":true,"href":"https:\/\/familylawnb.ca\/fr\/wp-json\/wp\/v2\/pages\/162"}],"wp:attachment":[{"href":"https:\/\/familylawnb.ca\/fr\/wp-json\/wp\/v2\/media?parent=473"}],"curies":[{"name":"wp","href":"https:\/\/api.w.org\/{rel}","templated":true}]}}