{"id":496,"date":"2026-02-20T06:19:50","date_gmt":"2026-02-20T06:19:50","guid":{"rendered":"https:\/\/familylawnb.ca\/?page_id=496"},"modified":"2026-02-20T15:59:59","modified_gmt":"2026-02-20T15:59:59","slug":"programme-dinformation-des-parents","status":"publish","type":"page","link":"https:\/\/familylawnb.ca\/fr\/programmes\/programme-dinformation-des-parents\/","title":{"rendered":"Programme d&rsquo;information des parents"},"content":{"rendered":"<p><div class=\"fusion-fullwidth fullwidth-box fusion-builder-row-1 fusion-flex-container has-pattern-background has-mask-background nonhundred-percent-fullwidth non-hundred-percent-height-scrolling\" style=\"--awb-border-radius-top-left:0px;--awb-border-radius-top-right:0px;--awb-border-radius-bottom-right:0px;--awb-border-radius-bottom-left:0px;--awb-flex-wrap:wrap;\" ><div class=\"fusion-builder-row fusion-row fusion-flex-align-items-flex-start fusion-flex-content-wrap\" style=\"max-width:1729.52px;margin-left: calc(-4% \/ 2 );margin-right: calc(-4% \/ 2 );\"><div class=\"fusion-layout-column fusion_builder_column fusion-builder-column-0 fusion_builder_column_1_1 1_1 fusion-flex-column\" style=\"--awb-bg-size:cover;--awb-width-large:100%;--awb-margin-top-large:0px;--awb-spacing-right-large:1.92%;--awb-margin-bottom-large:20px;--awb-spacing-left-large:1.92%;--awb-width-medium:100%;--awb-order-medium:0;--awb-spacing-right-medium:1.92%;--awb-spacing-left-medium:1.92%;--awb-width-small:100%;--awb-order-small:0;--awb-spacing-right-small:1.92%;--awb-spacing-left-small:1.92%;\"><div class=\"fusion-column-wrapper fusion-column-has-shadow fusion-flex-justify-content-flex-start fusion-content-layout-column\"><div class=\"fusion-title title fusion-title-1 fusion-sep-none fusion-title-text fusion-title-size-one\"><h1 class=\"fusion-title-heading title-heading-left\" style=\"margin:0;\">Programme d&rsquo;information des parents (PIP)<\/h1><\/div><\/div><\/div><\/div><\/div><div class=\"fusion-fullwidth fullwidth-box fusion-builder-row-2 fusion-flex-container has-pattern-background has-mask-background nonhundred-percent-fullwidth non-hundred-percent-height-scrolling\" style=\"--awb-border-radius-top-left:0px;--awb-border-radius-top-right:0px;--awb-border-radius-bottom-right:0px;--awb-border-radius-bottom-left:0px;--awb-flex-wrap:wrap;\" ><div class=\"fusion-builder-row fusion-row fusion-flex-align-items-flex-start fusion-flex-content-wrap\" style=\"max-width:1729.52px;margin-left: calc(-4% \/ 2 );margin-right: calc(-4% \/ 2 );\"><div class=\"fusion-layout-column fusion_builder_column fusion-builder-column-1 fusion_builder_column_3_5 3_5 fusion-flex-column\" style=\"--awb-bg-size:cover;--awb-width-large:60%;--awb-margin-top-large:0px;--awb-spacing-right-large:3.2%;--awb-margin-bottom-large:20px;--awb-spacing-left-large:3.2%;--awb-width-medium:60%;--awb-order-medium:0;--awb-spacing-right-medium:3.2%;--awb-spacing-left-medium:3.2%;--awb-width-small:100%;--awb-order-small:0;--awb-spacing-right-small:1.92%;--awb-spacing-left-small:1.92%;\"><div class=\"fusion-column-wrapper fusion-column-has-shadow fusion-flex-justify-content-flex-start fusion-content-layout-column\"><div class=\"fusion-text fusion-text-1\"><p class=\"sub_titles\"><strong>Un programme d\u2019information et ligne gratuity pour les parents vivant s\u00e9par\u00e9ment<\/strong><\/p>\n<p>Le programme de formation autonome en ligne et gratuit destin\u00e9 aux parents est compos\u00e9 de\u00a0<strong>trois volets<\/strong>, soit une vid\u00e9o informative\u00a0<strong>d\u2019une heure<\/strong>, une vid\u00e9o sur le droit de la famille de\u00a0<strong>20 minutes<\/strong>\u00a0et un\u00a0<strong>20 \u00e0 30 minutes<\/strong>\u00a0questionnaire \u00e0 choix multiples.<\/p>\n<p>Il est con\u00e7u pour fournir le type d\u2019information dont les parents ont besoin pour :<\/p>\n<ul>\n<li>comprendre ce qu\u2019ils vivent, tant sur le plan \u00e9motionnel que juridiques, et<\/li>\n<li>faire face \u00e0 la s\u00e9paration et s\u2019y ajuster afin de pouvoir, \u00e0 leur tour, aider leurs enfants \u00e0 s\u2019adapter<\/li>\n<\/ul>\n<p><strong>Parmi les sujets abord\u00e9s, citons :<\/strong><\/p>\n<ul>\n<li>La facilit\u00e9 avec laquelle les enfants se retrouvent pris au milieu du conflit entre leurs parents et la fa\u00e7on d&rsquo;\u00e9viter que cela ne se produise ;<\/li>\n<li>Communication efficace ;<\/li>\n<li>R\u00e9solution des conflits ;<\/li>\n<li>Les types de parentage, et<\/li>\n<li>les \u00e2ges et les \u00e9tapes du d\u00e9veloppement de l&rsquo;enfant.<\/li>\n<li>Par o\u00f9 commencer et l&rsquo;importance de prendre des dispositions pour le plan parental ;<\/li>\n<li>Impacts de la s\u00e9paration et du divorce sur les enfants ;<\/li>\n<li>Ressources pour ceux qui s&rsquo;inqui\u00e8tent pour leur s\u00e9curit\u00e9 ;<\/li>\n<li>Types d&rsquo;ordonnances parentales ;<\/li>\n<li>les lignes directrices sur les pensions alimentaires pour enfants, et<\/li>\n<li>les options de n\u00e9gociation et d&rsquo;\u00e9tablissement d&rsquo;accords et d&rsquo;ordonnances judiciaires.<\/li>\n<\/ul>\n<\/div><div class=\"accordian fusion-accordian\" style=\"--awb-border-size:1px;--awb-icon-size:36px;--awb-content-font-size:20px;--awb-icon-alignment:right;--awb-hover-color:var(--awb-color2);--awb-border-color:var(--awb-color2);--awb-background-color:var(--awb-color1);--awb-divider-color:var(--awb-color2);--awb-divider-hover-color:var(--awb-color2);--awb-icon-color:var(--awb-color2);--awb-title-color:var(--awb-color8);--awb-content-color:var(--awb-color8);--awb-icon-box-color:var(--awb-color8);--awb-toggle-hover-accent-color:var(--awb-color2);--awb-title-font-family:&quot;Montserrat&quot;;--awb-title-font-weight:700;--awb-title-font-style:normal;--awb-title-font-size:26px;--awb-content-font-family:&quot;Open Sans&quot;;--awb-content-font-style:normal;--awb-content-font-weight:400;\"><div class=\"panel-group fusion-toggle-icon-right fusion-toggle-icon-boxed\" id=\"accordion-496-1\"><div class=\"fusion-panel panel-default panel-f2f1ce9a7d7c66a18 fusion-toggle-has-divider\" style=\"--awb-title-color:var(--awb-color8);\"><div class=\"panel-heading\"><h4 class=\"panel-title toggle\" id=\"toggle_f2f1ce9a7d7c66a18\"><a aria-expanded=\"false\" aria-controls=\"f2f1ce9a7d7c66a18\" role=\"button\" data-toggle=\"collapse\" data-target=\"#f2f1ce9a7d7c66a18\" href=\"#f2f1ce9a7d7c66a18\"><span class=\"fusion-toggle-icon-wrapper\" aria-hidden=\"true\"><i class=\"fa-fusion-box active-icon awb-icon-minus\" aria-hidden=\"true\"><\/i><i class=\"fa-fusion-box inactive-icon awb-icon-plus\" aria-hidden=\"true\"><\/i><\/span><span class=\"fusion-toggle-heading\">Q. Dois-je t\u00e9l\u00e9charger une application ou un programme particuliers pour suivre le cours?<\/span><\/a><\/h4><\/div><div id=\"f2f1ce9a7d7c66a18\" class=\"panel-collapse collapse \" aria-labelledby=\"toggle_f2f1ce9a7d7c66a18\"><div class=\"panel-body toggle-content fusion-clearfix\">\n<p><span class=\"faq_titles\">R.<\/span>\u00a0Non. Vous pouvez regarder les vid\u00e9os \u00e0 partir de tout appareil mobile ou ordinateur connect\u00e9 \u00e0 Internet. Il suffit de cliquer sur les liens fournis sur le site Web de Droit de la famille NB. Si vous n\u2019\u00eates pas directement branch\u00e9s \u00e0 un modem, il est recommand\u00e9 d\u2019utiliser un r\u00e9seau Wi-Fi pour visionner les vid\u00e9os, afin de ne pas utiliser vos donn\u00e9es mobiles.<\/p>\n<\/div><\/div><\/div><div class=\"fusion-panel panel-default panel-6464198be3a2903f4 fusion-toggle-has-divider\" style=\"--awb-title-color:var(--awb-color8);\"><div class=\"panel-heading\"><h4 class=\"panel-title toggle\" id=\"toggle_6464198be3a2903f4\"><a aria-expanded=\"false\" aria-controls=\"6464198be3a2903f4\" role=\"button\" data-toggle=\"collapse\" data-target=\"#6464198be3a2903f4\" href=\"#6464198be3a2903f4\"><span class=\"fusion-toggle-icon-wrapper\" aria-hidden=\"true\"><i class=\"fa-fusion-box active-icon awb-icon-minus\" aria-hidden=\"true\"><\/i><i class=\"fa-fusion-box inactive-icon awb-icon-plus\" aria-hidden=\"true\"><\/i><\/span><span class=\"fusion-toggle-heading\">Q. Que dois-je faire si je n\u2019ai pas d\u2019appareil mobile, d\u2019ordinateur ou d\u2019acc\u00e8s \u00e0 Internet?<\/span><\/a><\/h4><\/div><div id=\"6464198be3a2903f4\" class=\"panel-collapse collapse \" aria-labelledby=\"toggle_6464198be3a2903f4\"><div class=\"panel-body toggle-content fusion-clearfix\">\n<p><span class=\"faq_titles\">R.<\/span>\u00a0Des postes de travail informatiques sont disponibles dans plus de\u00a0<u>60 biblioth\u00e8ques<\/u>\u00a0du Nouveau-Brunswick. Les personnes qui n&rsquo;ont pas acc\u00e8s \u00e0 Internet ou \u00e0 un appareil peuvent se rendre dans une biblioth\u00e8que pr\u00e8s de chez elles pour acc\u00e9der au programme en ligne. Il est recommand\u00e9 d&rsquo;apporter des \u00e9couteurs ou un casque d&rsquo;\u00e9coute pour \u00e9couter les deux vid\u00e9os.<\/p>\n<\/div><\/div><\/div><div class=\"fusion-panel panel-default panel-5d814a2db7e9bfb9f fusion-toggle-has-divider\" style=\"--awb-title-color:var(--awb-color8);\"><div class=\"panel-heading\"><h4 class=\"panel-title toggle\" id=\"toggle_5d814a2db7e9bfb9f\"><a aria-expanded=\"false\" aria-controls=\"5d814a2db7e9bfb9f\" role=\"button\" data-toggle=\"collapse\" data-target=\"#5d814a2db7e9bfb9f\" href=\"#5d814a2db7e9bfb9f\"><span class=\"fusion-toggle-icon-wrapper\" aria-hidden=\"true\"><i class=\"fa-fusion-box active-icon awb-icon-minus\" aria-hidden=\"true\"><\/i><i class=\"fa-fusion-box inactive-icon awb-icon-plus\" aria-hidden=\"true\"><\/i><\/span><span class=\"fusion-toggle-heading\">Q. Que faire si j'ai besoin d'une preuve que j'ai particip\u00e9 au programme en ligne dans le cadre de ma proc\u00e9dure en droit de la famille ?<\/span><\/a><\/h4><\/div><div id=\"5d814a2db7e9bfb9f\" class=\"panel-collapse collapse \" aria-labelledby=\"toggle_5d814a2db7e9bfb9f\"><div class=\"panel-body toggle-content fusion-clearfix\">\n<p><span class=\"faq_titles\">R.<\/span>\u00a0Vous recevrez un courriel dans les 2 ou 3 jours ouvrables suivant l&rsquo;envoi de vos r\u00e9ponses au quiz pour vous informer de votre score. Si vous avez \u00e9galement besoin d&rsquo;un certificat d&rsquo;ach\u00e8vement dans le cadre de votre proc\u00e9dure de droit de la famille et que votre score au quiz \u00e9tait de 60 ou plus, vous pouvez \u00e9galement recevoir un certificat qui sera joint \u00e0 votre courriel. Ce certificat envoy\u00e9 par courriel est consid\u00e9r\u00e9 comme la preuve que vous avez particip\u00e9 au programme d&rsquo;information en ligne pour les parents.<\/p>\n<\/div><\/div><\/div><div class=\"fusion-panel panel-default panel-fe47c01f908226b61 fusion-toggle-has-divider\" style=\"--awb-title-color:var(--awb-color8);\"><div class=\"panel-heading\"><h4 class=\"panel-title toggle\" id=\"toggle_fe47c01f908226b61\"><a aria-expanded=\"false\" aria-controls=\"fe47c01f908226b61\" role=\"button\" data-toggle=\"collapse\" data-target=\"#fe47c01f908226b61\" href=\"#fe47c01f908226b61\"><span class=\"fusion-toggle-icon-wrapper\" aria-hidden=\"true\"><i class=\"fa-fusion-box active-icon awb-icon-minus\" aria-hidden=\"true\"><\/i><i class=\"fa-fusion-box inactive-icon awb-icon-plus\" aria-hidden=\"true\"><\/i><\/span><span class=\"fusion-toggle-heading\">Q. Vous proposiez auparavant un programme intitul\u00e9 Pour l'amour des enfants. S'agit-il du m\u00eame programme, et puis-je encore assister \u00e0 un cours en personne ?<\/span><\/a><\/h4><\/div><div id=\"fe47c01f908226b61\" class=\"panel-collapse collapse \" aria-labelledby=\"toggle_fe47c01f908226b61\"><div class=\"panel-body toggle-content fusion-clearfix\">\n<p><span class=\"faq_titles\">R.<\/span>\u00a0Non. \u00c0 partir de la mi-d\u00e9cembre 2021, les cours d&rsquo;\u00e9ducation parentale en personne \u00a0\u00bb Pour l&rsquo;amour des enfants \u00a0\u00bb ne seront plus propos\u00e9s.<\/p>\n<p>\u00c0 partir de novembre 2021, nous proposons un programme d&rsquo;information des parents (PIP) en ligne, gratuit et autoguid\u00e9, qui se compose de\u00a0<strong>trois parties<\/strong>\u00a0: une vid\u00e9o d&rsquo;information\u00a0<strong>d&rsquo;une heure<\/strong>\u00a0sur les parents, une vid\u00e9o d&rsquo;information de\u00a0<strong>20 minutes<\/strong>\u00a0sur le droit de la famille et un questionnaire \u00e0 choix multiples de\u00a0<strong>20 \u00e0 30 minutes<\/strong>.<\/p>\n<\/div><\/div><\/div><\/div><\/div><div class=\"fusion-separator fusion-full-width-sep\" style=\"align-self: center;margin-left: auto;margin-right: auto;margin-top:15px;margin-bottom:15px;width:100%;\"><\/div><div class=\"fusion-text fusion-text-2\"><p class=\"faq_titles\" align=\"center\"><strong>Vous avez encore des questions ?<\/strong><\/p>\n<p align=\"center\">Contactez notre ligne gratuite au<strong><br \/>\n1-844-673-4499<\/strong>\u00a0pendant les jours<br \/>\nde la semaine ou envoyez un courriel<br \/>\n\u00e0\u00a0<strong><a href=\"mailto:PIP@gnb.ca\">PIP@gnb.ca<\/a><\/strong>.<\/p>\n<\/div><\/div><\/div><div class=\"fusion-layout-column fusion_builder_column fusion-builder-column-2 fusion_builder_column_2_5 2_5 fusion-flex-column\" style=\"--awb-bg-size:cover;--awb-width-large:40%;--awb-margin-top-large:0px;--awb-spacing-right-large:4.8%;--awb-margin-bottom-large:20px;--awb-spacing-left-large:4.8%;--awb-width-medium:40%;--awb-order-medium:0;--awb-spacing-right-medium:4.8%;--awb-spacing-left-medium:4.8%;--awb-width-small:100%;--awb-order-small:0;--awb-spacing-right-small:1.92%;--awb-spacing-left-small:1.92%;\"><div class=\"fusion-column-wrapper fusion-column-has-shadow fusion-flex-justify-content-flex-start fusion-content-layout-column\"><div class=\"fusion-title title fusion-title-2 fusion-sep-none fusion-title-text fusion-title-size-three\"><h3 class=\"fusion-title-heading title-heading-left\" style=\"margin:0;\"><i class=\"fb-icon-element-1 fb-icon-element fontawesome-icon fa-arrow-alt-circle-down fas circle-no fusion-text-flow\" style=\"--awb-iconcolor:var(--awb-color2);--awb-font-size:32px;--awb-margin-right:16px;\"><\/i>\u00a0Commencez ici !<\/p><\/h3><\/div><div class=\"fusion-text fusion-text-3 pip-program-boxes\"><p><strong>\u00c9tape 1 :<\/strong><\/p>\n<p>Regardez la vid\u00e9o de\u00a0<strong>60 minutes<\/strong>\u00a0du Programme d&rsquo;information pour les parents (PIP). Commencez par l&rsquo;introduction et suivez toutes les diapositives jusqu&rsquo;\u00e0 la fin.\u00a0<strong>NE cliquez PAS<\/strong>\u00a0sur le bouton \u00ab \u00a0J\u2019ai termin\u00e9 le cours. \u00bb qui appara\u00eet sur la derni\u00e8re diapositive de la vid\u00e9o de la Nouvelle-\u00c9cosse. Passez\u00a0<strong>plut\u00f4t \u00e0 l&rsquo;\u00e9tape 2<\/strong>\u00a0une fois que vous avez termin\u00e9 cette vid\u00e9o<\/p>\n<p><i class=\"fb-icon-element-2 fb-icon-element fontawesome-icon fa-arrow-alt-circle-right fas circle-no fusion-text-flow\" style=\"--awb-font-size:32px;--awb-margin-right:16px;\"><\/i>\u00a0<a href=\"https:\/\/www.nsfamilylaw.ca\/sites\/default\/files\/process\/pip_fr\/story.html\" target=\"_blank\" rel=\"noopener\">Cliquez ici pour regarder la vid\u00e9o PIP<\/a><br \/>\n(Organis\u00e9 par le minist\u00e8re de la Justice de la Nouvelle-\u00c9cosse)<\/p>\n<\/div><div class=\"fusion-text fusion-text-4 pip-program-boxes\"><p><strong>\u00c9tape 2 :<\/strong><\/p>\n<p><i class=\"fb-icon-element-3 fb-icon-element fontawesome-icon fa-arrow-alt-circle-right fas circle-no fusion-text-flow\" style=\"--awb-font-size:32px;--awb-margin-right:16px;\"><\/i>\u00a0<a href=\"https:\/\/www.youtube.com\/watch?v=DNT5TONEArc\" target=\"_blank\" rel=\"noopener\">Cliquez ici pour visionner la vid\u00e9o d&rsquo;information de 20 minutes sur le droit de la famille au Nouveau-Brunswick<\/a><\/p>\n<\/div><div class=\"fusion-text fusion-text-5 pip-program-boxes\"><p><strong>\u00c9tape 3 :<\/strong><\/p>\n<p><i class=\"fb-icon-element-4 fb-icon-element fontawesome-icon fa-arrow-alt-circle-right fas circle-no fusion-text-flow\" style=\"--awb-font-size:32px;--awb-margin-right:16px;\"><\/i>\u00a0<a href=\"https:\/\/forms.office.com\/Pages\/ResponsePage.aspx?id=736L4AG1Z0qe0Afji_zO57EXXznXPXlClOdpXNfVNWtUQ0pENzgyMlo0SVFVUFZaTEZNVUc1SVgxQi4u&amp;lang=fr-FR\" target=\"_blank\" rel=\"noopener\">Cliquez ici pour compl\u00e9ter le questionnaire de 20-30 minutes<\/a><\/p>\n<\/div><div class=\"fusion-text fusion-text-6 pip-program-boxes\"><p><strong>Prochaines \u00e9tapes ?<\/strong><\/p>\n<p><i class=\"fb-icon-element-5 fb-icon-element fontawesome-icon fa-arrow-alt-circle-right fas circle-no fusion-text-flow\" style=\"--awb-font-size:32px;--awb-margin-right:16px;\"><\/i>\u00a0R\u00e9pondez \u00e0 toutes les questions du quiz et cliquez sur le bouton \u00ab\u00a0<strong>Envoyer<\/strong>\u00a0\u00bb ;<\/p>\n<p><i class=\"fb-icon-element-6 fb-icon-element fontawesome-icon fa-arrow-alt-circle-right fas circle-no fusion-text-flow\" style=\"--awb-font-size:32px;--awb-margin-right:16px;\"><\/i> Vos r\u00e9ponses sont automatiquement envoy\u00e9es \u00e0 un repr\u00e9sentant des services de la justice ;<\/p>\n<p><i class=\"fb-icon-element-7 fb-icon-element fontawesome-icon fa-arrow-alt-circle-right fas circle-no fusion-text-flow\" style=\"--awb-font-size:32px;--awb-margin-right:16px;\"><\/i>\u00a0La valeur totale du test est de 100 et vous devez atteindre un <strong>minimum de 60<\/strong>\u00a0afin de\u00a0<strong>pouvoir<\/strong>\u00a0obtenir un certificat d&rsquo;ach\u00e8vement\u00a0<i>(si vous en avez besoin)<\/i>.<\/p>\n<p><i class=\"fb-icon-element-8 fb-icon-element fontawesome-icon fa-arrow-alt-circle-right fas circle-no fusion-text-flow\" style=\"--awb-font-size:32px;--awb-margin-right:16px;\"><\/i>\u00a0Un repr\u00e9sentant des services de justice vous contactera s&rsquo;il a besoin de plus d&rsquo;informations ; sinon,<\/p>\n<p><i class=\"fb-icon-element-9 fb-icon-element fontawesome-icon fa-arrow-alt-circle-right fas circle-no fusion-text-flow\" style=\"--awb-font-size:32px;--awb-margin-right:16px;\"><\/i>\u00a0Si vous remplissez les conditions requises, vous recevrez un certificat d&rsquo;ach\u00e8vement par e-mail dans les <strong>2 \u00e0 3 jours ouvrables<\/strong>.<\/p>\n<\/div><\/div><\/div><\/div><\/div><\/p>\n","protected":false},"excerpt":{"rendered":"","protected":false},"author":1,"featured_media":0,"parent":485,"menu_order":0,"comment_status":"closed","ping_status":"closed","template":"","meta":{"footnotes":""},"class_list":["post-496","page","type-page","status-publish","hentry"],"_links":{"self":[{"href":"https:\/\/familylawnb.ca\/fr\/wp-json\/wp\/v2\/pages\/496","targetHints":{"allow":["GET"]}}],"collection":[{"href":"https:\/\/familylawnb.ca\/fr\/wp-json\/wp\/v2\/pages"}],"about":[{"href":"https:\/\/familylawnb.ca\/fr\/wp-json\/wp\/v2\/types\/page"}],"author":[{"embeddable":true,"href":"https:\/\/familylawnb.ca\/fr\/wp-json\/wp\/v2\/users\/1"}],"replies":[{"embeddable":true,"href":"https:\/\/familylawnb.ca\/fr\/wp-json\/wp\/v2\/comments?post=496"}],"version-history":[{"count":4,"href":"https:\/\/familylawnb.ca\/fr\/wp-json\/wp\/v2\/pages\/496\/revisions"}],"predecessor-version":[{"id":500,"href":"https:\/\/familylawnb.ca\/fr\/wp-json\/wp\/v2\/pages\/496\/revisions\/500"}],"up":[{"embeddable":true,"href":"https:\/\/familylawnb.ca\/fr\/wp-json\/wp\/v2\/pages\/485"}],"wp:attachment":[{"href":"https:\/\/familylawnb.ca\/fr\/wp-json\/wp\/v2\/media?parent=496"}],"curies":[{"name":"wp","href":"https:\/\/api.w.org\/{rel}","templated":true}]}}