{"id":512,"date":"2025-08-07T21:52:52","date_gmt":"2025-08-07T21:52:52","guid":{"rendered":"https:\/\/familylawnb.ca\/?page_id=512"},"modified":"2026-02-20T20:10:56","modified_gmt":"2026-02-20T20:10:56","slug":"trouver-un-avocat","status":"publish","type":"page","link":"https:\/\/familylawnb.ca\/fr\/obtenir-de-laide\/trouver-un-avocat\/","title":{"rendered":"Trouver un avocat"},"content":{"rendered":"<p><div class=\"fusion-fullwidth fullwidth-box fusion-builder-row-1 fusion-flex-container has-pattern-background has-mask-background nonhundred-percent-fullwidth non-hundred-percent-height-scrolling\" style=\"--awb-border-radius-top-left:0px;--awb-border-radius-top-right:0px;--awb-border-radius-bottom-right:0px;--awb-border-radius-bottom-left:0px;--awb-flex-wrap:wrap;\" ><div class=\"fusion-builder-row fusion-row fusion-flex-align-items-flex-start fusion-flex-content-wrap\" style=\"max-width:1729.52px;margin-left: calc(-4% \/ 2 );margin-right: calc(-4% \/ 2 );\"><div class=\"fusion-layout-column fusion_builder_column fusion-builder-column-0 fusion_builder_column_1_1 1_1 fusion-flex-column\" style=\"--awb-bg-size:cover;--awb-width-large:100%;--awb-margin-top-large:0px;--awb-spacing-right-large:1.92%;--awb-margin-bottom-large:20px;--awb-spacing-left-large:1.92%;--awb-width-medium:100%;--awb-order-medium:0;--awb-spacing-right-medium:1.92%;--awb-spacing-left-medium:1.92%;--awb-width-small:100%;--awb-order-small:0;--awb-spacing-right-small:1.92%;--awb-spacing-left-small:1.92%;\"><div class=\"fusion-column-wrapper fusion-column-has-shadow fusion-flex-justify-content-flex-start fusion-content-layout-column\"><div class=\"fusion-title title fusion-title-1 fusion-sep-none fusion-title-text fusion-title-size-one\"><h1 class=\"fusion-title-heading title-heading-left\" style=\"margin:0;\">Trouver un avocat<\/h1><\/div><\/div><\/div><\/div><\/div><div class=\"fusion-fullwidth fullwidth-box fusion-builder-row-2 fusion-flex-container has-pattern-background has-mask-background nonhundred-percent-fullwidth non-hundred-percent-height-scrolling\" style=\"--awb-border-radius-top-left:0px;--awb-border-radius-top-right:0px;--awb-border-radius-bottom-right:0px;--awb-border-radius-bottom-left:0px;--awb-flex-wrap:wrap;\" ><div class=\"fusion-builder-row fusion-row fusion-flex-align-items-flex-start fusion-flex-content-wrap\" style=\"max-width:1729.52px;margin-left: calc(-4% \/ 2 );margin-right: calc(-4% \/ 2 );\"><div class=\"fusion-layout-column fusion_builder_column fusion-builder-column-1 fusion_builder_column_1_1 1_1 fusion-flex-column\" style=\"--awb-bg-size:cover;--awb-width-large:100%;--awb-margin-top-large:0px;--awb-spacing-right-large:1.92%;--awb-margin-bottom-large:20px;--awb-spacing-left-large:1.92%;--awb-width-medium:100%;--awb-order-medium:0;--awb-spacing-right-medium:1.92%;--awb-spacing-left-medium:1.92%;--awb-width-small:100%;--awb-order-small:0;--awb-spacing-right-small:1.92%;--awb-spacing-left-small:1.92%;\"><div class=\"fusion-column-wrapper fusion-column-has-shadow fusion-flex-justify-content-flex-start fusion-content-layout-column\"><div class=\"fusion-text fusion-text-1\"><p><strong>Vous et votre avocat<\/strong><\/p>\n<p>Il est important de bien se pr\u00e9parer avant de consulter un avocat. Vous pouvez communiquer \u00e0 l\u2019avance avec l\u2019avocat en question pour savoir quels documents vous devez apporter avec vous. Vous pourrez ainsi \u00e9conomiser temps et argent. Consulter le d\u00e9pliant\u00a0<a href=\"https:\/\/pomis.legalinfonb.ca\/publication-files\/You%20and%20Your%20Lawyer-FRE-2017.pdf\" target=\"_blank\" rel=\"noopener\">Vous et votre avocat\u00a0<\/a>afin d&rsquo;obtenir des conseils sur la fa\u00e7on de se pr\u00e9parer \u00e0 sa premi\u00e8re rencontre avec l&rsquo;avocat.<\/p>\n<p><strong>Comment trouver un avocat<\/strong><\/p>\n<p>Lorsque vous avez des questions \u00e0 r\u00e9gler en mati\u00e8re de droit de la famille, il est important de consulter un avocat. Seul un avocat peut vous fournir des conseils et des services juridiques sp\u00e9cialis\u00e9s. Vous pouvez consulter plusieurs avocats avant d&rsquo;en embaucher un. Vous devez choisir un avocat avec qui vous \u00eates \u00e0 l\u2019aise.<\/p>\n<p>Pour trouver un avocat, vous pouvez consulter la <a href=\"https:\/\/lsbnb.alinityapp.com\/client\/RepertoirePublic\" target=\"_blank\" rel=\"noopener\">R\u00e9pertoire en ligne des membres du Barreau du Nouveau-Brunswick.<\/a> Cette r\u00e9pertoire vous permet de rechercher des avocats par r\u00e9gion, domaine de droit, langue, et nom de cabinet. Vous pouvez \u00e9galement contacter le Barreau au (506) 458-8540.<\/p>\n<p>Vous pouvez \u00e9galement consulter l\u2019internet pour chercher des avocats.<\/p>\n<p>Parfois, il est utile de demander des amis ou des connaissances qui ont d\u00fb r\u00e9gler des questions semblables li\u00e9es au droit de la famille s\u2019ils peuvent vous recommander un avocat.<\/p>\n<p><strong>D\u2019autres options<\/strong><\/p>\n<p>Pour plus d\u2019informations sur d\u2019autres options juridiques, consultez nos fiches d\u2019information :<\/p>\n<ul>\n<li><a href=\"https:\/\/pomis.legalinfonb.ca\/publication-files\/Collaborative_Law_FR.pdf\" target=\"_blank\" rel=\"noopener\">Le droit collaboratif<\/a><\/li>\n<li><a href=\"https:\/\/pomis.legalinfonb.ca\/publication-files\/Traditional_Negotiation_FR.pdf\" target=\"_blank\" rel=\"noopener\">La n\u00e9gociation traditionnelle avec avocats<\/a><\/li>\n<li><a href=\"https:\/\/pomis.legalinfonb.ca\/publication-files\/Coming_to_Agreement_FR.pdf\" target=\"_blank\" rel=\"noopener\">Les ententes conclus sans l\u2019intervention d\u2019un avocat<\/a><\/li>\n<li><a href=\"https:\/\/pomis.legalinfonb.ca\/publication-files\/Mediation_FR.pdf\" target=\"_blank\" rel=\"noopener\">La m\u00e9diation<\/a><\/li>\n<\/ul>\n<\/div><\/div><\/div><\/div><\/div><\/p>\n","protected":false},"excerpt":{"rendered":"","protected":false},"author":1,"featured_media":0,"parent":506,"menu_order":0,"comment_status":"closed","ping_status":"closed","template":"","meta":{"footnotes":""},"class_list":["post-512","page","type-page","status-publish","hentry"],"_links":{"self":[{"href":"https:\/\/familylawnb.ca\/fr\/wp-json\/wp\/v2\/pages\/512","targetHints":{"allow":["GET"]}}],"collection":[{"href":"https:\/\/familylawnb.ca\/fr\/wp-json\/wp\/v2\/pages"}],"about":[{"href":"https:\/\/familylawnb.ca\/fr\/wp-json\/wp\/v2\/types\/page"}],"author":[{"embeddable":true,"href":"https:\/\/familylawnb.ca\/fr\/wp-json\/wp\/v2\/users\/1"}],"replies":[{"embeddable":true,"href":"https:\/\/familylawnb.ca\/fr\/wp-json\/wp\/v2\/comments?post=512"}],"version-history":[{"count":1,"href":"https:\/\/familylawnb.ca\/fr\/wp-json\/wp\/v2\/pages\/512\/revisions"}],"predecessor-version":[{"id":513,"href":"https:\/\/familylawnb.ca\/fr\/wp-json\/wp\/v2\/pages\/512\/revisions\/513"}],"up":[{"embeddable":true,"href":"https:\/\/familylawnb.ca\/fr\/wp-json\/wp\/v2\/pages\/506"}],"wp:attachment":[{"href":"https:\/\/familylawnb.ca\/fr\/wp-json\/wp\/v2\/media?parent=512"}],"curies":[{"name":"wp","href":"https:\/\/api.w.org\/{rel}","templated":true}]}}