{"id":585,"date":"2026-02-19T23:31:49","date_gmt":"2026-02-19T23:31:49","guid":{"rendered":"https:\/\/familylawnb.ca\/?page_id=585"},"modified":"2026-04-22T20:23:58","modified_gmt":"2026-04-22T20:23:58","slug":"formulaires-de-divorce","status":"publish","type":"page","link":"https:\/\/familylawnb.ca\/fr\/formulaires\/formulaires-de-divorce\/","title":{"rendered":"Formulaires de divorce"},"content":{"rendered":"<p><div class=\"fusion-fullwidth fullwidth-box fusion-builder-row-1 fusion-flex-container has-pattern-background has-mask-background nonhundred-percent-fullwidth non-hundred-percent-height-scrolling\" style=\"--awb-border-radius-top-left:0px;--awb-border-radius-top-right:0px;--awb-border-radius-bottom-right:0px;--awb-border-radius-bottom-left:0px;--awb-flex-wrap:wrap;\" ><div class=\"fusion-builder-row fusion-row fusion-flex-align-items-flex-start fusion-flex-content-wrap\" style=\"max-width:1729.52px;margin-left: calc(-4% \/ 2 );margin-right: calc(-4% \/ 2 );\"><div class=\"fusion-layout-column fusion_builder_column fusion-builder-column-0 fusion_builder_column_1_1 1_1 fusion-flex-column\" style=\"--awb-bg-size:cover;--awb-width-large:100%;--awb-margin-top-large:0px;--awb-spacing-right-large:1.92%;--awb-margin-bottom-large:20px;--awb-spacing-left-large:1.92%;--awb-width-medium:100%;--awb-order-medium:0;--awb-spacing-right-medium:1.92%;--awb-spacing-left-medium:1.92%;--awb-width-small:100%;--awb-order-small:0;--awb-spacing-right-small:1.92%;--awb-spacing-left-small:1.92%;\"><div class=\"fusion-column-wrapper fusion-column-has-shadow fusion-flex-justify-content-flex-start fusion-content-layout-column\"><div class=\"fusion-title title fusion-title-1 fusion-sep-none fusion-title-text fusion-title-size-one\"><h1 class=\"fusion-title-heading title-heading-left\" style=\"margin:0;\">Formulaires de divorce<\/h1><\/div><\/div><\/div><\/div><\/div><div class=\"fusion-fullwidth fullwidth-box fusion-builder-row-2 fusion-flex-container has-pattern-background has-mask-background nonhundred-percent-fullwidth non-hundred-percent-height-scrolling\" style=\"--awb-border-radius-top-left:0px;--awb-border-radius-top-right:0px;--awb-border-radius-bottom-right:0px;--awb-border-radius-bottom-left:0px;--awb-flex-wrap:wrap;\" ><div class=\"fusion-builder-row fusion-row fusion-flex-align-items-flex-start fusion-flex-content-wrap\" style=\"max-width:1729.52px;margin-left: calc(-4% \/ 2 );margin-right: calc(-4% \/ 2 );\"><div class=\"fusion-layout-column fusion_builder_column fusion-builder-column-1 fusion_builder_column_1_1 1_1 fusion-flex-column\" style=\"--awb-bg-size:cover;--awb-width-large:100%;--awb-margin-top-large:0px;--awb-spacing-right-large:1.92%;--awb-margin-bottom-large:20px;--awb-spacing-left-large:1.92%;--awb-width-medium:100%;--awb-order-medium:0;--awb-spacing-right-medium:1.92%;--awb-spacing-left-medium:1.92%;--awb-width-small:100%;--awb-order-small:0;--awb-spacing-right-small:1.92%;--awb-spacing-left-small:1.92%;\"><div class=\"fusion-column-wrapper fusion-column-has-shadow fusion-flex-justify-content-flex-start fusion-content-layout-column\"><div class=\"fusion-text fusion-text-1\"><p>Vous trouverez ci-dessous un aper\u00e7u de plusieurs formulaires et documents n\u00e9cessaires pour vous occuper de votre propre demande de divorce. La colonne \u00ab Exemples \u00bb contient des liens vers de tels formulaires et documents d\u00e9j\u00e0 remplis pour servir de mod\u00e8les. Ces renseignements sont fournis \u00e0 titre d\u2019information g\u00e9n\u00e9rale sur les formulaires et proc\u00e9dures li\u00e9es \u00e0 des requ\u00eates pr\u00e9sent\u00e9es \u00e0 un tribunal de la famille. Ils ne doivent PAS \u00eatre per\u00e7us comme commentaire ou avis juridique sur la situation particuli\u00e8re d\u2019une personne.<\/p>\n<p>Pour savoir comment remplir les formulaires et documents en vue d\u2019un divorce non contest\u00e9, lisez bien le guide\u00a0<a href=\"https:\/\/pomis.legalinfonb.ca\/publication-files\/Doing_Divroce_FR.pdf\" target=\"_blank\" rel=\"noopener\">Obtenir son propre divorce au Nouveau-Brunswick<\/a>. Le tableau ci-dessous \u00e9num\u00e8re divers formulaires et documents utilis\u00e9s dans de nombreuses proc\u00e9dures de divorce et fournit des exemples de chacun d\u2019eux d\u00e9j\u00e0 remplis.\u00a0<a href=\"https:\/\/familylawnb.ca\/fr\/formulaires\/\" target=\"_blank\" rel=\"noopener\">Assurez-vous de lire les directives pour imprimer ou obtenir les formulaires<\/a>.<\/p>\n<p>Si vous vous repr\u00e9sentez vous-m\u00eame dans le cadre d\u2019une proc\u00e9dure en droit priv\u00e9 de la famille ou de divorce, vous pouvez nous contacter pour obtenir des renseignements en faisant le 1-888-236-2444, la ligne d\u2019information sans frais du SPEIJ-NB sur le droit de la famille, ou en envoyant un courriel \u00e0\u00a0<a href=\"mailto:info@droitdelafamillenb.ca\">info@droitdelafamillenb.ca.<\/a>\u00a0Si vous habitez \u00e0 Saint-Jean ou \u00e0 Moncton, vous pouvez communiquer avec le Centre d\u2019information juridique sur le droit de la famille, situ\u00e9 au palais de justice de l\u2019une ou l\u2019autre de ces villes :<\/p>\n<ul>\n<li>Saint-Jean : 506-658-6361<\/li>\n<li>Moncton :\u00a0 \u00a0506-856-3131<\/li>\n<\/ul>\n<p>Des copies en blanc de ces formulaires sont accessibles via\u00a0<a href=\"https:\/\/www2.gnb.ca\/content\/gnb\/fr\/ministeres\/securite-publique\/procureur_general\/content\/lois_et_reglements\/content\/regles_de_procedure\/formules.html\" target=\"_blank\" rel=\"noopener\">le site Web du procureur g\u00e9n\u00e9ral du Nouveau-Brunswick<\/a>\u00a0ou en vous rendant \u00e0 votre bureau local de Service Nouveau-Brunswick et en demandant le formulaire sp\u00e9cifique.<\/p>\n<\/div><\/div><\/div><div class=\"fusion-layout-column fusion_builder_column fusion-builder-column-2 fusion_builder_column_1_1 1_1 fusion-flex-column\" style=\"--awb-bg-size:cover;--awb-width-large:100%;--awb-margin-top-large:0px;--awb-spacing-right-large:1.92%;--awb-margin-bottom-large:20px;--awb-spacing-left-large:1.92%;--awb-width-medium:100%;--awb-order-medium:0;--awb-spacing-right-medium:1.92%;--awb-spacing-left-medium:1.92%;--awb-width-small:100%;--awb-order-small:0;--awb-spacing-right-small:1.92%;--awb-spacing-left-small:1.92%;\"><div class=\"fusion-column-wrapper fusion-column-has-shadow fusion-flex-justify-content-flex-start fusion-content-layout-column\">\n<div class=\"table-1\">\n<table width=\"100%\">\n<thead>\n<tr>\n<th align=\"left\"><strong>Num\u00e9ro de Formule<\/strong><\/th>\n<th align=\"left\"><strong>Titre de la Formule<\/strong><\/th>\n<th align=\"left\"><strong>Exemple<\/strong><\/th>\n<\/tr>\n<\/thead>\n<tbody>\n<tr>\n<td align=\"left\"><a href=\"https:\/\/www.pxw1.snb.ca\/snb7001\/b\/1000\/FORM-fillable-72a-b.pdf\" target=\"_blank\" rel=\"noopener\">Formule 72 A<\/a><\/td>\n<td align=\"left\">Requ\u00eate en Divorce<\/td>\n<td align=\"left\">Exemple d&rsquo;un\u00a0<a href=\"https:\/\/familylawnb.ca\/wp-content\/uploads\/2026\/02\/divorce_guide_0_form_72a_FR.pdf\" target=\"_blank\" rel=\"noopener\">Requ\u00eate en Divorce<\/a>\u00a0rempli<\/td>\n<\/tr>\n<tr>\n<td align=\"left\"><a href=\"https:\/\/www.pxw1.snb.ca\/snb7001\/f\/1000\/FORM-fillable-72b-f.pdf\" target=\"_blank\" rel=\"noopener\">Formule 72 B<\/a><\/td>\n<td align=\"left\">Requ\u00eate conjointe en divorce<\/td>\n<td align=\"left\">Exemple d&rsquo;un\u00a0<a href=\"https:\/\/familylawnb.ca\/wp-content\/uploads\/2026\/02\/divorce_guide_1_form_72b_FR.pdf\" target=\"_blank\" rel=\"noopener\">Requ\u00eate conjointe en divorce<\/a>\u00a0rempli<\/td>\n<\/tr>\n<tr>\n<td align=\"left\">Form 72 C<\/td>\n<td align=\"left\">Avis de requ\u00eate en divorce<\/td>\n<td align=\"left\"><\/td>\n<\/tr>\n<tr>\n<td align=\"left\"><a href=\"https:\/\/www.pxw1.snb.ca\/snb7001\/f\/1000\/CSS-FOL-45-5067f.pdf\" target=\"_blank\" rel=\"noopener\">Formule 72 J<\/a><\/td>\n<td align=\"left\">\u00c9tat financier<\/td>\n<td align=\"left\"><a href=\"https:\/\/pomis.legalinfonb.ca\/publication-files\/Financial_Statement_EN.pdf\" target=\"_blank\" rel=\"noopener\">Un guide pour remplir la formule 72J : \u00c9tat financier et renseignements sur le revenu<\/a><\/td>\n<\/tr>\n<tr>\n<td align=\"left\">Ceci n\u2019est pas une formule<\/td>\n<td align=\"left\"><\/td>\n<td align=\"left\">Exemple d&rsquo;un\u00a0<a href=\"https:\/\/familylawnb.ca\/wp-content\/uploads\/2026\/02\/divorce_guide_2_coverletter_FR.pdf\" target=\"_blank\" rel=\"noopener\">Lettre d\u2019envoi des documents<\/a>\u00a0rempli<\/td>\n<\/tr>\n<tr>\n<td align=\"left\">Formule 18B<\/td>\n<td align=\"left\">Affidavit de signification<\/td>\n<td align=\"left\">Exemple d&rsquo;un\u00a0<a href=\"https:\/\/familylawnb.ca\/wp-content\/uploads\/2026\/02\/divorce_guide_3_form_18b_affid_personal_service_FR.pdf\" target=\"_blank\" rel=\"noopener\">Affidavit de signification-Signification personnelle<\/a>\u00a0rempli<br \/>\n<a href=\"https:\/\/familylawnb.ca\/wp-content\/uploads\/2026\/02\/divorce_guide_4_form_18b_affid_registered_mail_FR.pdf\" target=\"_blank\" rel=\"noopener\">Signification par courrier recommand\u00e9<\/a>\u00a0rempli<\/td>\n<\/tr>\n<tr>\n<td align=\"left\"><a href=\"https:\/\/www.pxw1.snb.ca\/snb7001\/f\/1000\/Form_18A-F.pdf\" target=\"_blank\" rel=\"noopener\">Formule 18A<\/a><\/td>\n<td align=\"left\">Carte d\u2019accus\u00e9 de r\u00e9ception<\/td>\n<td align=\"left\">Exemple d&rsquo;un\u00a0<a href=\"https:\/\/familylawnb.ca\/wp-content\/uploads\/2026\/02\/divorce_guide_5_form_18a_acknowledgment_of_receipt_FR.pdf\" target=\"_blank\" rel=\"noopener\">Carte d\u2019accus\u00e9 de r\u00e9ception<\/a>\u00a0rempli<\/td>\n<\/tr>\n<tr>\n<td align=\"left\">Ceci n\u2019est pas une formule<\/td>\n<td align=\"left\"><\/td>\n<td align=\"left\">Exemple d&rsquo;un\u00a0<a href=\"https:\/\/familylawnb.ca\/wp-content\/uploads\/2026\/02\/divorce_guide_6_coverletter_trial_FR.pdf\" target=\"_blank\" rel=\"noopener\">Lettre d\u2019envoi du dossier<\/a>\u00a0rempli<\/td>\n<\/tr>\n<tr>\n<td align=\"left\">Ceci n\u2019est pas une formule<\/td>\n<td align=\"left\"><\/td>\n<td align=\"left\">Exemple d&rsquo;un\u00a0<a href=\"https:\/\/familylawnb.ca\/wp-content\/uploads\/2026\/02\/divorce_guide_7_cover_page_trial_record_FR.pdf\" target=\"_blank\" rel=\"noopener\">Page couverture du dossier<\/a>\u00a0rempli<\/td>\n<\/tr>\n<tr>\n<td align=\"left\">Ceci n\u2019est pas une formule<\/td>\n<td align=\"left\"><\/td>\n<td align=\"left\">Exemple d&rsquo;un\u00a0<a href=\"https:\/\/familylawnb.ca\/wp-content\/uploads\/2026\/02\/Modele_8_Table_des_matieres_du_dossier_FR.pdf\" target=\"_blank\" rel=\"noopener\">Table des mati\u00e8res du dossier- Preuve par affidavit<\/a>\u00a0rempli<\/td>\n<\/tr>\n<tr>\n<td align=\"left\"><a href=\"https:\/\/www.pxw1.snb.ca\/snb7001\/f\/1000\/Formule_47B.pdf\" target=\"_blank\" rel=\"noopener\">Formule 47B<\/a><\/td>\n<td align=\"left\">Certificat de mise en \u00e9tat<\/td>\n<td align=\"left\">Exemple d&rsquo;un\u00a0<a href=\"https:\/\/familylawnb.ca\/wp-content\/uploads\/2026\/02\/divorce_guide_10_form_47b_cert_affid_evidence_FR.pdf\" target=\"_blank\" rel=\"noopener\">Certificat de mise en \u00e9tat&#8211; Preuve par affidavit<\/a> &#8211; Requ\u00eate conjointe rempli<\/td>\n<\/tr>\n<tr>\n<td align=\"left\">Ceci n\u2019est pas une formule<\/td>\n<td align=\"left\">Preuve par affidavit<br \/>\n(mod\u00e8le)<\/td>\n<td align=\"left\">Exemple d&rsquo;un\u00a0\u00a0<a href=\"https:\/\/familylawnb.ca\/wp-content\/uploads\/2026\/02\/divorce_guide_12_affidavit_evidence_one_spouse_FR.pdf\" target=\"_blank\" rel=\"noopener\">Preuve par affidavit<br \/>\n(Pour une requ\u00eate en divorce par l\u2019un des \u00e9poux)<\/a>\u00a0rempli<\/td>\n<\/tr>\n<tr>\n<td align=\"left\">Ceci n\u2019est pas une formule<\/td>\n<td align=\"left\">Preuve par affidavit-<br \/>\nRequ\u00eate conjointe (mod\u00e8le)<\/td>\n<td align=\"left\">Exemple d&rsquo;un\u00a0<a href=\"https:\/\/familylawnb.ca\/wp-content\/uploads\/2026\/02\/divorce_guide_13_affid_support_joint_FR.pdf\" target=\"_blank\" rel=\"noopener\">Affidavit-\u00c0 l\u2019appui de la Requ\u00eate conjointe<\/a>\u00a0rempli<\/td>\n<\/tr>\n<tr>\n<td align=\"left\"><a href=\"https:\/\/www.pxw1.snb.ca\/snb7001\/f\/1000\/Form_72K-F.pdf\" target=\"_blank\" rel=\"noopener\">Formule 72K<\/a><\/td>\n<td align=\"left\">Demande de divorce<\/td>\n<td align=\"left\">Exemple d&rsquo;un\u00a0<a href=\"https:\/\/familylawnb.ca\/wp-content\/uploads\/2026\/02\/divorce_guide_14_form_72k_FR.pdf\" target=\"_blank\" rel=\"noopener\">Demande de divorce<\/a>\u00a0rempli<\/td>\n<\/tr>\n<tr>\n<td align=\"left\"><a href=\"https:\/\/www.pxw1.snb.ca\/snb7001\/f\/1000\/CSS-FOL-SNB-45-9042f.pdf\" target=\"_blank\" rel=\"noopener\">Formule 72L<\/a><\/td>\n<td align=\"left\">Entente des \u00e9poux de ne pas interjeter appel<\/td>\n<td align=\"left\">Exemple d&rsquo;un\u00a0<a href=\"https:\/\/familylawnb.ca\/wp-content\/uploads\/2026\/02\/divorce_guide_15_form_72l_FR.pdf\" target=\"_blank\" rel=\"noopener\">Entente des \u00e9poux de ne pas interjeter appel<\/a>\u00a0rempli<\/td>\n<\/tr>\n<tr>\n<td align=\"left\">Ceci n\u2019est pas une formule<\/td>\n<td align=\"left\"><\/td>\n<td align=\"left\">Exemple d&rsquo;un\u00a0<a href=\"https:\/\/familylawnb.ca\/wp-content\/uploads\/2026\/02\/divorce_guide_16_letter_to_request_certificate_FR.pdf\" target=\"_blank\" rel=\"noopener\">Lettre de demande de certificat de divorce<\/a>\u00a0rempli<\/td>\n<\/tr>\n<tr>\n<td align=\"left\">Formule 25A<\/td>\n<td align=\"left\">Avis de d\u00e9sistement<\/td>\n<td align=\"left\">Exemple d&rsquo;un\u00a0<a href=\"https:\/\/familylawnb.ca\/wp-content\/uploads\/2026\/02\/divorce_guide_17_form_25a_FR.pdf\" target=\"_blank\" rel=\"noopener\">Avis de d\u00e9sistement<\/a>\u00a0rempli<\/td>\n<\/tr>\n<tr>\n<td align=\"left\">Formule 72I<\/td>\n<td align=\"left\">Avis d\u2019intention de presenter une d\u00e9fense<\/td>\n<td align=\"left\"><\/td>\n<\/tr>\n<tr>\n<td align=\"left\"><a href=\"https:\/\/www.pxw1.snb.ca\/snb7001\/f\/1000\/Formule_72D.pdf\" target=\"_blank\" rel=\"noopener\">Formule 72D<\/a><\/td>\n<td align=\"left\">R\u00e9ponse<\/td>\n<td align=\"left\"><\/td>\n<\/tr>\n<tr>\n<td align=\"left\"><a href=\"https:\/\/www.pxw1.snb.ca\/snb7001\/f\/1000\/Formule_72E.pdf\" target=\"_blank\" rel=\"noopener\">Formule 72E<\/a><\/td>\n<td align=\"left\">R\u00e9plique<\/td>\n<td align=\"left\"><\/td>\n<\/tr>\n<tr>\n<td align=\"left\"><a href=\"https:\/\/www.pxw1.snb.ca\/snb7001\/f\/1000\/FORM-fillable-72f-f.pdf\" target=\"_blank\" rel=\"noopener\">Formule 72F<\/a><\/td>\n<td align=\"left\">R\u00e9ponse et Demande reconventionnelle<\/td>\n<td align=\"left\"><\/td>\n<\/tr>\n<tr>\n<td align=\"left\"><a href=\"https:\/\/www.pxw1.snb.ca\/snb7001\/f\/1000\/CSS-FOL-SNB-45-9040f.pdf\" target=\"_blank\" rel=\"noopener\">Formule 72G<\/a><\/td>\n<td align=\"left\">R\u00e9ponse reconventionnelle<\/td>\n<td align=\"left\"><\/td>\n<\/tr>\n<tr>\n<td align=\"left\"><a href=\"https:\/\/www.pxw1.snb.ca\/snb7001\/f\/1000\/CSS-FOL-SNB-45-9041f.pdf\" target=\"_blank\" rel=\"noopener\">Formule 72H<\/a><\/td>\n<td align=\"left\">R\u00e9plique reconventionnelle<\/td>\n<td align=\"left\"><\/td>\n<\/tr>\n<tr>\n<td align=\"left\">Ceci n\u2019est pas une formule<\/td>\n<td align=\"left\">Avis d\u2019intention de se repr\u00e9senter soi-m\u00eame<\/td>\n<td align=\"left\">Exemple d&rsquo;un\u00a0<a href=\"https:\/\/www.pxw1.snb.ca\/snb7001\/f\/1000\/CSS-FOL-SNB-45-0166F.pdf\" target=\"_blank\" rel=\"noopener\">Avis d\u2019intention de se repr\u00e9senter soi-m\u00eame<\/a>\u00a0rempli<\/td>\n<\/tr>\n<tr>\n<td align=\"left\"><a href=\"https:\/\/www.pxw1.snb.ca\/snb7001\/b\/1000\/FORM-fillable-81a-b.pdf\" target=\"_blank\" rel=\"noopener\">Formule 81A<\/a><\/td>\n<td align=\"left\">Requ\u00eate (Pour les districts judiciaires de Saint John et Moncton)<\/td>\n<td align=\"left\">Exemple d&rsquo;un\u00a0<a href=\"https:\/\/familylawnb.ca\/wp-content\/uploads\/2026\/02\/Application_Form_81A_FR.pdf\" target=\"_blank\" rel=\"noopener\">Requ\u00eate 81A<\/a>\u00a0rempli<\/td>\n<\/tr>\n<tr>\n<td align=\"left\"><a href=\"https:\/\/www.pxw1.snb.ca\/snb7001\/f\/1000\/FORM-fillable-81b-f.pdf\" target=\"_blank\" rel=\"noopener\">Formule 81B<\/a><\/td>\n<td align=\"left\">Affidavit \u00e0 l&rsquo;appui d&rsquo;une demande d\u2019ordonnance parentale\u00a0(Pour les districts judiciaires de Saint John et Moncton)<\/td>\n<td align=\"left\"><\/td>\n<\/tr>\n<tr>\n<td align=\"left\"><a href=\"https:\/\/www.pxw1.snb.ca\/snb7001\/f\/1000\/FORM-fillable-81c-f.pdf\" target=\"_blank\" rel=\"noopener\">Formule 81C<\/a><\/td>\n<td align=\"left\">R\u00e9ponse\u00a0(Pour les districts judiciaires de Saint John et Moncton)<\/td>\n<td align=\"left\"><\/td>\n<\/tr>\n<\/tbody>\n<\/table>\n<\/div>\n<\/div><\/div><\/div><\/div><\/p>\n","protected":false},"excerpt":{"rendered":"","protected":false},"author":1,"featured_media":0,"parent":229,"menu_order":0,"comment_status":"closed","ping_status":"closed","template":"","meta":{"footnotes":""},"class_list":["post-585","page","type-page","status-publish","hentry"],"_links":{"self":[{"href":"https:\/\/familylawnb.ca\/fr\/wp-json\/wp\/v2\/pages\/585","targetHints":{"allow":["GET"]}}],"collection":[{"href":"https:\/\/familylawnb.ca\/fr\/wp-json\/wp\/v2\/pages"}],"about":[{"href":"https:\/\/familylawnb.ca\/fr\/wp-json\/wp\/v2\/types\/page"}],"author":[{"embeddable":true,"href":"https:\/\/familylawnb.ca\/fr\/wp-json\/wp\/v2\/users\/1"}],"replies":[{"embeddable":true,"href":"https:\/\/familylawnb.ca\/fr\/wp-json\/wp\/v2\/comments?post=585"}],"version-history":[{"count":5,"href":"https:\/\/familylawnb.ca\/fr\/wp-json\/wp\/v2\/pages\/585\/revisions"}],"predecessor-version":[{"id":1009,"href":"https:\/\/familylawnb.ca\/fr\/wp-json\/wp\/v2\/pages\/585\/revisions\/1009"}],"up":[{"embeddable":true,"href":"https:\/\/familylawnb.ca\/fr\/wp-json\/wp\/v2\/pages\/229"}],"wp:attachment":[{"href":"https:\/\/familylawnb.ca\/fr\/wp-json\/wp\/v2\/media?parent=585"}],"curies":[{"name":"wp","href":"https:\/\/api.w.org\/{rel}","templated":true}]}}