{"id":662,"date":"2026-02-20T04:01:30","date_gmt":"2026-02-20T04:01:30","guid":{"rendered":"https:\/\/familylawnb.ca\/?page_id=662"},"modified":"2026-04-08T20:46:34","modified_gmt":"2026-04-08T20:46:34","slug":"formulaires-pour-modifier-une-ordonnance","status":"publish","type":"page","link":"https:\/\/familylawnb.ca\/fr\/formulaires\/formulaires-pour-modifier-une-ordonnance\/","title":{"rendered":"Formulaires pour modifier une ordonnance"},"content":{"rendered":"<p><div class=\"fusion-fullwidth fullwidth-box fusion-builder-row-1 fusion-flex-container has-pattern-background has-mask-background nonhundred-percent-fullwidth non-hundred-percent-height-scrolling\" style=\"--awb-border-radius-top-left:0px;--awb-border-radius-top-right:0px;--awb-border-radius-bottom-right:0px;--awb-border-radius-bottom-left:0px;--awb-flex-wrap:wrap;\" ><div class=\"fusion-builder-row fusion-row fusion-flex-align-items-flex-start fusion-flex-content-wrap\" style=\"max-width:1729.52px;margin-left: calc(-4% \/ 2 );margin-right: calc(-4% \/ 2 );\"><div class=\"fusion-layout-column fusion_builder_column fusion-builder-column-0 fusion_builder_column_1_1 1_1 fusion-flex-column\" style=\"--awb-bg-size:cover;--awb-width-large:100%;--awb-margin-top-large:0px;--awb-spacing-right-large:1.92%;--awb-margin-bottom-large:20px;--awb-spacing-left-large:1.92%;--awb-width-medium:100%;--awb-order-medium:0;--awb-spacing-right-medium:1.92%;--awb-spacing-left-medium:1.92%;--awb-width-small:100%;--awb-order-small:0;--awb-spacing-right-small:1.92%;--awb-spacing-left-small:1.92%;\"><div class=\"fusion-column-wrapper fusion-column-has-shadow fusion-flex-justify-content-flex-start fusion-content-layout-column\"><div class=\"fusion-title title fusion-title-1 fusion-sep-none fusion-title-text fusion-title-size-one\"><h1 class=\"fusion-title-heading title-heading-left\" style=\"margin:0;\">Formulaires pour modifier une ordonnance (p. ex. : modification de la pension alimentaire pour enfants)<\/h1><\/div><\/div><\/div><\/div><\/div><div class=\"fusion-fullwidth fullwidth-box fusion-builder-row-2 fusion-flex-container has-pattern-background has-mask-background nonhundred-percent-fullwidth non-hundred-percent-height-scrolling\" style=\"--awb-border-radius-top-left:0px;--awb-border-radius-top-right:0px;--awb-border-radius-bottom-right:0px;--awb-border-radius-bottom-left:0px;--awb-flex-wrap:wrap;\" ><div class=\"fusion-builder-row fusion-row fusion-flex-align-items-flex-start fusion-flex-content-wrap\" style=\"max-width:1729.52px;margin-left: calc(-4% \/ 2 );margin-right: calc(-4% \/ 2 );\"><div class=\"fusion-layout-column fusion_builder_column fusion-builder-column-1 fusion_builder_column_1_1 1_1 fusion-flex-column\" style=\"--awb-bg-size:cover;--awb-width-large:100%;--awb-margin-top-large:0px;--awb-spacing-right-large:1.92%;--awb-margin-bottom-large:20px;--awb-spacing-left-large:1.92%;--awb-width-medium:100%;--awb-order-medium:0;--awb-spacing-right-medium:1.92%;--awb-spacing-left-medium:1.92%;--awb-width-small:100%;--awb-order-small:0;--awb-spacing-right-small:1.92%;--awb-spacing-left-small:1.92%;\"><div class=\"fusion-column-wrapper fusion-column-has-shadow fusion-flex-justify-content-flex-start fusion-content-layout-column\"><div class=\"fusion-text fusion-text-1\"><p>Vous trouverez ci-dessous un aper\u00e7u de plusieurs formulaires et documents n\u00e9cessaires pour vous occuper de votre propre demande de modification de pension alimentaire. La colonne \u00ab Exemples \u00bb contient des liens vers de tels formulaires et documents d\u00e9j\u00e0 remplis pour servir de mod\u00e8les. Ces renseignements sont fournis \u00e0 titre d\u2019information g\u00e9n\u00e9rale sur les formulaires et proc\u00e9dures li\u00e9es \u00e0 des requ\u00eates pr\u00e9sent\u00e9es \u00e0 un tribunal de la famille. Ils ne doivent PAS \u00eatre per\u00e7us comme commentaire ou avis juridique sur la situation particuli\u00e8re d\u2019une personne.<\/p>\n<p>Le fait de changer une ordonnance du tribunal d\u00e9j\u00e0 existante est une modification. Les modifications peuvent \u00eatre faites au moyen d\u2019une ordonnance sur consentement si les deux parties sont d\u2019accord, d\u2019une demande ou d\u2019une motion. Pour savoir comment faire modifier une ordonnance ou un accord de pension alimentaire pour enfants, consultez la\u00a0<a href=\"https:\/\/pomis.legalinfonb.ca\/publication-files\/Child_Support_EN.pdf\" target=\"_blank\" rel=\"noopener\">Trousse de modification aux pensions alimentaires pour enfants du Nouveau-Brunswick<\/a>. Pour obtenir des renseignements sur la modification d\u2019autres ordonnances du tribunal de la famille ou pour r\u00e9pondre \u00e0 une demande de modification d\u2019une ordonnance, r\u00e9f\u00e9rez-vous au guide<a href=\"https:\/\/pomis.legalinfonb.ca\/publication-files\/Applying_for_CAS_FR.pdf\" target=\"_blank\" rel=\"noopener\">\u00a0Demander la garde, des droits de visite et une pension alimentaire au Nouveau-Brunswick<\/a>.<\/p>\n<p>\u00c0 l&rsquo;ext\u00e9rieur des circonscriptions judiciaires de Saint-Jean et de Moncton si vous avez d\u00e9j\u00e0 une ordonnance de pension alimentaire pour enfants et voulez demander une modification, utilisez le formulaire 72U. Pour toutes les autres motions, servez-vous du formulaire 37A.<\/p>\n<p>Si vous vous repr\u00e9sentez vous-m\u00eame dans le cadre d\u2019une proc\u00e9dure en droit priv\u00e9 de la famille ou de divorce, vous pouvez nous contacter pour obtenir des renseignements en faisant le 1-888-236-2444, la ligne d\u2019information sans frais du SPEIJ-NB sur le droit de la famille, ou en envoyant un courriel \u00e0\u00a0<a href=\"mailto:info@droitdelafamillenb.ca\">info@droitdelafamillenb.ca<\/a>. Si vous habitez \u00e0 Saint-Jean ou \u00e0 Moncton, vous pouvez communiquer avec le Centre d\u2019information juridique sur le droit de la famille, situ\u00e9 au palais de justice de l\u2019une ou l\u2019autre de ces villes :<\/p>\n<ul>\n<li>Saint-Jean :506-658-6361<\/li>\n<li>Moncton : 506-856-3131<\/li>\n<\/ul>\n<p>Des copies en blanc de ces formulaires sont accessibles via\u00a0<a href=\"https:\/\/www2.gnb.ca\/content\/gnb\/fr\/ministeres\/securite-publique\/procureur_general\/content\/lois_et_reglements\/content\/regles_de_procedure\/formules.html\" target=\"_blank\" rel=\"noopener\">le site Web du procureur g\u00e9n\u00e9ral du Nouveau-Brunswick<\/a>\u00a0ou en vous rendant \u00e0 votre bureau local de Service Nouveau-Brunswick et en demandant le formulaire sp\u00e9cifique.<\/p>\n<\/div><\/div><\/div><div class=\"fusion-layout-column fusion_builder_column fusion-builder-column-2 fusion_builder_column_1_1 1_1 fusion-flex-column\" style=\"--awb-bg-size:cover;--awb-width-large:100%;--awb-margin-top-large:0px;--awb-spacing-right-large:1.92%;--awb-margin-bottom-large:20px;--awb-spacing-left-large:1.92%;--awb-width-medium:100%;--awb-order-medium:0;--awb-spacing-right-medium:1.92%;--awb-spacing-left-medium:1.92%;--awb-width-small:100%;--awb-order-small:0;--awb-spacing-right-small:1.92%;--awb-spacing-left-small:1.92%;\"><div class=\"fusion-column-wrapper fusion-column-has-shadow fusion-flex-justify-content-flex-start fusion-content-layout-column\">\n<div class=\"table-1\">\n<p>&nbsp;<\/p>\n<table width=\"100%\">\n<thead>\n<tr>\n<th align=\"left\"><strong>Num\u00e9ro de formule<\/strong><\/th>\n<th align=\"left\"><strong>Titre de la formule<\/strong><\/th>\n<th align=\"left\"><strong>Exemple<\/strong><\/th>\n<\/tr>\n<\/thead>\n<tbody>\n<tr>\n<td align=\"left\"><a href=\"https:\/\/www.pxw1.snb.ca\/snb7001\/b\/1000\/72U-BIL.pdf\" target=\"_blank\" rel=\"noopener\">Formule 72U<\/a><\/td>\n<td align=\"left\">Avis de Motion<\/td>\n<td align=\"left\">Exemple d&rsquo;un\u00a0<a href=\"https:\/\/familylawnb.ca\/wp-content\/uploads\/2026\/02\/child_support_variation_example_1_form_72u_divorce_guide_FR.pdf\" target=\"_blank\" rel=\"noopener\">Avis de Motion<\/a>\u00a0rempli<br \/>\n(selon la <em>Loi sur le Divorce<\/em>)<br \/>\nExemple d&rsquo;un\u00a0<a href=\"https:\/\/familylawnb.ca\/wp-content\/uploads\/2026\/02\/child_support_variation_example_2_form_72u_family_services_act_FR.pdf\" target=\"_blank\" rel=\"noopener\">Avis de Motion<\/a>\u00a0rempli<br \/>\n(selon la Loi sur les services \u00e0 la famille)<\/td>\n<\/tr>\n<tr>\n<td align=\"left\"><a href=\"https:\/\/www.pxw1.snb.ca\/snb7001\/f\/1000\/CSS-FOL-45-5067f.pdf\" target=\"_blank\" rel=\"noopener\">Formule 72J<\/a><\/td>\n<td align=\"left\">\u00c9tat financier<\/td>\n<td align=\"left\"><a href=\"https:\/\/pomis.legalinfonb.ca\/publication-files\/Financial_Statement_EN.pdf\" target=\"_blank\" rel=\"noopener\">Un guide pour remplir la formule 72J : \u00c9tat financier et renseignements sur le revenu<\/a><\/td>\n<\/tr>\n<tr>\n<td align=\"left\">Ceci n\u2019est pas une formule<\/td>\n<td align=\"left\">Affidavit (mod\u00e8le)<\/td>\n<td align=\"left\">Exemple d&rsquo;un\u00a0<a href=\"https:\/\/familylawnb.ca\/wp-content\/uploads\/2026\/02\/child_support_variation_example_3_affidavit_FR.pdf\" target=\"_blank\" rel=\"noopener\">Affidavit<\/a>\u00a0rempli<\/td>\n<\/tr>\n<tr>\n<td align=\"left\">Ceci n\u2019est pas une formule<\/td>\n<td align=\"left\"><\/td>\n<td align=\"left\">Exemple d&rsquo;un\u00a0<a href=\"https:\/\/familylawnb.ca\/wp-content\/uploads\/2026\/02\/child_support_variation_example_4_coverletter_FR.pdf\" target=\"_blank\" rel=\"noopener\">Lettre d\u2019accompagnement des documents<\/a>\u00a0rempli<\/td>\n<\/tr>\n<tr>\n<td align=\"left\">Formule 18B<\/td>\n<td align=\"left\">Affidavit de signification-Signification personnelle<\/td>\n<td align=\"left\">Exemple d&rsquo;un\u00a0<a href=\"https:\/\/familylawnb.ca\/wp-content\/uploads\/2026\/02\/child_support_variation_example_5_personal_service_FR.pdf\" target=\"_blank\" rel=\"noopener\">Affidavit de signification -Signification personnelle<\/a>\u00a0rempli<br \/>\nExemple d&rsquo;un\u00a0:\u00a0<a href=\"https:\/\/familylawnb.ca\/wp-content\/uploads\/2026\/02\/child_support_variation_example_6_service_registered_mail_FR.pdf\" target=\"_blank\" rel=\"noopener\">Affidavit de signification &#8211;<br \/>\npar poste affranchie<\/a>\u00a0rempli<\/td>\n<\/tr>\n<tr>\n<td align=\"left\"><a href=\"https:\/\/www.pxw1.snb.ca\/snb7001\/f\/1000\/Form_18A-F.pdf\" target=\"_blank\" rel=\"noopener\">Formule 18A<\/a><\/td>\n<td align=\"left\">Carte d\u2019accus\u00e9 de r\u00e9ception<\/td>\n<td align=\"left\">Exemple d&rsquo;un\u00a0<a href=\"https:\/\/familylawnb.ca\/wp-content\/uploads\/2026\/02\/child_support_variation_example_7_forms_18a_receipt_card_FR.pdf\" target=\"_blank\" rel=\"noopener\">Carte d\u2019accus\u00e9 de r\u00e9ception<\/a>\u00a0rempli<\/td>\n<\/tr>\n<tr>\n<td align=\"left\">Ceci n\u2019est pas une formule<\/td>\n<td align=\"left\"><\/td>\n<td align=\"left\">Exemple d&rsquo;un\u00a0<a href=\"https:\/\/familylawnb.ca\/wp-content\/uploads\/2026\/02\/child_support_variation_example_8_coverletter_record_on_motion_FR.pdf\" target=\"_blank\" rel=\"noopener\">Page couverture du dossier de la motion<\/a>\u00a0rempli<\/td>\n<\/tr>\n<tr>\n<td align=\"left\">Ceci n\u2019est pas une formule<\/td>\n<td align=\"left\"><\/td>\n<td align=\"left\">Exemple d&rsquo;un\u00a0<a href=\"https:\/\/familylawnb.ca\/wp-content\/uploads\/2026\/02\/child_support_variation_example_9_index_record_on_motion_FR.pdf\" target=\"_blank\" rel=\"noopener\">Table des mati\u00e8res du dossier de la motion<\/a>\u00a0rempli<\/td>\n<\/tr>\n<tr>\n<td align=\"left\">Ceci n\u2019est pas une formule<\/td>\n<td align=\"left\"><\/td>\n<td align=\"left\">Exemple d&rsquo;un\u00a0<a href=\"https:\/\/familylawnb.ca\/wp-content\/uploads\/2026\/02\/child_support_variation_example_10_responding_document_FR.pdf\" target=\"_blank\" rel=\"noopener\">Document de d\u00e9fense<\/a>\u00a0rempli<\/td>\n<\/tr>\n<tr>\n<td align=\"left\"><a href=\"https:\/\/www.pxw1.snb.ca\/snb7001\/b\/1000\/CSS-FOL-SNB-45-9043B.pdf\" target=\"_blank\" rel=\"noopener\">Formule 81F<\/a><\/td>\n<td align=\"left\">Motion en modification<\/td>\n<td align=\"left\"><\/td>\n<\/tr>\n<tr>\n<td align=\"left\"><a href=\"https:\/\/www.pxw1.snb.ca\/snb7001\/f\/1000\/CSS-FOL-SNB-45-9044f.pdf\" target=\"_blank\" rel=\"noopener\">Formule 81G<\/a><\/td>\n<td align=\"left\">Formule de renseignements visant une modification<\/td>\n<td align=\"left\"><\/td>\n<\/tr>\n<tr>\n<td align=\"left\"><a href=\"https:\/\/www.pxw1.snb.ca\/snb7001\/f\/1000\/CSS-FOL-SNB-45-9045f.pdf\" target=\"_blank\" rel=\"noopener\">Formule 81H<\/a><\/td>\n<td align=\"left\">R\u00e9ponse \u00e0 la motion en modification<\/td>\n<td align=\"left\"><\/td>\n<\/tr>\n<tr>\n<td align=\"left\"><a href=\"https:\/\/www.pxw1.snb.ca\/snb7001\/e\/1000\/CSS-FOL-SNB-45-9046e.pdf\" target=\"_blank\" rel=\"noopener\">Formule 81I<\/a><\/td>\n<td align=\"left\">Motion en modification sur consentement<\/td>\n<td align=\"left\"><\/td>\n<\/tr>\n<\/tbody>\n<\/table>\n<\/div>\n<\/div><\/div><\/div><\/div><\/p>\n","protected":false},"excerpt":{"rendered":"","protected":false},"author":1,"featured_media":0,"parent":229,"menu_order":0,"comment_status":"closed","ping_status":"closed","template":"","meta":{"footnotes":""},"class_list":["post-662","page","type-page","status-publish","hentry"],"_links":{"self":[{"href":"https:\/\/familylawnb.ca\/fr\/wp-json\/wp\/v2\/pages\/662","targetHints":{"allow":["GET"]}}],"collection":[{"href":"https:\/\/familylawnb.ca\/fr\/wp-json\/wp\/v2\/pages"}],"about":[{"href":"https:\/\/familylawnb.ca\/fr\/wp-json\/wp\/v2\/types\/page"}],"author":[{"embeddable":true,"href":"https:\/\/familylawnb.ca\/fr\/wp-json\/wp\/v2\/users\/1"}],"replies":[{"embeddable":true,"href":"https:\/\/familylawnb.ca\/fr\/wp-json\/wp\/v2\/comments?post=662"}],"version-history":[{"count":2,"href":"https:\/\/familylawnb.ca\/fr\/wp-json\/wp\/v2\/pages\/662\/revisions"}],"predecessor-version":[{"id":876,"href":"https:\/\/familylawnb.ca\/fr\/wp-json\/wp\/v2\/pages\/662\/revisions\/876"}],"up":[{"embeddable":true,"href":"https:\/\/familylawnb.ca\/fr\/wp-json\/wp\/v2\/pages\/229"}],"wp:attachment":[{"href":"https:\/\/familylawnb.ca\/fr\/wp-json\/wp\/v2\/media?parent=662"}],"curies":[{"name":"wp","href":"https:\/\/api.w.org\/{rel}","templated":true}]}}