{"id":684,"date":"2026-02-20T04:09:50","date_gmt":"2026-02-20T04:09:50","guid":{"rendered":"https:\/\/familylawnb.ca\/?page_id=684"},"modified":"2026-04-08T20:47:57","modified_gmt":"2026-04-08T20:47:57","slug":"formulaires-dordonnances-alimentaires-dexecution-reciproque","status":"publish","type":"page","link":"https:\/\/familylawnb.ca\/fr\/formulaires\/formulaires-dordonnances-alimentaires-dexecution-reciproque\/","title":{"rendered":"Formulaires d\u2019ordonnances alimentaires d\u2019ex\u00e9cution r\u00e9ciproque"},"content":{"rendered":"<p><div class=\"fusion-fullwidth fullwidth-box fusion-builder-row-1 fusion-flex-container has-pattern-background has-mask-background nonhundred-percent-fullwidth non-hundred-percent-height-scrolling\" style=\"--awb-border-radius-top-left:0px;--awb-border-radius-top-right:0px;--awb-border-radius-bottom-right:0px;--awb-border-radius-bottom-left:0px;--awb-flex-wrap:wrap;\" ><div class=\"fusion-builder-row fusion-row fusion-flex-align-items-flex-start fusion-flex-content-wrap\" style=\"max-width:1729.52px;margin-left: calc(-4% \/ 2 );margin-right: calc(-4% \/ 2 );\"><div class=\"fusion-layout-column fusion_builder_column fusion-builder-column-0 fusion_builder_column_1_1 1_1 fusion-flex-column\" style=\"--awb-bg-size:cover;--awb-width-large:100%;--awb-margin-top-large:0px;--awb-spacing-right-large:1.92%;--awb-margin-bottom-large:20px;--awb-spacing-left-large:1.92%;--awb-width-medium:100%;--awb-order-medium:0;--awb-spacing-right-medium:1.92%;--awb-spacing-left-medium:1.92%;--awb-width-small:100%;--awb-order-small:0;--awb-spacing-right-small:1.92%;--awb-spacing-left-small:1.92%;\"><div class=\"fusion-column-wrapper fusion-column-has-shadow fusion-flex-justify-content-flex-start fusion-content-layout-column\"><div class=\"fusion-title title fusion-title-1 fusion-sep-none fusion-title-text fusion-title-size-one\"><h1 class=\"fusion-title-heading title-heading-left\" style=\"margin:0;\">Formulaires d\u2019ordonnances alimentaires d\u2019ex\u00e9cution r\u00e9ciproque<\/h1><\/div><\/div><\/div><\/div><\/div><div class=\"fusion-fullwidth fullwidth-box fusion-builder-row-2 fusion-flex-container has-pattern-background has-mask-background nonhundred-percent-fullwidth non-hundred-percent-height-scrolling\" style=\"--awb-border-radius-top-left:0px;--awb-border-radius-top-right:0px;--awb-border-radius-bottom-right:0px;--awb-border-radius-bottom-left:0px;--awb-flex-wrap:wrap;\" ><div class=\"fusion-builder-row fusion-row fusion-flex-align-items-flex-start fusion-flex-content-wrap\" style=\"max-width:1729.52px;margin-left: calc(-4% \/ 2 );margin-right: calc(-4% \/ 2 );\"><div class=\"fusion-layout-column fusion_builder_column fusion-builder-column-1 fusion_builder_column_1_1 1_1 fusion-flex-column\" style=\"--awb-bg-size:cover;--awb-width-large:100%;--awb-margin-top-large:0px;--awb-spacing-right-large:1.92%;--awb-margin-bottom-large:20px;--awb-spacing-left-large:1.92%;--awb-width-medium:100%;--awb-order-medium:0;--awb-spacing-right-medium:1.92%;--awb-spacing-left-medium:1.92%;--awb-width-small:100%;--awb-order-small:0;--awb-spacing-right-small:1.92%;--awb-spacing-left-small:1.92%;\"><div class=\"fusion-column-wrapper fusion-column-has-shadow fusion-flex-justify-content-flex-start fusion-content-layout-column\"><div class=\"fusion-text fusion-text-1\"><p>Le Nouveau-Brunswick a conclu avec la plupart des provinces et territoires du Canada ainsi qu\u2019avec plusieurs pays \u00e9trangers des ententes permettant l\u2019ex\u00e9cution r\u00e9ciproque des ordonnances de soutien (frais d\u2019entretien).<\/p>\n<p>Au Nouveau-Brunswick, la loi qui traite de cette r\u00e9ciprocit\u00e9 est la\u00a0<strong><em><a href=\"https:\/\/laws.gnb.ca\/en\/pdf\/cs\/2016,%20C.102.pdf\" target=\"_blank\" rel=\"noopener\">Loi sur l&rsquo;\u00e9tablissement et l&rsquo;ex\u00e9cution r\u00e9ciproque des ordonnances de soutien<\/a>\u00a0<\/em>(LEEROS)<\/strong>. Vous pouvez demander au tribunal de r\u00e9gler pour vous tout probl\u00e8me familial en mati\u00e8re d\u2019obligation financi\u00e8re, m\u00eame si votre ex-conjoint habite \u00e0 l&rsquo;ext\u00e9rieur de la province, pourvu qu&rsquo;il r\u00e9side dans un \u00ab\u00a0\u00c9tat pratiquant la r\u00e9ciprocit\u00e9\u00a0\u00bb.<\/p>\n<p><a href=\"https:\/\/www.gnb.ca\/fr\/sujet\/lois-securite\/tribunaux-prisons\/execution-reciproque\/liste-formules.html\" target=\"_blank\" rel=\"noopener\"><strong>Les formules et guides de LEEROA se trouvent ici.<\/strong><\/a><\/p>\n<\/div><\/div><\/div><\/div><\/div><\/p>\n","protected":false},"excerpt":{"rendered":"","protected":false},"author":1,"featured_media":0,"parent":229,"menu_order":0,"comment_status":"closed","ping_status":"closed","template":"","meta":{"footnotes":""},"class_list":["post-684","page","type-page","status-publish","hentry"],"_links":{"self":[{"href":"https:\/\/familylawnb.ca\/fr\/wp-json\/wp\/v2\/pages\/684","targetHints":{"allow":["GET"]}}],"collection":[{"href":"https:\/\/familylawnb.ca\/fr\/wp-json\/wp\/v2\/pages"}],"about":[{"href":"https:\/\/familylawnb.ca\/fr\/wp-json\/wp\/v2\/types\/page"}],"author":[{"embeddable":true,"href":"https:\/\/familylawnb.ca\/fr\/wp-json\/wp\/v2\/users\/1"}],"replies":[{"embeddable":true,"href":"https:\/\/familylawnb.ca\/fr\/wp-json\/wp\/v2\/comments?post=684"}],"version-history":[{"count":3,"href":"https:\/\/familylawnb.ca\/fr\/wp-json\/wp\/v2\/pages\/684\/revisions"}],"predecessor-version":[{"id":878,"href":"https:\/\/familylawnb.ca\/fr\/wp-json\/wp\/v2\/pages\/684\/revisions\/878"}],"up":[{"embeddable":true,"href":"https:\/\/familylawnb.ca\/fr\/wp-json\/wp\/v2\/pages\/229"}],"wp:attachment":[{"href":"https:\/\/familylawnb.ca\/fr\/wp-json\/wp\/v2\/media?parent=684"}],"curies":[{"name":"wp","href":"https:\/\/api.w.org\/{rel}","templated":true}]}}