{"id":696,"date":"2026-03-23T12:16:08","date_gmt":"2026-03-23T12:16:08","guid":{"rendered":"https:\/\/familylawnb.ca\/?page_id=696"},"modified":"2026-04-15T11:34:31","modified_gmt":"2026-04-15T11:34:31","slug":"pension-alimentaire-pour-conjoint","status":"publish","type":"page","link":"https:\/\/familylawnb.ca\/fr\/info-legale\/pension-alimentaire-pour-enfants-et-pour-conjoint\/pension-alimentaire-pour-conjoint\/","title":{"rendered":"Pension alimentaire pour conjoint"},"content":{"rendered":"<p><div class=\"fusion-fullwidth fullwidth-box fusion-builder-row-1 fusion-flex-container has-pattern-background has-mask-background nonhundred-percent-fullwidth non-hundred-percent-height-scrolling\" style=\"--awb-border-radius-top-left:0px;--awb-border-radius-top-right:0px;--awb-border-radius-bottom-right:0px;--awb-border-radius-bottom-left:0px;--awb-flex-wrap:wrap;\" ><div class=\"fusion-builder-row fusion-row fusion-flex-align-items-flex-start fusion-flex-content-wrap\" style=\"max-width:1729.52px;margin-left: calc(-4% \/ 2 );margin-right: calc(-4% \/ 2 );\"><div class=\"fusion-layout-column fusion_builder_column fusion-builder-column-0 fusion_builder_column_1_1 1_1 fusion-flex-column\" style=\"--awb-bg-size:cover;--awb-width-large:100%;--awb-margin-top-large:0px;--awb-spacing-right-large:1.92%;--awb-margin-bottom-large:20px;--awb-spacing-left-large:1.92%;--awb-width-medium:100%;--awb-order-medium:0;--awb-spacing-right-medium:1.92%;--awb-spacing-left-medium:1.92%;--awb-width-small:100%;--awb-order-small:0;--awb-spacing-right-small:1.92%;--awb-spacing-left-small:1.92%;\"><div class=\"fusion-column-wrapper fusion-column-has-shadow fusion-flex-justify-content-flex-start fusion-content-layout-column\"><div class=\"fusion-title title fusion-title-1 fusion-sep-none fusion-title-text fusion-title-size-one\"><h1 class=\"fusion-title-heading title-heading-left\" style=\"margin:0;\">Pension alimentaire pour conjoint<\/h1><\/div><\/div><\/div><\/div><\/div><div class=\"fusion-fullwidth fullwidth-box fusion-builder-row-2 fusion-flex-container has-pattern-background has-mask-background nonhundred-percent-fullwidth non-hundred-percent-height-scrolling\" style=\"--awb-border-radius-top-left:0px;--awb-border-radius-top-right:0px;--awb-border-radius-bottom-right:0px;--awb-border-radius-bottom-left:0px;--awb-flex-wrap:wrap;\" ><div class=\"fusion-builder-row fusion-row fusion-flex-align-items-flex-start fusion-flex-content-wrap\" style=\"max-width:1729.52px;margin-left: calc(-4% \/ 2 );margin-right: calc(-4% \/ 2 );\"><div class=\"fusion-layout-column fusion_builder_column fusion-builder-column-1 fusion_builder_column_1_1 1_1 fusion-flex-column\" style=\"--awb-bg-size:cover;--awb-width-large:100%;--awb-margin-top-large:0px;--awb-spacing-right-large:1.92%;--awb-margin-bottom-large:20px;--awb-spacing-left-large:1.92%;--awb-width-medium:100%;--awb-order-medium:0;--awb-spacing-right-medium:1.92%;--awb-spacing-left-medium:1.92%;--awb-width-small:100%;--awb-order-small:0;--awb-spacing-right-small:1.92%;--awb-spacing-left-small:1.92%;\"><div class=\"fusion-column-wrapper fusion-column-has-shadow fusion-flex-justify-content-flex-start fusion-content-layout-column\"><div class=\"fusion-text fusion-text-1\"><p>Lorsque deux personnes mettent fin \u00e0 leur relation, l&rsquo;une d&rsquo;elles peut \u00eatre amen\u00e9e \u00e0 verser des sommes d&rsquo;argent \u00e0 l&rsquo;autre afin de contribuer \u00e0 son entretien. Ces versements sont d\u00e9sign\u00e9s sous le nom de pension alimentaire pour conjoint, parfois \u00e9galement appel\u00e9e aliments ou prestation compensatoire.<\/p>\n<p>\u00c0 la suite de la dissolution de votre relation, vous ou votre ex-conjoint pourriez \u00eatre dans l&rsquo;obligation de verser une pension alimentaire pour conjoint \u00e0 l&rsquo;autre partie. Cette obligation n&rsquo;est toutefois pas syst\u00e9matique\u00a0: la pension alimentaire pour conjoint n&rsquo;est l\u00e9galement exigible que dans certaines circonstances.<\/p>\n<\/div><div class=\"accordian fusion-accordian\" style=\"--awb-border-size:1px;--awb-icon-size:36px;--awb-content-font-size:20px;--awb-icon-alignment:right;--awb-hover-color:var(--awb-color2);--awb-border-color:var(--awb-color2);--awb-background-color:var(--awb-color1);--awb-divider-color:var(--awb-color2);--awb-divider-hover-color:var(--awb-color2);--awb-icon-color:var(--awb-color2);--awb-title-color:var(--awb-color8);--awb-content-color:var(--awb-color8);--awb-icon-box-color:var(--awb-color8);--awb-toggle-hover-accent-color:var(--awb-color2);--awb-title-font-family:&quot;Montserrat&quot;;--awb-title-font-weight:700;--awb-title-font-style:normal;--awb-title-font-size:26px;--awb-content-font-family:&quot;Open Sans&quot;;--awb-content-font-style:normal;--awb-content-font-weight:400;\"><div class=\"panel-group fusion-toggle-icon-right fusion-toggle-icon-boxed\" id=\"accordion-696-1\"><div class=\"fusion-panel panel-default panel-c28d312aff7baeb25 fusion-toggle-has-divider\" style=\"--awb-title-color:var(--awb-color8);\"><div class=\"panel-heading\"><h4 class=\"panel-title toggle\" id=\"toggle_c28d312aff7baeb25\"><a aria-expanded=\"false\" aria-controls=\"c28d312aff7baeb25\" role=\"button\" data-toggle=\"collapse\" data-target=\"#c28d312aff7baeb25\" href=\"#c28d312aff7baeb25\"><span class=\"fusion-toggle-icon-wrapper\" aria-hidden=\"true\"><i class=\"fa-fusion-box active-icon awb-icon-minus\" aria-hidden=\"true\"><\/i><i class=\"fa-fusion-box inactive-icon awb-icon-plus\" aria-hidden=\"true\"><\/i><\/span><span class=\"fusion-toggle-heading\">Obtenir une pension alimentaire pour conjoint<\/span><\/a><\/h4><\/div><div id=\"c28d312aff7baeb25\" class=\"panel-collapse collapse \" aria-labelledby=\"toggle_c28d312aff7baeb25\"><div class=\"panel-body toggle-content fusion-clearfix\">\n<p>Les versements de pension alimentaire pour conjoint peuvent \u00eatre convenus soit par voie d&rsquo;<a href=\"https:\/\/familylawnb.ca\/fr\/info-legale\/living-together\/\">entente<\/a> conclue avec votre ex-conjoint, soit par voie judiciaire, au moyen d&rsquo;une demande d&rsquo;ordonnance adress\u00e9e au tribunal en l&rsquo;absence d&rsquo;accord entre les parties. Cette d\u00e9marche s&rsquo;applique tant aux \u00e9poux mari\u00e9s qu&rsquo;aux <a href=\"https:\/\/familylawnb.ca\/fr\/info-legale\/la-cohabitation\/unions-de-fait\/\">conjoints de fait<\/a>.<\/p>\n<p>Vous pouvez demander une ordonnance de pension alimentaire pour conjoint apr\u00e8s la dissolution de votre relation si vous d\u00e9pendiez financi\u00e8rement de votre partenaire et que vous vous trouvez d\u00e9sormais dans l&rsquo;impossibilit\u00e9 de subvenir \u00e0 vos propres besoins.<\/p>\n<p>Au Nouveau-Brunswick, un tribunal ne peut envisager de vous accorder une pension alimentaire pour conjoint \u00e0 l&rsquo;\u00e9gard d&rsquo;un <a href=\"https:\/\/familylawnb.ca\/fr\/info-legale\/la-cohabitation\/unions-de-fait\/\"><strong>conjoint de fait<\/strong><\/a> que si vous et votre ex-conjoint\u00a0:<\/p>\n<ul>\n<li>avez cohabit\u00e9 pendant au moins trois ans,<\/li>\n<\/ul>\n<p>OU<\/p>\n<ul>\n<li>avez cohabit\u00e9 et avez eu un enfant ensemble.<\/li>\n<\/ul>\n<p>La pension alimentaire pour conjoint ne constitue pas une obligation automatique, contrairement \u00e0 la pension alimentaire pour enfants. L&rsquo;ex-conjoint en mesure de travailler et de percevoir un revenu est pr\u00e9sum\u00e9 devoir le faire. Avant d&rsquo;ordonner \u00e0 votre ex-conjoint de vous verser une pension alimentaire pour conjoint, le tribunal prendra en consid\u00e9ration des facteurs tels que\u00a0:<\/p>\n<ul>\n<li>votre d\u00e9pendance financi\u00e8re \u00e0 l&rsquo;\u00e9gard de votre ex-conjoint<\/li>\n<li>votre situation financi\u00e8re actuelle<\/li>\n<li>la dur\u00e9e de votre cohabitation<\/li>\n<li>le temps dont vous pourriez avoir besoin pour atteindre l&rsquo;autonomie financi\u00e8re depuis votre s\u00e9paration<\/li>\n<\/ul>\n<\/div><\/div><\/div><div class=\"fusion-panel panel-default panel-f28f2cd79bb1dd2d2 fusion-toggle-has-divider\" style=\"--awb-title-color:var(--awb-color8);\"><div class=\"panel-heading\"><h4 class=\"panel-title toggle\" id=\"toggle_f28f2cd79bb1dd2d2\"><a aria-expanded=\"false\" aria-controls=\"f28f2cd79bb1dd2d2\" role=\"button\" data-toggle=\"collapse\" data-target=\"#f28f2cd79bb1dd2d2\" href=\"#f28f2cd79bb1dd2d2\"><span class=\"fusion-toggle-icon-wrapper\" aria-hidden=\"true\"><i class=\"fa-fusion-box active-icon awb-icon-minus\" aria-hidden=\"true\"><\/i><i class=\"fa-fusion-box inactive-icon awb-icon-plus\" aria-hidden=\"true\"><\/i><\/span><span class=\"fusion-toggle-heading\">Calcul de la pension alimentaire pour conjoint<\/span><\/a><\/h4><\/div><div id=\"f28f2cd79bb1dd2d2\" class=\"panel-collapse collapse \" aria-labelledby=\"toggle_f28f2cd79bb1dd2d2\"><div class=\"panel-body toggle-content fusion-clearfix\">\n<p>Le montant de la pension alimentaire pour conjoint est d\u00e9termin\u00e9 en fonction de vos besoins et de la capacit\u00e9 contributive de votre partenaire. Le tribunal tiendra compte des \u00e9l\u00e9ments suivants\u00a0:<\/p>\n<ul>\n<li>la dur\u00e9e de votre cohabitation<\/li>\n<li>vos \u00e2ges respectifs et votre \u00e9tat de sant\u00e9<\/li>\n<li>vos ant\u00e9c\u00e9dents professionnels respectifs<\/li>\n<li>votre capacit\u00e9 \u00e0 subvenir \u00e0 vos propres besoins financiers<\/li>\n<li>le fait que vous assumiez la garde d&rsquo;un enfant \u00e0 domicile<\/li>\n<li>toute contribution apport\u00e9e au soutien de la carri\u00e8re de votre partenaire (notamment les t\u00e2ches m\u00e9nag\u00e8res et la garde d&rsquo;enfants)<\/li>\n<\/ul>\n<p>Sauf circonstances exceptionnelles, le tribunal consid\u00e8re la pension alimentaire pour conjoint comme une mesure temporaire. Il s&rsquo;attend g\u00e9n\u00e9ralement \u00e0 ce que l&rsquo;ex-partenaire \u00e9conomiquement d\u00e9pendant parvienne \u00e0 l&rsquo;autonomie financi\u00e8re dans un d\u00e9lai raisonnable.<\/p>\n<p>Justice Canada a publi\u00e9 un ensemble de lignes directrices, les <a href=\"https:\/\/www.justice.gc.ca\/fra\/df-fl\/epoux-spousal\/ldfpae-ssag.html\" target=\"_blank\" rel=\"noopener\"><strong>Lignes directrices facultatives en mati\u00e8re de pensions alimentaires pour conjoint<\/strong><\/a> (LDPA\u00c9), destin\u00e9es \u00e0 faciliter l&rsquo;estimation du montant de la pension alimentaire pour conjoint. Les LDPA\u00c9 proposent des formules de calcul tenant compte des facteurs \u00e9num\u00e9r\u00e9s ci-dessus. Elles constituent un outil de r\u00e9f\u00e9rence utile, mais, \u00e0 la diff\u00e9rence des <a href=\"https:\/\/laws-lois.justice.gc.ca\/fra\/reglements\/DORS-97-175\/index.html\" target=\"_blank\" rel=\"noopener\">Lignes directrices f\u00e9d\u00e9rales sur les pensions alimentaires pour enfants<\/a>, elles n&rsquo;ont pas de caract\u00e8re obligatoire.<\/p>\n<p>Nous vous encourageons \u00e0 consulter un avocat pour d\u00e9terminer si vous pourriez avoir droit \u00e0 une pension alimentaire pour conjoint et pour obtenir une estimation du montant auquel vous pourriez pr\u00e9tendre.<\/p>\n<\/div><\/div><\/div><div class=\"fusion-panel panel-default panel-da8807336f73fa636 fusion-toggle-has-divider\" style=\"--awb-title-color:var(--awb-color8);\"><div class=\"panel-heading\"><h4 class=\"panel-title toggle\" id=\"toggle_da8807336f73fa636\"><a aria-expanded=\"false\" aria-controls=\"da8807336f73fa636\" role=\"button\" data-toggle=\"collapse\" data-target=\"#da8807336f73fa636\" href=\"#da8807336f73fa636\"><span class=\"fusion-toggle-icon-wrapper\" aria-hidden=\"true\"><i class=\"fa-fusion-box active-icon awb-icon-minus\" aria-hidden=\"true\"><\/i><i class=\"fa-fusion-box inactive-icon awb-icon-plus\" aria-hidden=\"true\"><\/i><\/span><span class=\"fusion-toggle-heading\">Ex\u00e9cution de la pension alimentaire pour conjoint<\/span><\/a><\/h4><\/div><div id=\"da8807336f73fa636\" class=\"panel-collapse collapse \" aria-labelledby=\"toggle_da8807336f73fa636\"><div class=\"panel-body toggle-content fusion-clearfix\">\n<p>Au Nouveau-Brunswick, le <a href=\"https:\/\/www.gnb.ca\/fr\/sujet\/lois-securite\/tribunaux-prisons\/pension-alimentaire-enfant-conjoint.html\" target=\"_blank\" rel=\"noopener\">Bureau de l&rsquo;ex\u00e9cution des ordonnances alimentaires (BEOA)<\/a> est charg\u00e9 de veiller au respect des obligations de paiement en mati\u00e8re de pension alimentaire pour enfants et pour conjoint. Le BEOA dispose de recours en cas de retard ou d&rsquo;insuffisance des paiements.<\/p>\n<p>Toute ordonnance alimentaire peut \u00eatre d\u00e9pos\u00e9e aupr\u00e8s du BEOA. Une entente alimentaire peut \u00e9galement l&rsquo;\u00eatre, sous r\u00e9serve de satisfaire \u00e0 certaines exigences. Pour en savoir davantage sur ces exigences et sur les r\u00e8gles r\u00e9gissant l&rsquo;ex\u00e9cution des ordonnances alimentaires, veuillez consulter <a href=\"https:\/\/familylawnb.ca\/fr\/info-legale\/pension-alimentaire-pour-enfants-et-pour-conjoint\/execution-des-ordonnances-alimentaires\/\">la page correspondante<\/a>.<\/p>\n<\/div><\/div><\/div><div class=\"fusion-panel panel-default panel-b2c31b96714b7fb7d fusion-toggle-has-divider\" style=\"--awb-title-color:var(--awb-color8);\"><div class=\"panel-heading\"><h4 class=\"panel-title toggle\" id=\"toggle_b2c31b96714b7fb7d\"><a aria-expanded=\"false\" aria-controls=\"b2c31b96714b7fb7d\" role=\"button\" data-toggle=\"collapse\" data-target=\"#b2c31b96714b7fb7d\" href=\"#b2c31b96714b7fb7d\"><span class=\"fusion-toggle-icon-wrapper\" aria-hidden=\"true\"><i class=\"fa-fusion-box active-icon awb-icon-minus\" aria-hidden=\"true\"><\/i><i class=\"fa-fusion-box inactive-icon awb-icon-plus\" aria-hidden=\"true\"><\/i><\/span><span class=\"fusion-toggle-heading\">Modification ou fin de la pension alimentaire pour conjoint<\/span><\/a><\/h4><\/div><div id=\"b2c31b96714b7fb7d\" class=\"panel-collapse collapse \" aria-labelledby=\"toggle_b2c31b96714b7fb7d\"><div class=\"panel-body toggle-content fusion-clearfix\">\n<p>Certaines ententes ou ordonnances ne pr\u00e9voient pas de date d&rsquo;\u00e9ch\u00e9ance pour les versements de pension alimentaire pour conjoint ; d&rsquo;autres fixent une dur\u00e9e d\u00e9termin\u00e9e, par exemple deux ans.<\/p>\n<p>Les deux parties peuvent convenir conjointement de modifier les versements de pension alimentaire pour conjoint si elles le jugent \u00e9quitable. Il est alors conseill\u00e9 d&rsquo;obtenir des conseils juridiques et de consigner la nouvelle entente par \u00e9crit.<\/p>\n<p>En l&rsquo;absence d&rsquo;accord, l&rsquo;un ou l&rsquo;autre des conjoints peut saisir le tribunal d&rsquo;une demande de modification ou de cessation des versements. Le tribunal peut modifier la pension alimentaire pour conjoint si les circonstances ont \u00e9volu\u00e9, notamment en cas de changement significatif dans la situation financi\u00e8re du d\u00e9biteur ou du cr\u00e9ancier alimentaire.<\/p>\n<\/div><\/div><\/div><div class=\"fusion-panel panel-default panel-da01f641377cb45d4 fusion-toggle-has-divider\" style=\"--awb-title-color:var(--awb-color8);\"><div class=\"panel-heading\"><h4 class=\"panel-title toggle\" id=\"toggle_da01f641377cb45d4\"><a aria-expanded=\"false\" aria-controls=\"da01f641377cb45d4\" role=\"button\" data-toggle=\"collapse\" data-target=\"#da01f641377cb45d4\" href=\"#da01f641377cb45d4\"><span class=\"fusion-toggle-icon-wrapper\" aria-hidden=\"true\"><i class=\"fa-fusion-box active-icon awb-icon-minus\" aria-hidden=\"true\"><\/i><i class=\"fa-fusion-box inactive-icon awb-icon-plus\" aria-hidden=\"true\"><\/i><\/span><span class=\"fusion-toggle-heading\">Imp\u00f4t sur le revenu et pension alimentaire pour conjoint<\/span><\/a><\/h4><\/div><div id=\"da01f641377cb45d4\" class=\"panel-collapse collapse \" aria-labelledby=\"toggle_da01f641377cb45d4\"><div class=\"panel-body toggle-content fusion-clearfix\">\n<p>Lorsque vous versez r\u00e9guli\u00e8rement une pension alimentaire pour conjoint en ex\u00e9cution d&rsquo;une ordonnance ou d&rsquo;une entente d\u00e9pos\u00e9e aupr\u00e8s du tribunal, vous pourriez \u00eatre en mesure de d\u00e9duire ces versements aux fins de l&rsquo;imp\u00f4t sur le revenu. Les versements forfaitaires ne sont toutefois pas d\u00e9ductibles.<\/p>\n<p>Les sommes per\u00e7ues au titre de la pension alimentaire pour conjoint sont consid\u00e9r\u00e9es comme un revenu imposable.<\/p>\n<p>Lorsque votre ordonnance ou entente pr\u00e9voit \u00e0 la fois le versement d&rsquo;une pension alimentaire pour enfants et d&rsquo;une pension alimentaire pour conjoint, seule cette derni\u00e8re constitue un revenu imposable. Vous devrez donc d\u00e9terminer la part des versements correspondant \u00e0 la pension alimentaire pour conjoint afin de vous conformer aux r\u00e8gles fiscales applicables en mati\u00e8re de revenus et de d\u00e9ductions.<\/p>\n<p>L&rsquo;ARC fournit de plus amples renseignements sur les r\u00e8gles fiscales applicables \u00e0 la <a href=\"https:\/\/www.canada.ca\/fr\/agence-revenu\/services\/impot\/particuliers\/sujets\/tout-votre-declaration-revenus\/pension-alimentaire.html\" target=\"_blank\" rel=\"noopener\">pension alimentaire pour conjoint<\/a>.<\/p>\n<\/div><\/div><\/div><div class=\"fusion-panel panel-default panel-e167565cb0a5c22b2 fusion-toggle-has-divider\" style=\"--awb-title-color:var(--awb-color8);\"><div class=\"panel-heading\"><h4 class=\"panel-title toggle\" id=\"toggle_e167565cb0a5c22b2\"><a aria-expanded=\"false\" aria-controls=\"e167565cb0a5c22b2\" role=\"button\" data-toggle=\"collapse\" data-target=\"#e167565cb0a5c22b2\" href=\"#e167565cb0a5c22b2\"><span class=\"fusion-toggle-icon-wrapper\" aria-hidden=\"true\"><i class=\"fa-fusion-box active-icon awb-icon-minus\" aria-hidden=\"true\"><\/i><i class=\"fa-fusion-box inactive-icon awb-icon-plus\" aria-hidden=\"true\"><\/i><\/span><span class=\"fusion-toggle-heading\">Autres ressources<\/span><\/a><\/h4><\/div><div id=\"e167565cb0a5c22b2\" class=\"panel-collapse collapse \" aria-labelledby=\"toggle_e167565cb0a5c22b2\"><div class=\"panel-body toggle-content fusion-clearfix\">\n<ul>\n<li><a href=\"https:\/\/www.justice.gc.ca\/fra\/df-fl\/fiches3-fact3.html\" target=\"_blank\" rel=\"noopener\">Pension alimentaire pour conjoint<\/a> (fiche d&rsquo;information)<\/li>\n<li><a href=\"https:\/\/www.justice.gc.ca\/fra\/df-fl\/epoux-spousal\/ldfpae-ssag.html\" target=\"_blank\" rel=\"noopener\">Lignes directrices facultatives en mati\u00e8re de pensions alimentaires pour conjoint<\/a><\/li>\n<li><a href=\"https:\/\/www.justice.gc.ca\/fra\/df-fl\/firdf-fsfdr.html\" target=\"_blank\" rel=\"noopener\">R\u00e8glement des diff\u00e9rends familiaux\u00a0: r\u00e9soudre les questions de droit de la famille hors cour<\/a> (fiche d&rsquo;information)<\/li>\n<\/ul>\n<\/div><\/div><\/div><\/div><\/div><\/div><\/div><\/div><\/div><\/p>\n","protected":false},"excerpt":{"rendered":"","protected":false},"author":1,"featured_media":0,"parent":191,"menu_order":0,"comment_status":"closed","ping_status":"closed","template":"","meta":{"footnotes":""},"class_list":["post-696","page","type-page","status-publish","hentry"],"_links":{"self":[{"href":"https:\/\/familylawnb.ca\/fr\/wp-json\/wp\/v2\/pages\/696","targetHints":{"allow":["GET"]}}],"collection":[{"href":"https:\/\/familylawnb.ca\/fr\/wp-json\/wp\/v2\/pages"}],"about":[{"href":"https:\/\/familylawnb.ca\/fr\/wp-json\/wp\/v2\/types\/page"}],"author":[{"embeddable":true,"href":"https:\/\/familylawnb.ca\/fr\/wp-json\/wp\/v2\/users\/1"}],"replies":[{"embeddable":true,"href":"https:\/\/familylawnb.ca\/fr\/wp-json\/wp\/v2\/comments?post=696"}],"version-history":[{"count":4,"href":"https:\/\/familylawnb.ca\/fr\/wp-json\/wp\/v2\/pages\/696\/revisions"}],"predecessor-version":[{"id":978,"href":"https:\/\/familylawnb.ca\/fr\/wp-json\/wp\/v2\/pages\/696\/revisions\/978"}],"up":[{"embeddable":true,"href":"https:\/\/familylawnb.ca\/fr\/wp-json\/wp\/v2\/pages\/191"}],"wp:attachment":[{"href":"https:\/\/familylawnb.ca\/fr\/wp-json\/wp\/v2\/media?parent=696"}],"curies":[{"name":"wp","href":"https:\/\/api.w.org\/{rel}","templated":true}]}}