{"id":719,"date":"2026-03-25T12:37:58","date_gmt":"2026-03-25T12:37:58","guid":{"rendered":"https:\/\/familylawnb.ca\/?page_id=719"},"modified":"2026-03-25T12:40:57","modified_gmt":"2026-03-25T12:40:57","slug":"video-dinformation-sur-le-droit-de-la-famille","status":"publish","type":"page","link":"https:\/\/familylawnb.ca\/fr\/programmes\/video-dinformation-sur-le-droit-de-la-famille\/","title":{"rendered":"Vid\u00e9o d&rsquo;information sur le droit de la famille"},"content":{"rendered":"<p><div class=\"fusion-fullwidth fullwidth-box fusion-builder-row-1 fusion-flex-container has-pattern-background has-mask-background nonhundred-percent-fullwidth non-hundred-percent-height-scrolling\" style=\"--awb-border-radius-top-left:0px;--awb-border-radius-top-right:0px;--awb-border-radius-bottom-right:0px;--awb-border-radius-bottom-left:0px;--awb-flex-wrap:wrap;\" ><div class=\"fusion-builder-row fusion-row fusion-flex-align-items-flex-start fusion-flex-content-wrap\" style=\"max-width:1729.52px;margin-left: calc(-4% \/ 2 );margin-right: calc(-4% \/ 2 );\"><div class=\"fusion-layout-column fusion_builder_column fusion-builder-column-0 fusion_builder_column_1_1 1_1 fusion-flex-column\" style=\"--awb-bg-size:cover;--awb-width-large:100%;--awb-margin-top-large:0px;--awb-spacing-right-large:1.92%;--awb-margin-bottom-large:20px;--awb-spacing-left-large:1.92%;--awb-width-medium:100%;--awb-order-medium:0;--awb-spacing-right-medium:1.92%;--awb-spacing-left-medium:1.92%;--awb-width-small:100%;--awb-order-small:0;--awb-spacing-right-small:1.92%;--awb-spacing-left-small:1.92%;\"><div class=\"fusion-column-wrapper fusion-column-has-shadow fusion-flex-justify-content-flex-start fusion-content-layout-column\"><div class=\"fusion-title title fusion-title-1 fusion-sep-none fusion-title-text fusion-title-size-one\"><h1 class=\"fusion-title-heading title-heading-left\" style=\"margin:0;\">Vid\u00e9o d&rsquo;information sur le droit de la famille<\/h1><\/div><\/div><\/div><\/div><\/div><div class=\"fusion-fullwidth fullwidth-box fusion-builder-row-2 fusion-flex-container has-pattern-background has-mask-background nonhundred-percent-fullwidth non-hundred-percent-height-scrolling\" style=\"--awb-border-radius-top-left:0px;--awb-border-radius-top-right:0px;--awb-border-radius-bottom-right:0px;--awb-border-radius-bottom-left:0px;--awb-flex-wrap:wrap;\" ><div class=\"fusion-builder-row fusion-row fusion-flex-align-items-flex-start fusion-flex-content-wrap\" style=\"max-width:1729.52px;margin-left: calc(-4% \/ 2 );margin-right: calc(-4% \/ 2 );\"><div class=\"fusion-layout-column fusion_builder_column fusion-builder-column-1 fusion_builder_column_1_1 1_1 fusion-flex-column\" style=\"--awb-bg-size:cover;--awb-width-large:100%;--awb-margin-top-large:0px;--awb-spacing-right-large:1.92%;--awb-margin-bottom-large:20px;--awb-spacing-left-large:1.92%;--awb-width-medium:100%;--awb-order-medium:0;--awb-spacing-right-medium:1.92%;--awb-spacing-left-medium:1.92%;--awb-width-small:100%;--awb-order-small:0;--awb-spacing-right-small:1.92%;--awb-spacing-left-small:1.92%;\"><div class=\"fusion-column-wrapper fusion-column-has-shadow fusion-flex-justify-content-flex-start fusion-content-layout-column\"><div class=\"fusion-text fusion-text-1\"><p>Le Minist\u00e8re de la Justice du Nouveau Brunswick a d\u00e9velopp\u00e9 une vid\u00e9o d&rsquo;information sur le droit de la famille, accessible \u00e0 tous. La vid\u00e9o est con\u00e7ue pour aider les parents:<\/p>\n<ul>\n<li>S&rsquo;orienter dans le processus juridique ;<\/li>\n<li>Identifier les options disponibles dans leur affaire de droit de la famille ; et<\/li>\n<li>comprendre l&rsquo;impact de la s\u00e9paration et du divorce sur les<\/li>\n<\/ul>\n<p><a href=\"https:\/\/www.youtube.com\/watch?v=DNT5TONEArc&amp;ab_channel=NewBrunswick%2FNouveau-Brunswick\" target=\"_blank\" rel=\"noopener\">Cliquez ici pour visionner la vid\u00e9o d&rsquo;information de 20 minutes sur le droit de la famille au Nouveau-Brunswick<\/a><\/p>\n<p>Vous pouvez \u00e9galement visionner la vid\u00e9o sur un des postes de travail informatiques qui sont disponibles dans plus de\u00a0<a href=\"https:\/\/www1.gnb.ca\/0003\/pages\/fr\/alpha-f.asp?CODE=\" target=\"_blank\" rel=\"noopener\">60 biblioth\u00e8ques<\/a>\u00a0du Nouveau-Brunswick.<\/p>\n<p><strong>La vid\u00e9o aborde des sujets tels que\u00a0:<\/strong><\/p>\n<ul>\n<li>Par o\u00f9 commencer et l&rsquo;importance de prendre des dispositions pour le plan parental ;<\/li>\n<li>Impacts de la s\u00e9paration et du divorce sur les enfants ;<\/li>\n<li>Ressources pour ceux qui s&rsquo;inqui\u00e8tent pour leur s\u00e9curit\u00e9 ;<\/li>\n<li>Types d&rsquo;ordonnances parentales ;<\/li>\n<li>Les lignes directrices sur les pensions alimentaires pour enfants, et les options de n\u00e9gociation et d&rsquo;\u00e9tablissement d&rsquo;accords et d&rsquo;ordonnances judiciaires.<\/li>\n<\/ul>\n<\/div><div class=\"accordian fusion-accordian\" style=\"--awb-border-size:1px;--awb-icon-size:36px;--awb-content-font-size:20px;--awb-icon-alignment:right;--awb-hover-color:var(--awb-color2);--awb-border-color:var(--awb-color2);--awb-background-color:var(--awb-color1);--awb-divider-color:var(--awb-color2);--awb-divider-hover-color:var(--awb-color2);--awb-icon-color:var(--awb-color2);--awb-title-color:var(--awb-color8);--awb-content-color:var(--awb-color8);--awb-icon-box-color:var(--awb-color8);--awb-toggle-hover-accent-color:var(--awb-color2);--awb-title-font-family:&quot;Montserrat&quot;;--awb-title-font-weight:700;--awb-title-font-style:normal;--awb-title-font-size:26px;--awb-content-font-family:&quot;Open Sans&quot;;--awb-content-font-style:normal;--awb-content-font-weight:400;\"><div class=\"panel-group fusion-toggle-icon-right fusion-toggle-icon-boxed\" id=\"accordion-719-1\"><div class=\"fusion-panel panel-default panel-5c2a8b1a54540fa44 fusion-toggle-has-divider\" style=\"--awb-title-color:var(--awb-color8);\"><div class=\"panel-heading\"><h4 class=\"panel-title toggle\" id=\"toggle_5c2a8b1a54540fa44\"><a aria-expanded=\"false\" aria-controls=\"5c2a8b1a54540fa44\" role=\"button\" data-toggle=\"collapse\" data-target=\"#5c2a8b1a54540fa44\" href=\"#5c2a8b1a54540fa44\"><span class=\"fusion-toggle-icon-wrapper\" aria-hidden=\"true\"><i class=\"fa-fusion-box active-icon awb-icon-minus\" aria-hidden=\"true\"><\/i><i class=\"fa-fusion-box inactive-icon awb-icon-plus\" aria-hidden=\"true\"><\/i><\/span><span class=\"fusion-toggle-heading\">Si cela fait partie de votre premi\u00e8re comparution devant le tribunal \u00e0 Saint John ou \u00e0 Moncton<\/span><\/a><\/h4><\/div><div id=\"5c2a8b1a54540fa44\" class=\"panel-collapse collapse \" aria-labelledby=\"toggle_5c2a8b1a54540fa44\"><div class=\"panel-body toggle-content fusion-clearfix\">\n<p><strong>\u00c9tape 1 :<\/strong><\/p>\n<p><a href=\"https:\/\/www.youtube.com\/watch?v=DNT5TONEArc&amp;ab_channel=NewBrunswick%2FNouveau-Brunswick\" target=\"_blank\" rel=\"noopener\">Cliquez ici pour visionner la vid\u00e9o d&rsquo;information de 20 minutes sur le droit de la famille au Nouveau-Brunswick<\/a><\/p>\n<p><strong>\u00c9tape 2 :<\/strong><\/p>\n<p><a href=\"https:\/\/forms.office.com\/Pages\/ResponsePage.aspx?id=736L4AG1Z0qe0Afji_zO57EXXznXPXlClOdpXNfVNWtUNFBaUVAzM05ZRDlJTk8yQUlTREZVUFk5Ny4u&amp;lang=fr-FR\" target=\"_blank\" rel=\"noopener\">Cliquez ici pour compl\u00e9ter le questionnaire de 5-10 minutes<\/a><\/p>\n<p><strong>Prochaines \u00e9tapes ?<\/strong><\/p>\n<i class=\"fb-icon-element-1 fb-icon-element fontawesome-icon fa-arrow-alt-circle-right fas circle-no fusion-text-flow\" style=\"--awb-iconcolor:var(--awb-color2);--awb-font-size:32px;--awb-margin-right:16px;\"><\/i> R\u00e9pondez \u00e0 toutes les questions du quiz et cliquez sur le bouton <strong>\u00ab\u00a0Envoyer\u00a0\u00bb<\/strong> ;<\/p>\n<i class=\"fb-icon-element-2 fb-icon-element fontawesome-icon fa-arrow-alt-circle-right fas circle-no fusion-text-flow\" style=\"--awb-iconcolor:var(--awb-color2);--awb-font-size:32px;--awb-margin-right:16px;\"><\/i> Vos informations sont automatiquement envoy\u00e9es au coordinateur du triage<\/p>\n<i class=\"fb-icon-element-3 fb-icon-element fontawesome-icon fa-arrow-alt-circle-right fas circle-no fusion-text-flow\" style=\"--awb-iconcolor:var(--awb-color2);--awb-font-size:32px;--awb-margin-right:16px;\"><\/i>\u00a0La confirmation que vous avez termin\u00e9 de regarder la vid\u00e9o sera plac\u00e9e dans votre dossier judiciaire<\/p>\n<\/div><\/div><\/div><\/div><\/div><\/div><\/div><\/div><\/div><\/p>\n","protected":false},"excerpt":{"rendered":"","protected":false},"author":1,"featured_media":0,"parent":485,"menu_order":0,"comment_status":"closed","ping_status":"closed","template":"","meta":{"footnotes":""},"class_list":["post-719","page","type-page","status-publish","hentry"],"_links":{"self":[{"href":"https:\/\/familylawnb.ca\/fr\/wp-json\/wp\/v2\/pages\/719","targetHints":{"allow":["GET"]}}],"collection":[{"href":"https:\/\/familylawnb.ca\/fr\/wp-json\/wp\/v2\/pages"}],"about":[{"href":"https:\/\/familylawnb.ca\/fr\/wp-json\/wp\/v2\/types\/page"}],"author":[{"embeddable":true,"href":"https:\/\/familylawnb.ca\/fr\/wp-json\/wp\/v2\/users\/1"}],"replies":[{"embeddable":true,"href":"https:\/\/familylawnb.ca\/fr\/wp-json\/wp\/v2\/comments?post=719"}],"version-history":[{"count":1,"href":"https:\/\/familylawnb.ca\/fr\/wp-json\/wp\/v2\/pages\/719\/revisions"}],"predecessor-version":[{"id":720,"href":"https:\/\/familylawnb.ca\/fr\/wp-json\/wp\/v2\/pages\/719\/revisions\/720"}],"up":[{"embeddable":true,"href":"https:\/\/familylawnb.ca\/fr\/wp-json\/wp\/v2\/pages\/485"}],"wp:attachment":[{"href":"https:\/\/familylawnb.ca\/fr\/wp-json\/wp\/v2\/media?parent=719"}],"curies":[{"name":"wp","href":"https:\/\/api.w.org\/{rel}","templated":true}]}}