{"id":724,"date":"2026-03-25T12:46:42","date_gmt":"2026-03-25T12:46:42","guid":{"rendered":"https:\/\/familylawnb.ca\/?page_id=724"},"modified":"2026-03-25T12:51:40","modified_gmt":"2026-03-25T12:51:40","slug":"service-de-recalcul-des-aliments-pour-enfants","status":"publish","type":"page","link":"https:\/\/familylawnb.ca\/fr\/programmes\/service-de-recalcul-des-aliments-pour-enfants\/","title":{"rendered":"Service de recalcul des aliments pour enfants"},"content":{"rendered":"<p><div class=\"fusion-fullwidth fullwidth-box fusion-builder-row-1 fusion-flex-container has-pattern-background has-mask-background nonhundred-percent-fullwidth non-hundred-percent-height-scrolling\" style=\"--awb-border-radius-top-left:0px;--awb-border-radius-top-right:0px;--awb-border-radius-bottom-right:0px;--awb-border-radius-bottom-left:0px;--awb-flex-wrap:wrap;\" ><div class=\"fusion-builder-row fusion-row fusion-flex-align-items-flex-start fusion-flex-content-wrap\" style=\"max-width:1729.52px;margin-left: calc(-4% \/ 2 );margin-right: calc(-4% \/ 2 );\"><div class=\"fusion-layout-column fusion_builder_column fusion-builder-column-0 fusion_builder_column_1_1 1_1 fusion-flex-column\" style=\"--awb-bg-size:cover;--awb-width-large:100%;--awb-margin-top-large:0px;--awb-spacing-right-large:1.92%;--awb-margin-bottom-large:20px;--awb-spacing-left-large:1.92%;--awb-width-medium:100%;--awb-order-medium:0;--awb-spacing-right-medium:1.92%;--awb-spacing-left-medium:1.92%;--awb-width-small:100%;--awb-order-small:0;--awb-spacing-right-small:1.92%;--awb-spacing-left-small:1.92%;\"><div class=\"fusion-column-wrapper fusion-column-has-shadow fusion-flex-justify-content-flex-start fusion-content-layout-column\"><div class=\"fusion-title title fusion-title-1 fusion-sep-none fusion-title-text fusion-title-size-one\"><h1 class=\"fusion-title-heading title-heading-left\" style=\"margin:0;\">Service de recalcul des aliments pour enfants<\/h1><\/div><\/div><\/div><\/div><\/div><div class=\"fusion-fullwidth fullwidth-box fusion-builder-row-2 fusion-flex-container has-pattern-background has-mask-background nonhundred-percent-fullwidth non-hundred-percent-height-scrolling\" style=\"--awb-border-radius-top-left:0px;--awb-border-radius-top-right:0px;--awb-border-radius-bottom-right:0px;--awb-border-radius-bottom-left:0px;--awb-flex-wrap:wrap;\" ><div class=\"fusion-builder-row fusion-row fusion-flex-align-items-flex-start fusion-flex-content-wrap\" style=\"max-width:1729.52px;margin-left: calc(-4% \/ 2 );margin-right: calc(-4% \/ 2 );\"><div class=\"fusion-layout-column fusion_builder_column fusion-builder-column-1 fusion_builder_column_1_1 1_1 fusion-flex-column\" style=\"--awb-bg-size:cover;--awb-width-large:100%;--awb-margin-top-large:0px;--awb-spacing-right-large:1.92%;--awb-margin-bottom-large:20px;--awb-spacing-left-large:1.92%;--awb-width-medium:100%;--awb-order-medium:0;--awb-spacing-right-medium:1.92%;--awb-spacing-left-medium:1.92%;--awb-width-small:100%;--awb-order-small:0;--awb-spacing-right-small:1.92%;--awb-spacing-left-small:1.92%;\"><div class=\"fusion-column-wrapper fusion-column-has-shadow fusion-flex-justify-content-flex-start fusion-content-layout-column\"><div class=\"fusion-text fusion-text-1\"><p>Le <strong>Service de recalcul des aliments pour enfants du Nouveau-Brunswick (SRAE) <\/strong>s&rsquo;agit d&rsquo;un service que vous pouvez utiliser pour mettre \u00e0 jour le montant de votre pension alimentaire pour enfant chaque ann\u00e9e sans frais.<\/p>\n<p>Le CRS permet aux familles qui ont recours au tribunal en vue de faire modifier les aliments pour enfant de gagner du temps, d\u2019\u00e9conomiser et de r\u00e9duire leur stress. Vous pouvez vous inscrire \u00e0 ce service si vous \u00eates le payeur ou le b\u00e9n\u00e9ficiaire d\u2019une pension alimentaire pour enfants.<\/p>\n<p>Le pr\u00e9sent document pr\u00e9sente bri\u00e8vement le Service de recalcul des aliments pour enfants. Il ne contient pas toute l\u2019information sur le service ni les dispositions l\u00e9gislatives sur le recalcul des aliments pour enfant. Les personnes qui ont besoin de conseils sur une situation en particulier doivent consulter un avocat.<\/p>\n<\/div><div class=\"accordian fusion-accordian\" style=\"--awb-border-size:1px;--awb-icon-size:36px;--awb-content-font-size:20px;--awb-icon-alignment:right;--awb-hover-color:var(--awb-color2);--awb-border-color:var(--awb-color2);--awb-background-color:var(--awb-color1);--awb-divider-color:var(--awb-color2);--awb-divider-hover-color:var(--awb-color2);--awb-icon-color:var(--awb-color2);--awb-title-color:var(--awb-color8);--awb-content-color:var(--awb-color8);--awb-icon-box-color:var(--awb-color8);--awb-toggle-hover-accent-color:var(--awb-color2);--awb-title-font-family:&quot;Montserrat&quot;;--awb-title-font-weight:700;--awb-title-font-style:normal;--awb-title-font-size:26px;--awb-content-font-family:&quot;Open Sans&quot;;--awb-content-font-style:normal;--awb-content-font-weight:400;\"><div class=\"panel-group fusion-toggle-icon-right fusion-toggle-icon-boxed\" id=\"accordion-724-1\"><div class=\"fusion-panel panel-default panel-d9d22b61e2dc654b0 fusion-toggle-has-divider\" style=\"--awb-title-color:var(--awb-color8);\"><div class=\"panel-heading\"><h4 class=\"panel-title toggle\" id=\"toggle_d9d22b61e2dc654b0\"><a aria-expanded=\"false\" aria-controls=\"d9d22b61e2dc654b0\" role=\"button\" data-toggle=\"collapse\" data-target=\"#d9d22b61e2dc654b0\" href=\"#d9d22b61e2dc654b0\"><span class=\"fusion-toggle-icon-wrapper\" aria-hidden=\"true\"><i class=\"fa-fusion-box active-icon awb-icon-minus\" aria-hidden=\"true\"><\/i><i class=\"fa-fusion-box inactive-icon awb-icon-plus\" aria-hidden=\"true\"><\/i><\/span><span class=\"fusion-toggle-heading\">Le service <\/span><\/a><\/h4><\/div><div id=\"d9d22b61e2dc654b0\" class=\"panel-collapse collapse \" aria-labelledby=\"toggle_d9d22b61e2dc654b0\"><div class=\"panel-body toggle-content fusion-clearfix\">\n<p>Le SRAE aide \u00e0 recalculer les aliments pour enfant proportionnelle au revenu des parents sans avoir \u00e0 retourner devant le tribunal. Ils peuvent recalculer le montant d\u2019aliments annuellement selon\u00a0:<\/p>\n<ul>\n<li><strong><a href=\"https:\/\/laws-lois.justice.gc.ca\/fra\/reglements\/DORS-97-175\/index.html\" target=\"_blank\" rel=\"noopener\">les lignes directrices f\u00e9d\u00e9rales sur les pensions alimentaires pour enfants<\/a>,<\/strong><\/li>\n<li><strong>l\u2019avis de cotisation ou de nouvelle cotisation de l\u2019Agence du revenu de l\u2019ann\u00e9e pr\u00e9c\u00e9dente, et<\/strong><\/li>\n<li><strong>un questionnaire sur le revenu.<\/strong><\/li>\n<\/ul>\n<p><strong>Les deux parties doivent fournir des renseignements sur leurs revenus si vous avez le <a href=\"https:\/\/familylawnb.ca\/fr\/info-legale\/responsabilites-parentales-apres-une-separation\/la-responsabilite-decisionnelle-et-le-temps-parental\/\">temps parental partag\u00e9<\/a>.<\/strong><\/p>\n<p>Le SRAE peut \u00e9galement recalculer vos d\u00e9penses sp\u00e9ciales partag\u00e9es.<\/p>\n<p>Tant que vous \u00eates inscrit, le montant d\u2019aliments sera automatiquement recalcul\u00e9 chaque ann\u00e9e.<\/p>\n<\/div><\/div><\/div><div class=\"fusion-panel panel-default panel-2a18b193e8058dbee fusion-toggle-has-divider\" style=\"--awb-title-color:var(--awb-color8);\"><div class=\"panel-heading\"><h4 class=\"panel-title toggle\" id=\"toggle_2a18b193e8058dbee\"><a aria-expanded=\"false\" aria-controls=\"2a18b193e8058dbee\" role=\"button\" data-toggle=\"collapse\" data-target=\"#2a18b193e8058dbee\" href=\"#2a18b193e8058dbee\"><span class=\"fusion-toggle-icon-wrapper\" aria-hidden=\"true\"><i class=\"fa-fusion-box active-icon awb-icon-minus\" aria-hidden=\"true\"><\/i><i class=\"fa-fusion-box inactive-icon awb-icon-plus\" aria-hidden=\"true\"><\/i><\/span><span class=\"fusion-toggle-heading\">S\u2019inscrire au SRAE<\/span><\/a><\/h4><\/div><div id=\"2a18b193e8058dbee\" class=\"panel-collapse collapse \" aria-labelledby=\"toggle_2a18b193e8058dbee\"><div class=\"panel-body toggle-content fusion-clearfix\">\n<p>Vous <strong>pouvez \u00eatre<\/strong> admissible si toutes les conditions suivantes s\u2019appliquent\u00a0:<\/p>\n<p>Vous avez une ordonnance d\u2019un tribunal canadien ou un accord d\u00e9pos\u00e9 aupr\u00e8s d\u2019un tribunal concernant un montant d\u2019aliments pour enfant qui:<\/p>\n<ul>\n<li><strong>pr\u00e9cise le revenu utilis\u00e9 afin de calculer le montant d\u2019aliments pour enfant<\/strong><\/li>\n<li><strong>fixe le montant d\u2019aliments pour enfant en fonction des Lignes directrices sur les pensions alimentaires pour enfants ou pr\u00e9voit le partage des d\u00e9penses sp\u00e9ciales proportionnellement \u00e0 vos revenus<\/strong><\/li>\n<li><strong>indique le nom et la date de naissance des enfants<\/strong><\/li>\n<li><strong>Fournit les renseignements suivants lorsque votre temps parental (garde) est partag\u00e9 :<\/strong>\n<ul>\n<li><strong>les revenus des deux parties,<\/strong><\/li>\n<li><strong>le montant d\u2019aliments pour enfant est bas\u00e9 sur le revenu de chaque partie, et<\/strong><\/li>\n<li><strong>soit<\/strong>\n<ul>\n<li><strong>a) le pourcentage de temps que les enfants passent avec chaque partie, ou<\/strong><\/li>\n<li><strong>b) le temps que l\u2019enfant passe avec chaque partie afin que le pourcentage puisse \u00eatre d\u00e9termin\u00e9<\/strong><\/li>\n<\/ul>\n<\/li>\n<\/ul>\n<\/li>\n<\/ul>\n<p>Si le tribunal a rendu l\u2019ordonnance il y a plus d\u2019un an, vous pouvez pr\u00e9senter une demande en tout temps. Si l\u2019ordonnance ou l\u2019accord date de moins d\u2019un an, contactez le SRAE pour plus de d\u00e9tails \u00e0 quand vous pouvez s\u2019enregistrer.<\/p>\n<p><strong>Allez sur le <a href=\"https:\/\/www.gnb.ca\/fr\/sujet\/lois-securite\/tribunaux-prisons\/service-recalcul.html\" target=\"_blank\" rel=\"noopener\">site du Service de recalcul des aliments pour enfants<\/a> et t\u00e9l\u00e9chargez le formulaire <a href=\"https:\/\/www.gnb.ca\/content\/dam\/GNB3\/t\/ls\/cj\/csrs\/doc\/demande-inscription-ligne.pdf\" target=\"_blank\" rel=\"noopener\">Demande d\u2019inscription au Service de recalcul des aliments pour enfants<\/a>.<\/strong><\/p>\n<p>Vous <strong>n\u2019\u00eates pas<\/strong> admissible si l\u2019une des conditions suivantes s\u2019applique :<\/p>\n<ul>\n<li><strong>L\u2019une des deux parties habite \u00e0 l\u2019ext\u00e9rieur du Nouveau-Brunswick<\/strong><\/li>\n<li><strong>Le revenu annuel brut du payeur est sup\u00e9rieur \u00e0 150 000 $<\/strong><\/li>\n<li><strong>Le revenu du b\u00e9n\u00e9ficiaire est requis pour le recalcul, et son revenu annuel brut est sup\u00e9rieur \u00e0 150 000 $<\/strong><\/li>\n<li><strong>Vous cherchez uniquement \u00e0 ajuster le montant d\u2019aliments pour enfant non pay\u00e9 (arri\u00e9r\u00e9s)<\/strong><\/li>\n<li><strong>Vous souhaitez ajuster le montant d\u2019aliments pour enfant avant la date anniversaire de votre ordonnance ou de votre accord en raison d\u2019un changement de revenu. Le SRAE n\u2019est pas en mesure d\u2019ajuster r\u00e9troactivement le montant d\u2019aliments pour enfant<\/strong><\/li>\n<li><strong>Votre ordonnance du tribunal ou accord d\u00e9pos\u00e9 aupr\u00e8s du tribunal pr\u00e9voit que :<\/strong>\n<ul>\n<li><strong>le SRAE ne doit pas recalculer le montant d\u2019aliments pour enfant<\/strong><\/li>\n<li><strong>le revenu du payeur a \u00e9t\u00e9 \u00ab imput\u00e9 \u00bb. (Cela signifie que le juge s\u2019est fond\u00e9 sur ce qu\u2019on lui a dit, mais le revenu du payeur est inconnu<\/strong><\/li>\n<li><strong>le montant d\u2019aliments pour enfant a \u00e9t\u00e9 accord\u00e9 en vertu d\u2019une \u00ab ordonnance provisoire \u00bb avec une date d\u2019audience pr\u00e9vue, ou lorsque le montant d\u2019aliments non pay\u00e9 fera l\u2019objet d\u2019un examen ult\u00e9rieur<\/strong><\/li>\n<\/ul>\n<\/li>\n<\/ul>\n<\/div><\/div><\/div><div class=\"fusion-panel panel-default panel-1f96b23143c1aab96 fusion-toggle-has-divider\" style=\"--awb-title-color:var(--awb-color8);\"><div class=\"panel-heading\"><h4 class=\"panel-title toggle\" id=\"toggle_1f96b23143c1aab96\"><a aria-expanded=\"false\" aria-controls=\"1f96b23143c1aab96\" role=\"button\" data-toggle=\"collapse\" data-target=\"#1f96b23143c1aab96\" href=\"#1f96b23143c1aab96\"><span class=\"fusion-toggle-icon-wrapper\" aria-hidden=\"true\"><i class=\"fa-fusion-box active-icon awb-icon-minus\" aria-hidden=\"true\"><\/i><i class=\"fa-fusion-box inactive-icon awb-icon-plus\" aria-hidden=\"true\"><\/i><\/span><span class=\"fusion-toggle-heading\">Renseignements financiers requis <\/span><\/a><\/h4><\/div><div id=\"1f96b23143c1aab96\" class=\"panel-collapse collapse \" aria-labelledby=\"toggle_1f96b23143c1aab96\"><div class=\"panel-body toggle-content fusion-clearfix\">\n<p>Pour tout dossier, le SRAE a besoin de <strong>l\u2019avis de cotisation ou de nouvelle cotisation<\/strong> de l\u2019ann\u00e9e pr\u00e9c\u00e9dente du payeur et du <strong>questionnaire sur les revenus<\/strong> d\u00fbment rempli.<\/p>\n<p>Si le tribunal a \u00e9galement exig\u00e9 le revenu du b\u00e9n\u00e9ficiaire pour le calcul du montant d\u2019aliments pour enfant ou du montant des d\u00e9penses sp\u00e9ciales, ils ont \u00e9galement besoin de <strong>l\u2019avis de cotisation ou de nouvelle cotisation<\/strong> du b\u00e9n\u00e9ficiaire de l\u2019ann\u00e9e pr\u00e9c\u00e9dente et <strong>du questionnaire sur les revenus<\/strong> d\u00fbment rempli.<\/p>\n<\/div><\/div><\/div><div class=\"fusion-panel panel-default panel-58a14036cba6d4f3f fusion-toggle-has-divider\" style=\"--awb-title-color:var(--awb-color8);\"><div class=\"panel-heading\"><h4 class=\"panel-title toggle\" id=\"toggle_58a14036cba6d4f3f\"><a aria-expanded=\"false\" aria-controls=\"58a14036cba6d4f3f\" role=\"button\" data-toggle=\"collapse\" data-target=\"#58a14036cba6d4f3f\" href=\"#58a14036cba6d4f3f\"><span class=\"fusion-toggle-icon-wrapper\" aria-hidden=\"true\"><i class=\"fa-fusion-box active-icon awb-icon-minus\" aria-hidden=\"true\"><\/i><i class=\"fa-fusion-box inactive-icon awb-icon-plus\" aria-hidden=\"true\"><\/i><\/span><span class=\"fusion-toggle-heading\">Contacter le Service de recalcul des aliments pour enfants <\/span><\/a><\/h4><\/div><div id=\"58a14036cba6d4f3f\" class=\"panel-collapse collapse \" aria-labelledby=\"toggle_58a14036cba6d4f3f\"><div class=\"panel-body toggle-content fusion-clearfix\">\n<p style=\"padding-left: 40px;\"><strong>Num\u00e9ro sans frais<\/strong> : (833) 224-2225<\/p>\n<p style=\"padding-left: 40px;\"><strong>T\u00e9l\u00e9copieur <\/strong>: (506) 453-2234<\/p>\n<p style=\"padding-left: 40px;\"><strong>Courriel<\/strong> : <a href=\"mailto:recalc@gnb.ca\">recalc@gnb.ca<\/a><\/p>\n<p style=\"padding-left: 40px;\"><a href=\"https:\/\/www.gnb.ca\/fr\/sujet\/lois-securite\/tribunaux-prisons\/service-recalcul.html\" target=\"_blank\" rel=\"noopener\">Site Web<\/a><\/p>\n<\/div><\/div><\/div><\/div><\/div><\/div><\/div><\/div><\/div><\/p>\n","protected":false},"excerpt":{"rendered":"","protected":false},"author":1,"featured_media":0,"parent":485,"menu_order":0,"comment_status":"closed","ping_status":"closed","template":"","meta":{"footnotes":""},"class_list":["post-724","page","type-page","status-publish","hentry"],"_links":{"self":[{"href":"https:\/\/familylawnb.ca\/fr\/wp-json\/wp\/v2\/pages\/724","targetHints":{"allow":["GET"]}}],"collection":[{"href":"https:\/\/familylawnb.ca\/fr\/wp-json\/wp\/v2\/pages"}],"about":[{"href":"https:\/\/familylawnb.ca\/fr\/wp-json\/wp\/v2\/types\/page"}],"author":[{"embeddable":true,"href":"https:\/\/familylawnb.ca\/fr\/wp-json\/wp\/v2\/users\/1"}],"replies":[{"embeddable":true,"href":"https:\/\/familylawnb.ca\/fr\/wp-json\/wp\/v2\/comments?post=724"}],"version-history":[{"count":1,"href":"https:\/\/familylawnb.ca\/fr\/wp-json\/wp\/v2\/pages\/724\/revisions"}],"predecessor-version":[{"id":725,"href":"https:\/\/familylawnb.ca\/fr\/wp-json\/wp\/v2\/pages\/724\/revisions\/725"}],"up":[{"embeddable":true,"href":"https:\/\/familylawnb.ca\/fr\/wp-json\/wp\/v2\/pages\/485"}],"wp:attachment":[{"href":"https:\/\/familylawnb.ca\/fr\/wp-json\/wp\/v2\/media?parent=724"}],"curies":[{"name":"wp","href":"https:\/\/api.w.org\/{rel}","templated":true}]}}