{"id":858,"date":"2026-04-08T19:42:20","date_gmt":"2026-04-08T19:42:20","guid":{"rendered":"https:\/\/familylawnb.ca\/?page_id=858"},"modified":"2026-04-13T20:55:25","modified_gmt":"2026-04-13T20:55:25","slug":"changer-le-nom-de-famille-dun-enfant","status":"publish","type":"page","link":"https:\/\/familylawnb.ca\/fr\/info-legale\/responsabilites-parentales-apres-une-separation\/changer-le-nom-de-famille-dun-enfant\/","title":{"rendered":"Changer le nom de famille d\u2019un enfant"},"content":{"rendered":"<p><div class=\"fusion-fullwidth fullwidth-box fusion-builder-row-1 fusion-flex-container has-pattern-background has-mask-background nonhundred-percent-fullwidth non-hundred-percent-height-scrolling\" style=\"--awb-border-radius-top-left:0px;--awb-border-radius-top-right:0px;--awb-border-radius-bottom-right:0px;--awb-border-radius-bottom-left:0px;--awb-flex-wrap:wrap;\" ><div class=\"fusion-builder-row fusion-row fusion-flex-align-items-flex-start fusion-flex-content-wrap\" style=\"max-width:1729.52px;margin-left: calc(-4% \/ 2 );margin-right: calc(-4% \/ 2 );\"><div class=\"fusion-layout-column fusion_builder_column fusion-builder-column-0 fusion_builder_column_1_1 1_1 fusion-flex-column\" style=\"--awb-bg-size:cover;--awb-width-large:100%;--awb-margin-top-large:0px;--awb-spacing-right-large:1.92%;--awb-margin-bottom-large:20px;--awb-spacing-left-large:1.92%;--awb-width-medium:100%;--awb-order-medium:0;--awb-spacing-right-medium:1.92%;--awb-spacing-left-medium:1.92%;--awb-width-small:100%;--awb-order-small:0;--awb-spacing-right-small:1.92%;--awb-spacing-left-small:1.92%;\"><div class=\"fusion-column-wrapper fusion-column-has-shadow fusion-flex-justify-content-flex-start fusion-content-layout-column\"><div class=\"fusion-title title fusion-title-1 fusion-sep-none fusion-title-text fusion-title-size-one\"><h1 class=\"fusion-title-heading title-heading-left\" style=\"margin:0;\">Changer le nom de famille d\u2019un enfant<\/h1><\/div><\/div><\/div><\/div><\/div><div class=\"fusion-fullwidth fullwidth-box fusion-builder-row-2 fusion-flex-container has-pattern-background has-mask-background nonhundred-percent-fullwidth non-hundred-percent-height-scrolling\" style=\"--awb-border-radius-top-left:0px;--awb-border-radius-top-right:0px;--awb-border-radius-bottom-right:0px;--awb-border-radius-bottom-left:0px;--awb-flex-wrap:wrap;\" ><div class=\"fusion-builder-row fusion-row fusion-flex-align-items-flex-start fusion-flex-content-wrap\" style=\"max-width:1729.52px;margin-left: calc(-4% \/ 2 );margin-right: calc(-4% \/ 2 );\"><div class=\"fusion-layout-column fusion_builder_column fusion-builder-column-1 fusion_builder_column_1_1 1_1 fusion-flex-column\" style=\"--awb-bg-size:cover;--awb-width-large:100%;--awb-margin-top-large:0px;--awb-spacing-right-large:1.92%;--awb-margin-bottom-large:20px;--awb-spacing-left-large:1.92%;--awb-width-medium:100%;--awb-order-medium:0;--awb-spacing-right-medium:1.92%;--awb-spacing-left-medium:1.92%;--awb-width-small:100%;--awb-order-small:0;--awb-spacing-right-small:1.92%;--awb-spacing-left-small:1.92%;\"><div class=\"fusion-column-wrapper fusion-column-has-shadow fusion-flex-justify-content-flex-start fusion-content-layout-column\"><div class=\"fusion-text fusion-text-1\"><p>Lorsqu\u2019un enfant na\u00eet, les parents doivent choisir un nom de famille et enregistrer la naissance de l\u2019enfant. Le nom de famille de l\u2019enfant peut \u00eatre celui de l\u2019un ou l\u2019autre des parents, ou une combinaison des deux. Pour diverses raisons, comme un remariage ou une s\u00e9paration, l\u2019un des parents ou les deux peuvent souhaiter changer le nom de l\u2019enfant.<\/p>\n<p>Un parent ou un tuteur ayant la responsabilit\u00e9 d\u00e9cisionnelle \u00e0 l\u2019\u00e9gard d\u2019un enfant peut demander un changement de nom pour cet enfant si celui-ci a v\u00e9cu au Nouveau-Brunswick pendant au moins trois mois. La demande n\u00e9cessite habituellement le consentement de toute autre personne qui assume un r\u00f4le parental aupr\u00e8s de l\u2019enfant. Il s\u2019agit des parents inscrits sur le certificat de naissance de l\u2019enfant (dans le cas d\u2019un enfant adopt\u00e9, il s\u2019agit du ou des parents adoptifs), ainsi que toute personne ayant agi en tant que parent, comme un beau-parent. L\u2019enfant doit \u00e9galement donner son consentement par \u00e9crit s\u2019il est \u00e2g\u00e9 de 12 ans ou plus.<\/p>\n<\/div><\/div><\/div><div class=\"fusion-layout-column fusion_builder_column fusion-builder-column-2 fusion_builder_column_1_1 1_1 fusion-flex-column\" style=\"--awb-bg-size:cover;--awb-width-large:100%;--awb-margin-top-large:0px;--awb-spacing-right-large:1.92%;--awb-margin-bottom-large:20px;--awb-spacing-left-large:1.92%;--awb-width-medium:100%;--awb-order-medium:0;--awb-spacing-right-medium:1.92%;--awb-spacing-left-medium:1.92%;--awb-width-small:100%;--awb-order-small:0;--awb-spacing-right-small:1.92%;--awb-spacing-left-small:1.92%;\"><div class=\"fusion-column-wrapper fusion-column-has-shadow fusion-flex-justify-content-flex-start fusion-content-layout-column\"><div class=\"accordian fusion-accordian\" style=\"--awb-border-size:1px;--awb-icon-size:36px;--awb-content-font-size:20px;--awb-icon-alignment:right;--awb-hover-color:var(--awb-color2);--awb-border-color:var(--awb-color2);--awb-background-color:var(--awb-color1);--awb-divider-color:var(--awb-color2);--awb-divider-hover-color:var(--awb-color2);--awb-icon-color:var(--awb-color2);--awb-title-color:var(--awb-color8);--awb-content-color:var(--awb-color8);--awb-icon-box-color:var(--awb-color8);--awb-toggle-hover-accent-color:var(--awb-color2);--awb-title-font-family:&quot;Montserrat&quot;;--awb-title-font-weight:700;--awb-title-font-style:normal;--awb-title-font-size:26px;--awb-content-font-family:&quot;Open Sans&quot;;--awb-content-font-style:normal;--awb-content-font-weight:400;\"><div class=\"panel-group fusion-toggle-icon-right fusion-toggle-icon-boxed\" id=\"accordion-858-1\"><div class=\"fusion-panel panel-default panel-0db1338f8bb072429 fusion-toggle-has-divider\" style=\"--awb-title-color:var(--awb-color8);\"><div class=\"panel-heading\"><h4 class=\"panel-title toggle\" id=\"toggle_0db1338f8bb072429\"><a aria-expanded=\"false\" aria-controls=\"0db1338f8bb072429\" role=\"button\" data-toggle=\"collapse\" data-target=\"#0db1338f8bb072429\" href=\"#0db1338f8bb072429\"><span class=\"fusion-toggle-icon-wrapper\" aria-hidden=\"true\"><i class=\"fa-fusion-box active-icon awb-icon-minus\" aria-hidden=\"true\"><\/i><i class=\"fa-fusion-box inactive-icon awb-icon-plus\" aria-hidden=\"true\"><\/i><\/span><span class=\"fusion-toggle-heading\">Faire une demande de changement de nom pour votre enfant<\/span><\/a><\/h4><\/div><div id=\"0db1338f8bb072429\" class=\"panel-collapse collapse \" aria-labelledby=\"toggle_0db1338f8bb072429\"><div class=\"panel-body toggle-content fusion-clearfix\">\n<p>Vous devez soumettre une demande au registraire g\u00e9n\u00e9ral de l\u2019\u00e9tat civil. Un mod\u00e8le de demande est disponible sur le <a href=\"https:\/\/www.pxw1.snb.ca\/snb7001\/f\/1000\/CSS-FOL-35-2265F.pdf\" target=\"_blank\" rel=\"noopener\">site Web de Service Nouveau-Brunswick<\/a>. Pour obtenir le formulaire de demande et les formulaires de consentement requis, communiquez avec le Bureau de l\u2019\u00e9tat civil en composant le 506\u00a0453-2385.<\/p>\n<p>Au moment de remplir le formulaire, il vous sera demand\u00e9 de fournir :<\/p>\n<ul>\n<li>Le nom enregistr\u00e9 de votre enfant et le nom propose;<\/li>\n<li>Votre nom, ainsi que votre date et votre lieu de naissance;<\/li>\n<li>Les noms et adresses de l\u2019autre parent ou des autres parents de votre enfant;<\/li>\n<li>Toutes vos adresses et celles de votre enfant au cours des 12 derniers mois,<\/li>\n<li>Une d\u00e9claration expliquant votre lien avec l\u2019enfant;<\/li>\n<li>La raison pour laquelle vous faites la demande;<\/li>\n<li>Une d\u00e9claration d\u2019un r\u00e9pondant qui vous conna\u00eet depuis au moins deux ans et qui peut attester de votre identit\u00e9 et de celle de votre enfant;<\/li>\n<li>Si votre enfant a 12 ans ou plus, son consentement \u00e9crit attest\u00e9 par :\n<ul>\n<li>Une personne autoris\u00e9e \u00e0 c\u00e9l\u00e9brer des mariages au Nouveau-Brunswick \u2013 ce qui comprend un c\u00e9l\u00e9brant civil, un greffier du tribunal et certains leaders religieux, ou<\/li>\n<li>Un professionnel de la sant\u00e9, notamment un m\u00e9decin ou un psychologue<\/li>\n<\/ul>\n<\/li>\n<li>Le consentement sign\u00e9 de l\u2019autre parent ou des autres parents de l\u2019enfant<\/li>\n<\/ul>\n<p>Si vous n\u2019obtenez pas le consentement requis de l\u2019autre parent ou des autres parents de l\u2019enfant, le registraire g\u00e9n\u00e9ral peut refuser votre demande.<\/p>\n<p>Les autres documents \u00e0 joindre \u00e0 votre demande varient selon le lieu de naissance de votre enfant.<\/p>\n<p><strong>Si votre enfant est n\u00e9 au Canada, vous devez \u00e9galement fournir :<\/strong><\/p>\n<ul>\n<li>Tous les certificats de naissance originaux<\/li>\n<li>Si votre enfant est n\u00e9 au Nouveau-Brunswick, vous devez fournir un certificat de naissance en forme d\u00e9taill\u00e9e. Si vous n\u2019en avez pas, vous pouvez payer des frais suppl\u00e9mentaires de 45 $ pour que Service Nouveau-Brunswick en obtienne un et l\u2019ajoute \u00e0 votre dossier.<\/li>\n<li>Si vous n\u2019avez pas de certificat de naissance et que votre enfant n\u2019est PAS n\u00e9 au Nouveau-Brunswick, vous devez en demander un en version d\u00e9taill\u00e9e aupr\u00e8s de la province ou du territoire o\u00f9 l\u2019enfant est n\u00e9, puis le joindre \u00e0 votre demande.<\/li>\n<li>Si vous avez d\u00e9j\u00e0 effectu\u00e9 un changement de nom de famille pour votre enfant, vous devez retourner tous les documents originaux re\u00e7us lors de l\u2019approbation du changement, notamment un \u00ab certificat de changement du nom enregistr\u00e9 \u00bb ou une ordonnance du tribunal.<\/li>\n<\/ul>\n<p><strong>Si votre enfant est n\u00e9 \u00e0 l\u2019ext\u00e9rieur du Canada et est citoyen canadien, vous devez \u00e9galement fournir <\/strong>:<\/p>\n<ul>\n<li>Une photocopie recto-verso de la carte de citoyennet\u00e9 canadienne de l\u2019enfant<\/li>\n<li>Une photocopie :\n<ul>\n<li>du certificat de naissance original de l\u2019enfant<br \/>\n<strong>ou<\/strong><\/li>\n<li>d\u2019une copie certifi\u00e9e conforme de l\u2019enregistrement de naissance du pays o\u00f9 l\u2019enfant est n\u00e9.<\/li>\n<\/ul>\n<\/li>\n<li>Une photocopie du passeport actuel de votre enfant<\/li>\n<\/ul>\n<p>Si le certificat de naissance a \u00e9t\u00e9 d\u00e9livr\u00e9 dans une langue autre que le fran\u00e7ais ou l\u2019anglais, vous devrez fournir une traduction certifi\u00e9e, r\u00e9alis\u00e9e par un traducteur qualifi\u00e9 et impartial.<\/p>\n<p><strong>Si votre enfant est r\u00e9sident permanent, vous devez fournir :<\/strong><\/p>\n<ul>\n<li>Une photocopie de la fiche relative au droit d\u2019\u00e9tablissement au Canada ou de la confirmation de r\u00e9sidence permanente de l\u2019enfant<\/li>\n<li>Une photocopie recto-verso de la carte de r\u00e9sident permanent de l\u2019enfant<\/li>\n<li>Une photocopie :\n<ul>\n<li>du certificat de naissance original de l\u2019enfant<br \/>\n<strong>ou<\/strong><\/li>\n<li>d\u2019une copie certifi\u00e9e conforme de l\u2019enregistrement de naissance du pays o\u00f9 l\u2019enfant est n\u00e9<\/li>\n<\/ul>\n<\/li>\n<li>Une photocopie du passeport actuel de votre enfant<\/li>\n<\/ul>\n<p>Si le certificat de naissance a \u00e9t\u00e9 d\u00e9livr\u00e9 dans une langue autre que le fran\u00e7ais ou l\u2019anglais, vous devrez fournir une traduction certifi\u00e9e, r\u00e9alis\u00e9e par un traducteur qualifi\u00e9 et impartial.<\/p>\n<\/div><\/div><\/div><div class=\"fusion-panel panel-default panel-ead24338c70e8a89a fusion-toggle-has-divider\" style=\"--awb-title-color:var(--awb-color8);\"><div class=\"panel-heading\"><h4 class=\"panel-title toggle\" id=\"toggle_ead24338c70e8a89a\"><a aria-expanded=\"false\" aria-controls=\"ead24338c70e8a89a\" role=\"button\" data-toggle=\"collapse\" data-target=\"#ead24338c70e8a89a\" href=\"#ead24338c70e8a89a\"><span class=\"fusion-toggle-icon-wrapper\" aria-hidden=\"true\"><i class=\"fa-fusion-box active-icon awb-icon-minus\" aria-hidden=\"true\"><\/i><i class=\"fa-fusion-box inactive-icon awb-icon-plus\" aria-hidden=\"true\"><\/i><\/span><span class=\"fusion-toggle-heading\">Points importants \u00e0 prendre en compte<\/span><\/a><\/h4><\/div><div id=\"ead24338c70e8a89a\" class=\"panel-collapse collapse \" aria-labelledby=\"toggle_ead24338c70e8a89a\"><div class=\"panel-body toggle-content fusion-clearfix\">\n<p>Si l\u2019enfant est n\u00e9 \u00e0 l\u2019ext\u00e9rieur du Canada et que vous ne pouvez pas obtenir de copie de son certificat de naissance aupr\u00e8s du pays de naissance, veuillez joindre une lettre expliquant pourquoi vous n\u2019avez pas pu l\u2019obtenir.<\/p>\n<p>Vous devez divulguer toute proc\u00e9dure judiciaire en cours portant sur la responsabilit\u00e9 parentale ou la responsabilit\u00e9 d\u00e9cisionnelle \u00e0 l\u2019\u00e9gard de votre enfant. Si une ordonnance parentale est en vigueur, vous devrez la joindre \u00e0 votre demande.<\/p>\n<p>Il est possible que vous deviez fournir d\u2019autres renseignements au cours du processus de demande. Les photocopies sont g\u00e9n\u00e9ralement accept\u00e9es, mais l\u2019\u00e9tat civil peut demander des copies originales ou certifi\u00e9es conformes.<\/p>\n<\/div><\/div><\/div><div class=\"fusion-panel panel-default panel-e3359f5e6a511d25c fusion-toggle-has-divider\" style=\"--awb-title-color:var(--awb-color8);\"><div class=\"panel-heading\"><h4 class=\"panel-title toggle\" id=\"toggle_e3359f5e6a511d25c\"><a aria-expanded=\"false\" aria-controls=\"e3359f5e6a511d25c\" role=\"button\" data-toggle=\"collapse\" data-target=\"#e3359f5e6a511d25c\" href=\"#e3359f5e6a511d25c\"><span class=\"fusion-toggle-icon-wrapper\" aria-hidden=\"true\"><i class=\"fa-fusion-box active-icon awb-icon-minus\" aria-hidden=\"true\"><\/i><i class=\"fa-fusion-box inactive-icon awb-icon-plus\" aria-hidden=\"true\"><\/i><\/span><span class=\"fusion-toggle-heading\">Lorsqu\u2019un parent refuse de consentir au changement de nom de l\u2019enfant<\/span><\/a><\/h4><\/div><div id=\"e3359f5e6a511d25c\" class=\"panel-collapse collapse \" aria-labelledby=\"toggle_e3359f5e6a511d25c\"><div class=\"panel-body toggle-content fusion-clearfix\">\n<p>Si l\u2019un des parents de l\u2019enfant refuse de consentir au changement de nom, le registraire g\u00e9n\u00e9ral ne peut pas donner suite \u00e0 la demande.<\/p>\n<p>Pour changer le nom d\u2019un enfant lorsque l\u2019un des parents s\u2019y oppose, vous devez d\u00e9poser un avis de demande aupr\u00e8s du tribunal. Vous devez faire la demande dans les <strong>90 jours<\/strong> suivant la r\u00e9ception de l\u2019avis indiquant que le registraire g\u00e9n\u00e9ral n\u2019a pas pu donner suite \u00e0 votre demande. Vous devez \u00e9galement signifier l\u2019avis de demande au registraire g\u00e9n\u00e9ral et \u00e0 l\u2019autre parent de votre enfant.<\/p>\n<p>Les deux parents devront ensuite compara\u00eetre devant le tribunal. Apr\u00e8s que chacun d\u2019eux aura eu l\u2019occasion de se faire entendre, un juge d\u00e9cidera si le changement de nom est dans l\u2019int\u00e9r\u00eat sup\u00e9rieur de l\u2019enfant.<\/p>\n<\/div><\/div><\/div><div class=\"fusion-panel panel-default panel-1f8d296be2b829210 fusion-toggle-has-divider\" style=\"--awb-title-color:var(--awb-color8);\"><div class=\"panel-heading\"><h4 class=\"panel-title toggle\" id=\"toggle_1f8d296be2b829210\"><a aria-expanded=\"false\" aria-controls=\"1f8d296be2b829210\" role=\"button\" data-toggle=\"collapse\" data-target=\"#1f8d296be2b829210\" href=\"#1f8d296be2b829210\"><span class=\"fusion-toggle-icon-wrapper\" aria-hidden=\"true\"><i class=\"fa-fusion-box active-icon awb-icon-minus\" aria-hidden=\"true\"><\/i><i class=\"fa-fusion-box inactive-icon awb-icon-plus\" aria-hidden=\"true\"><\/i><\/span><span class=\"fusion-toggle-heading\">Lorsque le registraire g\u00e9n\u00e9ral refuse une demande de changement de nom<\/span><\/a><\/h4><\/div><div id=\"1f8d296be2b829210\" class=\"panel-collapse collapse \" aria-labelledby=\"toggle_1f8d296be2b829210\"><div class=\"panel-body toggle-content fusion-clearfix\">\n<p>Le registraire peut \u00e9galement refuser une demande de changement de nom pour des raisons autres que l\u2019absence de consentement parental. Par exemple, il existe des r\u00e8gles concernant les noms valides au Nouveau-Brunswick, ou le registraire peut juger que le changement de nom n\u2019est pas dans l\u2019int\u00e9r\u00eat sup\u00e9rieur de l\u2019enfant.<\/p>\n<p>Si le registraire refuse votre demande, vous pouvez porter la d\u00e9cision en appel devant les tribunaux dans les <strong>30 jours<\/strong> et demander \u00e0 un juge de trancher.<\/p>\n<\/div><\/div><\/div><div class=\"fusion-panel panel-default panel-282b05b3ebd0ff835 fusion-toggle-has-divider\" style=\"--awb-title-color:var(--awb-color8);\"><div class=\"panel-heading\"><h4 class=\"panel-title toggle\" id=\"toggle_282b05b3ebd0ff835\"><a aria-expanded=\"false\" aria-controls=\"282b05b3ebd0ff835\" role=\"button\" data-toggle=\"collapse\" data-target=\"#282b05b3ebd0ff835\" href=\"#282b05b3ebd0ff835\"><span class=\"fusion-toggle-icon-wrapper\" aria-hidden=\"true\"><i class=\"fa-fusion-box active-icon awb-icon-minus\" aria-hidden=\"true\"><\/i><i class=\"fa-fusion-box inactive-icon awb-icon-plus\" aria-hidden=\"true\"><\/i><\/span><span class=\"fusion-toggle-heading\">Emp\u00eacher l\u2019autre parent de changer le nom de l\u2019enfant<\/span><\/a><\/h4><\/div><div id=\"282b05b3ebd0ff835\" class=\"panel-collapse collapse \" aria-labelledby=\"toggle_282b05b3ebd0ff835\"><div class=\"panel-body toggle-content fusion-clearfix\">\n<p><strong>Si votre nom figure sur le certificat de naissance<\/strong><\/p>\n<p>Si votre nom figure sur le certificat de naissance de votre enfant, l\u2019autre parent doit vous en informer officiellement avant de demander un changement de nom.<\/p>\n<p>Si vous souhaitez vous opposer au changement de nom, vous avez <strong>30 jours<\/strong> apr\u00e8s la r\u00e9ception de l\u2019avis pour envoyer une objection \u00e9crite au registraire g\u00e9n\u00e9ral. Celui-ci tiendra compte de votre objection avant de d\u00e9cider d\u2019approuver ou non le changement de nom. Si le registraire d\u00e9cide d\u2019autoriser le changement de nom malgr\u00e9 votre objection, vous pouvez vous adresser au tribunal et demander \u00e0 un juge de r\u00e9viser cette d\u00e9cision.<\/p>\n<p><strong>Si votre nom ne figure pas sur le certificat de naissance<\/strong><\/p>\n<p>Si votre nom ne figure pas sur le certificat de naissance de l\u2019enfant, le parent biologique peut demander un changement de nom sans votre consentement.<\/p>\n<p>Si le parent biologique vous a exclu du certificat de naissance \u00e0 la naissance de l\u2019enfant, vous pouvez demander au tribunal une ordonnance pour faire ajouter votre nom au registre des naissances. Le tribunal peut exiger un test de paternit\u00e9.<\/p>\n<p>Si votre nom ne figure pas encore sur le certificat de naissance, mais que vous savez qu\u2019une demande de changement de nom a d\u00e9j\u00e0 \u00e9t\u00e9 d\u00e9pos\u00e9e, vous pouvez vous y opposer par \u00e9crit dans les <strong>14 jours<\/strong> suivant le d\u00e9p\u00f4t de la demande. Vous devez d\u00e9montrer au registraire g\u00e9n\u00e9ral que vous avez de bonnes raisons d\u2019\u00eatre impliqu\u00e9 dans la d\u00e9cision. Si le registraire d\u00e9cide d\u2019autoriser le changement de nom malgr\u00e9 votre objection, vous pouvez vous adresser au tribunal dans les <strong>30 jours<\/strong> et demander \u00e0 un juge de r\u00e9viser cette d\u00e9cision.<\/p>\n<\/div><\/div><\/div><div class=\"fusion-panel panel-default panel-b5dbb3831c9f0501e fusion-toggle-has-divider\" style=\"--awb-title-color:var(--awb-color8);\"><div class=\"panel-heading\"><h4 class=\"panel-title toggle\" id=\"toggle_b5dbb3831c9f0501e\"><a aria-expanded=\"false\" aria-controls=\"b5dbb3831c9f0501e\" role=\"button\" data-toggle=\"collapse\" data-target=\"#b5dbb3831c9f0501e\" href=\"#b5dbb3831c9f0501e\"><span class=\"fusion-toggle-icon-wrapper\" aria-hidden=\"true\"><i class=\"fa-fusion-box active-icon awb-icon-minus\" aria-hidden=\"true\"><\/i><i class=\"fa-fusion-box inactive-icon awb-icon-plus\" aria-hidden=\"true\"><\/i><\/span><span class=\"fusion-toggle-heading\">Un changement de nom n\u2019a aucune incidence sur les droits et obligations parentaux<\/span><\/a><\/h4><\/div><div id=\"b5dbb3831c9f0501e\" class=\"panel-collapse collapse \" aria-labelledby=\"toggle_b5dbb3831c9f0501e\"><div class=\"panel-body toggle-content fusion-clearfix\">\n<p>Le changement de nom de votre enfant n\u2019a aucune incidence sur vos droits et obligations parentaux. Votre obligation de verser une pension alimentaire pour enfant, ainsi que vos temps parentaux ne changeront pas du seul fait que le nom de l\u2019enfant a \u00e9t\u00e9 modifi\u00e9.<\/p>\n<\/div><\/div><\/div><\/div><\/div><\/div><\/div><\/div><\/div><\/p>\n","protected":false},"excerpt":{"rendered":"","protected":false},"author":1,"featured_media":0,"parent":197,"menu_order":0,"comment_status":"closed","ping_status":"closed","template":"","meta":{"footnotes":""},"class_list":["post-858","page","type-page","status-publish","hentry"],"_links":{"self":[{"href":"https:\/\/familylawnb.ca\/fr\/wp-json\/wp\/v2\/pages\/858","targetHints":{"allow":["GET"]}}],"collection":[{"href":"https:\/\/familylawnb.ca\/fr\/wp-json\/wp\/v2\/pages"}],"about":[{"href":"https:\/\/familylawnb.ca\/fr\/wp-json\/wp\/v2\/types\/page"}],"author":[{"embeddable":true,"href":"https:\/\/familylawnb.ca\/fr\/wp-json\/wp\/v2\/users\/1"}],"replies":[{"embeddable":true,"href":"https:\/\/familylawnb.ca\/fr\/wp-json\/wp\/v2\/comments?post=858"}],"version-history":[{"count":3,"href":"https:\/\/familylawnb.ca\/fr\/wp-json\/wp\/v2\/pages\/858\/revisions"}],"predecessor-version":[{"id":931,"href":"https:\/\/familylawnb.ca\/fr\/wp-json\/wp\/v2\/pages\/858\/revisions\/931"}],"up":[{"embeddable":true,"href":"https:\/\/familylawnb.ca\/fr\/wp-json\/wp\/v2\/pages\/197"}],"wp:attachment":[{"href":"https:\/\/familylawnb.ca\/fr\/wp-json\/wp\/v2\/media?parent=858"}],"curies":[{"name":"wp","href":"https:\/\/api.w.org\/{rel}","templated":true}]}}