{"id":942,"date":"2026-04-13T21:23:29","date_gmt":"2026-04-13T21:23:29","guid":{"rendered":"https:\/\/familylawnb.ca\/?page_id=942"},"modified":"2026-04-14T11:38:31","modified_gmt":"2026-04-14T11:38:31","slug":"obtenir-son-propre-divorce","status":"publish","type":"page","link":"https:\/\/familylawnb.ca\/fr\/info-legale\/separation-et-divorce-apercu\/obtenir-son-propre-divorce\/","title":{"rendered":"Obtenir son propre divorce"},"content":{"rendered":"<p><div class=\"fusion-fullwidth fullwidth-box fusion-builder-row-1 fusion-flex-container has-pattern-background has-mask-background nonhundred-percent-fullwidth non-hundred-percent-height-scrolling\" style=\"--awb-border-radius-top-left:0px;--awb-border-radius-top-right:0px;--awb-border-radius-bottom-right:0px;--awb-border-radius-bottom-left:0px;--awb-flex-wrap:wrap;\" ><div class=\"fusion-builder-row fusion-row fusion-flex-align-items-flex-start fusion-flex-content-wrap\" style=\"max-width:1729.52px;margin-left: calc(-4% \/ 2 );margin-right: calc(-4% \/ 2 );\"><div class=\"fusion-layout-column fusion_builder_column fusion-builder-column-0 fusion_builder_column_1_1 1_1 fusion-flex-column\" style=\"--awb-bg-size:cover;--awb-width-large:100%;--awb-margin-top-large:0px;--awb-spacing-right-large:1.92%;--awb-margin-bottom-large:20px;--awb-spacing-left-large:1.92%;--awb-width-medium:100%;--awb-order-medium:0;--awb-spacing-right-medium:1.92%;--awb-spacing-left-medium:1.92%;--awb-width-small:100%;--awb-order-small:0;--awb-spacing-right-small:1.92%;--awb-spacing-left-small:1.92%;\"><div class=\"fusion-column-wrapper fusion-column-has-shadow fusion-flex-justify-content-flex-start fusion-content-layout-column\"><div class=\"fusion-title title fusion-title-1 fusion-sep-none fusion-title-text fusion-title-size-one\"><h1 class=\"fusion-title-heading title-heading-left\" style=\"margin:0;\">Obtenir son propre divorce<\/h1><\/div><\/div><\/div><\/div><\/div><div class=\"fusion-fullwidth fullwidth-box fusion-builder-row-2 fusion-flex-container has-pattern-background has-mask-background nonhundred-percent-fullwidth non-hundred-percent-height-scrolling\" style=\"--awb-border-radius-top-left:0px;--awb-border-radius-top-right:0px;--awb-border-radius-bottom-right:0px;--awb-border-radius-bottom-left:0px;--awb-flex-wrap:wrap;\" ><div class=\"fusion-builder-row fusion-row fusion-flex-align-items-flex-start fusion-flex-content-wrap\" style=\"max-width:1729.52px;margin-left: calc(-4% \/ 2 );margin-right: calc(-4% \/ 2 );\"><div class=\"fusion-layout-column fusion_builder_column fusion-builder-column-1 fusion_builder_column_1_1 1_1 fusion-flex-column\" style=\"--awb-bg-size:cover;--awb-width-large:100%;--awb-margin-top-large:0px;--awb-spacing-right-large:1.92%;--awb-margin-bottom-large:20px;--awb-spacing-left-large:1.92%;--awb-width-medium:100%;--awb-order-medium:0;--awb-spacing-right-medium:1.92%;--awb-spacing-left-medium:1.92%;--awb-width-small:100%;--awb-order-small:0;--awb-spacing-right-small:1.92%;--awb-spacing-left-small:1.92%;\"><div class=\"fusion-column-wrapper fusion-column-has-shadow fusion-flex-justify-content-flex-start fusion-content-layout-column\"><div class=\"fusion-text fusion-text-1\"><p>Si vous souhaitez d\u00e9poser une proc\u00e9dure de divorce non contest\u00e9 au Nouveau-Brunswick, vous pouvez effectuer les d\u00e9marches vous-m\u00eame, sans avoir recours \u00e0 un avocat. Le SPEIJ NB a cr\u00e9\u00e9 un guide pour vous aider \u00e0 comprendre les \u00e9tapes \u00e0 suivre et les documents \u00e0 soumettre \u00e0 la cour.<\/p>\n<p>\u00ab Non contest\u00e9 \u00bb signifie que vous et votre ex-conjoint n\u2019avez aucun d\u00e9saccord juridique \u00e0 r\u00e9gler \u2013 par exemple\u00a0:<\/p>\n<ul>\n<li>Soit vous n\u2019avez pas d\u2019enfants, soit vous \u00eates d\u00e9j\u00e0 parvenus \u00e0 un accord concernant les arrangements parentaux et de la pension alimentaire.<\/li>\n<li>Vous ne poss\u00e9dez aucun bien en commun, ou vous avez d\u00e9j\u00e0 convenu du partage de vos biens communs.<\/li>\n<\/ul>\n<p>Le guide <a href=\"https:\/\/pomis.legalinfonb.ca\/publication-files\/Doing_Divroce_FR.pdf\" target=\"_blank\" rel=\"noopener\">Obtenir son propre divorce<\/a> offre un aper\u00e7u du processus, explique les formulaires requis, et d\u00e9crit les \u00e9tapes a suivre pour que la cour accord le divorce.<\/p>\n<\/div><\/div><\/div><div class=\"fusion-layout-column fusion_builder_column fusion-builder-column-2 fusion_builder_column_1_1 1_1 fusion-flex-column\" style=\"--awb-bg-size:cover;--awb-width-large:100%;--awb-margin-top-large:0px;--awb-spacing-right-large:1.92%;--awb-margin-bottom-large:20px;--awb-spacing-left-large:1.92%;--awb-width-medium:100%;--awb-order-medium:0;--awb-spacing-right-medium:1.92%;--awb-spacing-left-medium:1.92%;--awb-width-small:100%;--awb-order-small:0;--awb-spacing-right-small:1.92%;--awb-spacing-left-small:1.92%;\"><div class=\"fusion-column-wrapper fusion-column-has-shadow fusion-flex-justify-content-flex-start fusion-content-layout-column\"><div class=\"accordian fusion-accordian\" style=\"--awb-border-size:1px;--awb-icon-size:36px;--awb-content-font-size:20px;--awb-icon-alignment:right;--awb-hover-color:var(--awb-color2);--awb-border-color:var(--awb-color2);--awb-background-color:var(--awb-color1);--awb-divider-color:var(--awb-color2);--awb-divider-hover-color:var(--awb-color2);--awb-icon-color:var(--awb-color2);--awb-title-color:var(--awb-color8);--awb-content-color:var(--awb-color8);--awb-icon-box-color:var(--awb-color8);--awb-toggle-hover-accent-color:var(--awb-color2);--awb-title-font-family:&quot;Montserrat&quot;;--awb-title-font-weight:700;--awb-title-font-style:normal;--awb-title-font-size:26px;--awb-content-font-family:&quot;Open Sans&quot;;--awb-content-font-style:normal;--awb-content-font-weight:400;\"><div class=\"panel-group fusion-toggle-icon-right fusion-toggle-icon-boxed\" id=\"accordion-942-1\"><div class=\"fusion-panel panel-default panel-c51ebaf0e7bcf72a8 fusion-toggle-has-divider\" style=\"--awb-title-color:var(--awb-color8);\"><div class=\"panel-heading\"><h4 class=\"panel-title toggle\" id=\"toggle_c51ebaf0e7bcf72a8\"><a aria-expanded=\"false\" aria-controls=\"c51ebaf0e7bcf72a8\" role=\"button\" data-toggle=\"collapse\" data-target=\"#c51ebaf0e7bcf72a8\" href=\"#c51ebaf0e7bcf72a8\"><span class=\"fusion-toggle-icon-wrapper\" aria-hidden=\"true\"><i class=\"fa-fusion-box active-icon awb-icon-minus\" aria-hidden=\"true\"><\/i><i class=\"fa-fusion-box inactive-icon awb-icon-plus\" aria-hidden=\"true\"><\/i><\/span><span class=\"fusion-toggle-heading\">Video : obtenir son propre divorce<\/span><\/a><\/h4><\/div><div id=\"c51ebaf0e7bcf72a8\" class=\"panel-collapse collapse \" aria-labelledby=\"toggle_c51ebaf0e7bcf72a8\"><div class=\"panel-body toggle-content fusion-clearfix\">\n<p>Le SPEIJ NB a cr\u00e9\u00e9 une vid\u00e9o pour vous aider \u00e0 comprendre les \u00e9tapes \u00e0 suivre pour compl\u00e9ter un divorce non contest\u00e9.<\/p>\n<p>La vid\u00e9o suivante pr\u00e9sente un aper\u00e7u des \u00e9tapes \u00e0 suivre, des documents requis et des conseils utiles pour les personnes qui effectuent ces d\u00e9marches sans l&rsquo;aide d&rsquo;un avocat.<\/p>\n<div class=\"fusion-video fusion-youtube\" style=\"--awb-max-width:600px;--awb-max-height:360px;\"><div class=\"video-shortcode\"><div class=\"fluid-width-video-wrapper\" style=\"padding-top:60%;\" ><iframe title=\"YouTube video player 1\" src=\"https:\/\/www.youtube.com\/embed\/70rjaHNv4H8?wmode=transparent&autoplay=0&oida=1\" width=\"600\" height=\"360\" allowfullscreen allow=\"autoplay; clipboard-write; encrypted-media; gyroscope; picture-in-picture;\"><\/iframe><\/div><\/div><\/div>\n<\/div><\/div><\/div><div class=\"fusion-panel panel-default panel-03e1a89dfee418bdd fusion-toggle-has-divider\" style=\"--awb-title-color:var(--awb-color8);\"><div class=\"panel-heading\"><h4 class=\"panel-title toggle\" id=\"toggle_03e1a89dfee418bdd\"><a aria-expanded=\"false\" aria-controls=\"03e1a89dfee418bdd\" role=\"button\" data-toggle=\"collapse\" data-target=\"#03e1a89dfee418bdd\" href=\"#03e1a89dfee418bdd\"><span class=\"fusion-toggle-icon-wrapper\" aria-hidden=\"true\"><i class=\"fa-fusion-box active-icon awb-icon-minus\" aria-hidden=\"true\"><\/i><i class=\"fa-fusion-box inactive-icon awb-icon-plus\" aria-hidden=\"true\"><\/i><\/span><span class=\"fusion-toggle-heading\">\u00c9tape 1 : Pr\u00e9paration de votre requ\u00eate en divorce<\/span><\/a><\/h4><\/div><div id=\"03e1a89dfee418bdd\" class=\"panel-collapse collapse \" aria-labelledby=\"toggle_03e1a89dfee418bdd\"><div class=\"panel-body toggle-content fusion-clearfix\">\n<p>Si vous d\u00e9posez votre demande dans la <a href=\"https:\/\/legalinfonb.ca\/fr\/info-legale\/cours-tribunaux\/les-circonscriptions-judiciaires\/?pub_id=null\" target=\"_blank\" rel=\"noopener\">circonscription judiciaire<\/a> de Bathurst, Campbellton, Edmundston, Fredericton, Miramichi, ou Woodstock \u2013 se servir de la <a href=\"https:\/\/www.pxw1.snb.ca\/snb7001\/b\/1000\/FORM-fillable-72a-b.pdf\" target=\"_blank\" rel=\"noopener\">formule 72A<\/a>.<\/p>\n<p>Si vous et votre ex-conjoint d\u00e9posez votre demande ensemble dans la <a href=\"https:\/\/legalinfonb.ca\/fr\/info-legale\/cours-tribunaux\/les-circonscriptions-judiciaires\/?pub_id=null\" target=\"_blank\" rel=\"noopener\">circonscription judiciaire<\/a> de \u00a0Bathurst, Campbellton, Edmundston, Fredericton, Miramichi, ou Woodstock \u2013 se servir de la <a href=\"https:\/\/www.pxw1.snb.ca\/snb7001\/f\/1000\/FORM-fillable-72b-f.pdf\" target=\"_blank\" rel=\"noopener\">formule 72B<\/a>.<\/p>\n<p>Si vous habitez la <a href=\"https:\/\/legalinfonb.ca\/fr\/info-legale\/cours-tribunaux\/les-circonscriptions-judiciaires\/?pub_id=null\" target=\"_blank\" rel=\"noopener\">circonscription judiciaire<\/a> de Saint-Jean ou Moncton, vous devez utiliser la <a href=\"https:\/\/www.pxw1.snb.ca\/snb7001\/b\/1000\/FORM-fillable-81a-b.pdf\" target=\"_blank\" rel=\"noopener\">formule 81A<\/a>. Il n\u2019existe aucune requ\u00eate conjointe en divorce dans ces r\u00e9gions.<\/p>\n<\/div><\/div><\/div><div class=\"fusion-panel panel-default panel-556d03b32677b4348 fusion-toggle-has-divider\" style=\"--awb-title-color:var(--awb-color8);\"><div class=\"panel-heading\"><h4 class=\"panel-title toggle\" id=\"toggle_556d03b32677b4348\"><a aria-expanded=\"false\" aria-controls=\"556d03b32677b4348\" role=\"button\" data-toggle=\"collapse\" data-target=\"#556d03b32677b4348\" href=\"#556d03b32677b4348\"><span class=\"fusion-toggle-icon-wrapper\" aria-hidden=\"true\"><i class=\"fa-fusion-box active-icon awb-icon-minus\" aria-hidden=\"true\"><\/i><i class=\"fa-fusion-box inactive-icon awb-icon-plus\" aria-hidden=\"true\"><\/i><\/span><span class=\"fusion-toggle-heading\">\u00c9tape 2 : D\u00e9p\u00f4t de votre requ\u00eate en divorce et annexes<\/span><\/a><\/h4><\/div><div id=\"556d03b32677b4348\" class=\"panel-collapse collapse \" aria-labelledby=\"toggle_556d03b32677b4348\"><div class=\"panel-body toggle-content fusion-clearfix\">\n<p>L\u2019envoyer ou le remettre a:<\/p>\n<p style=\"padding-left: 40px;\">Registraire, Cour du Banc du Roi,<br \/>\nP.O. Box 6000<br \/>\n427 rue Queen, pi\u00e8ce 202<br \/>\nFredericton, NB E3B 5H1<\/p>\n<p>Attendez que le Bureau du registraire vous retourne la requ\u00eate originale avec un num\u00e9ro de dossier. Cela pourrait prendre jusqu\u2019\u00e0 2 \u00e0 3 semaines d\u2019attente.<\/p>\n<ul>\n<li>Exemple d&rsquo;une\u00a0<a href=\"https:\/\/familylawnb.ca\/wp-content\/uploads\/2026\/02\/divorce_guide_2_coverletter_FR.pdf\" target=\"_blank\" rel=\"noopener\">Lettre d\u2019envoi des documents<\/a> rempli<\/li>\n<\/ul>\n<\/div><\/div><\/div><div class=\"fusion-panel panel-default panel-e351f48ad728ca1f7 fusion-toggle-has-divider\" style=\"--awb-title-color:var(--awb-color8);\"><div class=\"panel-heading\"><h4 class=\"panel-title toggle\" id=\"toggle_e351f48ad728ca1f7\"><a aria-expanded=\"false\" aria-controls=\"e351f48ad728ca1f7\" role=\"button\" data-toggle=\"collapse\" data-target=\"#e351f48ad728ca1f7\" href=\"#e351f48ad728ca1f7\"><span class=\"fusion-toggle-icon-wrapper\" aria-hidden=\"true\"><i class=\"fa-fusion-box active-icon awb-icon-minus\" aria-hidden=\"true\"><\/i><i class=\"fa-fusion-box inactive-icon awb-icon-plus\" aria-hidden=\"true\"><\/i><\/span><span class=\"fusion-toggle-heading\">\u00c9tape 3 : Signification de votre requ\u00eate en divorce et des annexes \u00e0 votre \u00e9poux<\/span><\/a><\/h4><\/div><div id=\"e351f48ad728ca1f7\" class=\"panel-collapse collapse \" aria-labelledby=\"toggle_e351f48ad728ca1f7\"><div class=\"panel-body toggle-content fusion-clearfix\">\n<p>Vous ne pouvez le faire vous-m\u00eame : demandez \u00e0 un autre adulte ou \u00e0 un huissier de la signifier, ou servez-vous du courrier recommand\u00e9 ou d\u2019un service de messagerie.<\/p>\n<p>Vous devez signifier la requ\u00eate \u00e0 votre \u00e9poux dans les six mois.<\/p>\n<p>Attendez que la partie intim\u00e9e (votre \u00e9poux) vous r\u00e9ponde. Le d\u00e9lai autoris\u00e9 varie selon le lieu de r\u00e9sidence de l\u2019\u00e9poux.<\/p>\n<p>Vous devez pr\u00e9parer un affidavit de signification\u00a0:<\/p>\n<p><strong>Affidavit de signification<\/strong>: <a href=\"https:\/\/www2.gnb.ca\/content\/dam\/gnb\/Departments\/ag-pg\/PDF\/Forms\/FORM-18b-f.pdf\" target=\"_blank\" rel=\"noopener\">Formule 18B<\/a><\/p>\n<ul>\n<li>Exemple d&rsquo;un <a href=\"https:\/\/familylawnb.ca\/wp-content\/uploads\/2026\/02\/divorce_guide_3_form_18b_affid_personal_service_FR.pdf\" target=\"_blank\" rel=\"noopener\">Affidavit de signification-Signification personnelle<\/a> rempli<\/li>\n<li>Exemple d\u2019un <a href=\"https:\/\/familylawnb.ca\/wp-content\/uploads\/2026\/02\/divorce_guide_4_form_18b_affid_registered_mail_FR.pdf\" target=\"_blank\" rel=\"noopener\">Affidavit de Signification par courrier recommand\u00e9<\/a> rempli<\/li>\n<\/ul>\n<p><strong>Carte d\u2019accus\u00e9 de r\u00e9ception: <\/strong><a href=\"https:\/\/www.pxw1.snb.ca\/snb7001\/f\/1000\/Form_18A-F.pdf\" target=\"_blank\" rel=\"noopener\">Formule 18A<\/a><\/p>\n<ul>\n<li>Exemple d&rsquo;une\u00a0<a href=\"https:\/\/familylawnb.ca\/wp-content\/uploads\/2026\/02\/divorce_guide_5_form_18a_acknowledgment_of_receipt_FR.pdf\" target=\"_blank\" rel=\"noopener\">Carte d\u2019accus\u00e9 de r\u00e9ception<\/a> rempli<\/li>\n<\/ul>\n<\/div><\/div><\/div><div class=\"fusion-panel panel-default panel-0ab69ff07e50e499c fusion-toggle-has-divider\" style=\"--awb-title-color:var(--awb-color8);\"><div class=\"panel-heading\"><h4 class=\"panel-title toggle\" id=\"toggle_0ab69ff07e50e499c\"><a aria-expanded=\"false\" aria-controls=\"0ab69ff07e50e499c\" role=\"button\" data-toggle=\"collapse\" data-target=\"#0ab69ff07e50e499c\" href=\"#0ab69ff07e50e499c\"><span class=\"fusion-toggle-icon-wrapper\" aria-hidden=\"true\"><i class=\"fa-fusion-box active-icon awb-icon-minus\" aria-hidden=\"true\"><\/i><i class=\"fa-fusion-box inactive-icon awb-icon-plus\" aria-hidden=\"true\"><\/i><\/span><span class=\"fusion-toggle-heading\">\u00c9tape 4 : Pr\u00e9paration de votre dossier<\/span><\/a><\/h4><\/div><div id=\"0ab69ff07e50e499c\" class=\"panel-collapse collapse \" aria-labelledby=\"toggle_0ab69ff07e50e499c\"><div class=\"panel-body toggle-content fusion-clearfix\">\n<p>Il s\u2019agit d\u2019une liasse de tous les documents pertinents \u00e0 d\u00e9poser aupr\u00e8s du tribunal pour \u00e9tablir que vous avez franchi les \u00e9tapes obligatoires d\u2019une proc\u00e9dure de divorce (table des mati\u00e8res, affidavits, preuve de signification, requ\u00eate originale, toutes les annexes, etc.).<\/p>\n<p>Vous devez d\u00e9cider entre la d\u00e9position par affidavit ou l\u2019audience du tribunal. Les divorces non contest\u00e9s sont g\u00e9n\u00e9ralement entendus par affidavit.<\/p>\n<p>Attendez votre certificat de mise \u00e0 jour, que le Bureau d\u2019enregistrement des actions en divorce \u00e0 Ottawa vous enverra par l\u2019interm\u00e9diaire du registraire. Cela pourrait prendre jusqu\u2019\u00e0 2 \u00e0 3 mois d\u2019attente.<\/p>\n<p><strong>Vous devez pr\u00e9parer les formules suivantes\u00a0:<\/strong><\/p>\n<ul>\n<li>Certificat de mise en \u00e9tat (<a href=\"https:\/\/www.pxw1.snb.ca\/snb7001\/f\/1000\/Formule_47B.pdf\" target=\"_blank\" rel=\"noopener\">Formule 47B<\/a>) \u2013 Exemple d&rsquo;un <a href=\"https:\/\/familylawnb.ca\/wp-content\/uploads\/2026\/02\/divorce_guide_10_form_47b_cert_affid_evidence_FR.pdf\" target=\"_blank\" rel=\"noopener\">Certificat de mise en \u00e9tat \u2013 Preuve par affidavit<\/a> rempli<\/li>\n<li>Demande de divorce<strong>: <\/strong><a href=\"https:\/\/www.pxw1.snb.ca\/snb7001\/f\/1000\/Form_72K-F.pdf\" target=\"_blank\" rel=\"noopener\">Formule 72K<\/a> \u2013 Exemple d&rsquo;une\u00a0<a href=\"https:\/\/familylawnb.ca\/wp-content\/uploads\/2026\/02\/divorce_guide_14_form_72k_FR.pdf\" target=\"_blank\" rel=\"noopener\">Demande de divorce<\/a> rempli<\/li>\n<li>Optionnel\u00a0: Entente des \u00e9poux de ne pas interjeter appel (<a href=\"https:\/\/www.pxw1.snb.ca\/snb7001\/f\/1000\/CSS-FOL-SNB-45-9042f.pdf\" target=\"_blank\" rel=\"noopener\">Formule 72L<\/a>) \u2013 Exemple d&rsquo;une\u00a0<a href=\"https:\/\/familylawnb.ca\/wp-content\/uploads\/2026\/02\/divorce_guide_15_form_72l_FR.pdf\" target=\"_blank\" rel=\"noopener\">Entente des \u00e9poux de ne pas interjeter appel<\/a> rempli<\/li>\n<\/ul>\n<p><strong>Autres documents<\/strong>:<\/p>\n<ul>\n<li>Exemple d&rsquo;une\u00a0<a href=\"https:\/\/familylawnb.ca\/wp-content\/uploads\/2026\/02\/divorce_guide_6_coverletter_trial_FR.pdf\" target=\"_blank\" rel=\"noopener\">Lettre d\u2019envoi du dossier<\/a> rempli<\/li>\n<li>Exemple d&rsquo;un\u00a0<a href=\"https:\/\/familylawnb.ca\/wp-content\/uploads\/2026\/02\/divorce_guide_7_cover_page_trial_record_FR.pdf\" target=\"_blank\" rel=\"noopener\">Page couverture du dossier<\/a> rempli<\/li>\n<li>Exemple d&rsquo;une <a href=\"https:\/\/familylawnb.ca\/wp-content\/uploads\/2026\/02\/Modele_8_Table_des_matieres_du_dossier_FR.pdf\" target=\"_blank\" rel=\"noopener\">Table des mati\u00e8res du dossier- Preuve par affidavit<\/a> rempli<\/li>\n<li>Exemple d&rsquo;une\u00a0\u00a0<a href=\"https:\/\/familylawnb.ca\/wp-content\/uploads\/2026\/02\/divorce_guide_12_affidavit_evidence_one_spouse_FR.pdf\" target=\"_blank\" rel=\"noopener\">Preuve par affidavit (Pour une requ\u00eate en divorce par l\u2019un des \u00e9poux)<\/a> rempli<\/li>\n<li>Exemple d&rsquo;un\u00a0<a href=\"https:\/\/familylawnb.ca\/wp-content\/uploads\/2026\/02\/divorce_guide_13_affid_support_joint_FR.pdf\" target=\"_blank\" rel=\"noopener\">Affidavit-\u00c0 l\u2019appui de la Requ\u00eate conjointe<\/a> rempli<\/li>\n<li>Exemple d&rsquo;un\u00a0<a href=\"https:\/\/www.pxw1.snb.ca\/snb7001\/f\/1000\/CSS-FOL-SNB-45-0166F.pdf\" target=\"_blank\" rel=\"noopener\">Avis d\u2019intention de se repr\u00e9senter soi-m\u00eame<\/a> rempli<\/li>\n<\/ul>\n<\/div><\/div><\/div><div class=\"fusion-panel panel-default panel-73b05f1acb091a34f fusion-toggle-has-divider\" style=\"--awb-title-color:var(--awb-color8);\"><div class=\"panel-heading\"><h4 class=\"panel-title toggle\" id=\"toggle_73b05f1acb091a34f\"><a aria-expanded=\"false\" aria-controls=\"73b05f1acb091a34f\" role=\"button\" data-toggle=\"collapse\" data-target=\"#73b05f1acb091a34f\" href=\"#73b05f1acb091a34f\"><span class=\"fusion-toggle-icon-wrapper\" aria-hidden=\"true\"><i class=\"fa-fusion-box active-icon awb-icon-minus\" aria-hidden=\"true\"><\/i><i class=\"fa-fusion-box inactive-icon awb-icon-plus\" aria-hidden=\"true\"><\/i><\/span><span class=\"fusion-toggle-heading\">\u00c9tape 5 : D\u00e9p\u00f4t de votre dossier<\/span><\/a><\/h4><\/div><div id=\"73b05f1acb091a34f\" class=\"panel-collapse collapse \" aria-labelledby=\"toggle_73b05f1acb091a34f\"><div class=\"panel-body toggle-content fusion-clearfix\">\n<p>Quand vous avez re\u00e7u votre certificat de mise \u00e0 jour et pr\u00e9par\u00e9 tous les documents voulus, vous \u00eates pr\u00eat \u00e0 d\u00e9poser le dossier.<\/p>\n<p>Une fois votre affidavit de la partie requ\u00e9rante asserment\u00e9 devant un commissaire aux serments, vous devez d\u00e9poser votre dossier dans les cinq jours. Vous disposez de 14 jours s\u2019il s\u2019agit d\u2019une requ\u00eate conjointe.<\/p>\n<p>L\u2019envoyer ou l\u2019amener \u00e0 l\u2019Administrateur du tribunal, Cour du Banc du Roi, Division de la Famille dans <strong>votre<\/strong> circonscription judiciaire.\u00a0 <strong>\u00c0 ne pas d\u00e9poser sans votre certificat de mise \u00e0 jour.<\/strong><\/p>\n<p>Attendez votre jugement de divorce. Cela pourrait prendre jusqu\u2019\u00e0 4 \u00e0 6 semaines pour un divorce non contest\u00e9; plus encore en pr\u00e9sence d\u2019erreurs ou d\u2019omissions, ou s\u2019il faut une audition du tribunal.<\/p>\n<\/div><\/div><\/div><div class=\"fusion-panel panel-default panel-3405d17ee40c6e462 fusion-toggle-has-divider\" style=\"--awb-title-color:var(--awb-color8);\"><div class=\"panel-heading\"><h4 class=\"panel-title toggle\" id=\"toggle_3405d17ee40c6e462\"><a aria-expanded=\"false\" aria-controls=\"3405d17ee40c6e462\" role=\"button\" data-toggle=\"collapse\" data-target=\"#3405d17ee40c6e462\" href=\"#3405d17ee40c6e462\"><span class=\"fusion-toggle-icon-wrapper\" aria-hidden=\"true\"><i class=\"fa-fusion-box active-icon awb-icon-minus\" aria-hidden=\"true\"><\/i><i class=\"fa-fusion-box inactive-icon awb-icon-plus\" aria-hidden=\"true\"><\/i><\/span><span class=\"fusion-toggle-heading\">\u00c9tape 6 : Obtention de votre jugement de divorce<\/span><\/a><\/h4><\/div><div id=\"3405d17ee40c6e462\" class=\"panel-collapse collapse \" aria-labelledby=\"toggle_3405d17ee40c6e462\"><div class=\"panel-body toggle-content fusion-clearfix\">\n<p>Il s\u2019agit d\u2019une d\u00e9cision initiale approuvant votre divorce.<\/p>\n<p>Votre divorce prend effet le 31e jour suivant la date du jugement (sauf si l\u2019un des \u00e9poux fait appel) ou imm\u00e9diatement si le juge l\u2019ordonne.<\/p>\n<p>Le jugement de divorce <strong>n\u2019est pas<\/strong> une preuve de divorce, mais une notification de la date de prise d\u2019effet de votre divorce.<\/p>\n<\/div><\/div><\/div><div class=\"fusion-panel panel-default panel-fa637918bf33fa993 fusion-toggle-has-divider\" style=\"--awb-title-color:var(--awb-color8);\"><div class=\"panel-heading\"><h4 class=\"panel-title toggle\" id=\"toggle_fa637918bf33fa993\"><a aria-expanded=\"false\" aria-controls=\"fa637918bf33fa993\" role=\"button\" data-toggle=\"collapse\" data-target=\"#fa637918bf33fa993\" href=\"#fa637918bf33fa993\"><span class=\"fusion-toggle-icon-wrapper\" aria-hidden=\"true\"><i class=\"fa-fusion-box active-icon awb-icon-minus\" aria-hidden=\"true\"><\/i><i class=\"fa-fusion-box inactive-icon awb-icon-plus\" aria-hidden=\"true\"><\/i><\/span><span class=\"fusion-toggle-heading\">\u00c9tape 7 : Demande de certificat de divorce<\/span><\/a><\/h4><\/div><div id=\"fa637918bf33fa993\" class=\"panel-collapse collapse \" aria-labelledby=\"toggle_fa637918bf33fa993\"><div class=\"panel-body toggle-content fusion-clearfix\">\n<p>Le certificat de divorce constitue votre preuve de divorce. Vous devez attendre la fin du d\u00e9lai d&rsquo;appel de 30 jours pour demander votre certificat de divorce.<\/p>\n<p>Il n\u2019est pas automatiquement envoy\u00e9. Vous pouvez en faire la demande 31 jours apr\u00e8s la date du jugement de divorce.<\/p>\n<p>Pr\u00e9sentez votre demande au bureau du registraire \u00e0 Fredericton ou \u00e0 tout bureau de SNB, OU encore commandez-le <a href=\"https:\/\/www.pxw1.snb.ca\/snb9000\/product.aspx?productid=A001P453804&amp;l=f\" target=\"_blank\" rel=\"noopener\">en ligne<\/a>. Des frais de 7 $ sont \u00e0 payer.<\/p>\n<\/div><\/div><\/div><\/div><\/div><\/div><\/div><\/div><\/div><\/p>\n","protected":false},"excerpt":{"rendered":"","protected":false},"author":1,"featured_media":0,"parent":182,"menu_order":0,"comment_status":"closed","ping_status":"closed","template":"","meta":{"footnotes":""},"class_list":["post-942","page","type-page","status-publish","hentry"],"_links":{"self":[{"href":"https:\/\/familylawnb.ca\/fr\/wp-json\/wp\/v2\/pages\/942","targetHints":{"allow":["GET"]}}],"collection":[{"href":"https:\/\/familylawnb.ca\/fr\/wp-json\/wp\/v2\/pages"}],"about":[{"href":"https:\/\/familylawnb.ca\/fr\/wp-json\/wp\/v2\/types\/page"}],"author":[{"embeddable":true,"href":"https:\/\/familylawnb.ca\/fr\/wp-json\/wp\/v2\/users\/1"}],"replies":[{"embeddable":true,"href":"https:\/\/familylawnb.ca\/fr\/wp-json\/wp\/v2\/comments?post=942"}],"version-history":[{"count":2,"href":"https:\/\/familylawnb.ca\/fr\/wp-json\/wp\/v2\/pages\/942\/revisions"}],"predecessor-version":[{"id":947,"href":"https:\/\/familylawnb.ca\/fr\/wp-json\/wp\/v2\/pages\/942\/revisions\/947"}],"up":[{"embeddable":true,"href":"https:\/\/familylawnb.ca\/fr\/wp-json\/wp\/v2\/pages\/182"}],"wp:attachment":[{"href":"https:\/\/familylawnb.ca\/fr\/wp-json\/wp\/v2\/media?parent=942"}],"curies":[{"name":"wp","href":"https:\/\/api.w.org\/{rel}","templated":true}]}}